{"id":22229,"date":"2024-07-11T10:29:11","date_gmt":"2024-07-11T10:29:11","guid":{"rendered":"https:\/\/para-pharmacity.tn\/?product=vital-pedia-anti-ballonn-sol-buv"},"modified":"2025-05-16T16:08:13","modified_gmt":"2025-05-16T16:08:13","slug":"vital-pedia-anti-ballonn-sol-buv","status":"publish","type":"product","link":"https:\/\/para-pharmacity.tn\/?product=vital-pedia-anti-ballonn-sol-buv","title":{"rendered":"VITAL PEDIA ANTI-BALLONN SOL BUV"},"content":{"rendered":"<p>P\u00e9diaKids antiballonnement est une solution buvable destin\u00e9e \u00e0 rem\u00e9dier aux probl\u00e8mes de ballonnement et de difficult\u00e9s de digestion que peuvent rencontrer les b\u00e9b\u00e9s et les enfants.<\/p>\n<div class=\"product-description\">\n<p>P\u00e9diaKids antiballonnement est une solution buvable destin\u00e9e \u00e0 rem\u00e9dier aux probl\u00e8mes de ballonnement et de difficult\u00e9s de digestion que peuvent rencontrer les b\u00e9b\u00e9s et les enfants au court de leur d\u00e9veloppement. Il est compos\u00e9 d&rsquo;actifs 100 % naturels qui agissent en synergie : c&rsquo;est l&rsquo;association de plantes chol\u00e9r\u00e9tique et cholagogues (qui favorisent respectivement : la production de bile par la v\u00e9sicule biliaire et l&rsquo;excr\u00e9tion de la bile) aux plantes carminatives afin de soulager des troubles gastriques. notamment la constipation.<\/p>\n<\/div>\n","protected":false},"excerpt":{"rendered":"<p>Gaz, ballonnements, coliques, inconforts digestifs, P\u00e9diaKids antiballonnement est la solution buvable destin\u00e9e \u00e0 rem\u00e9dier \u00e0 ces probl\u00e8mes. Pour les b\u00e9b\u00e9s d\u00e8s leurs naissance, il est compos\u00e9 d\u2019actifs 100% naturels qui agissent en synergie : c\u2019est l\u2019association de plantes chol\u00e9r\u00e9tique et cholagogues (qui favorisent respectivement : la production de bile par la v\u00e9sicule biliaire et l\u2019excr\u00e9tion de la bile) aux plantes carminatives afin de soulager des troubles gastriques, notamment la constipation.<\/p>\n","protected":false},"featured_media":26176,"comment_status":"open","ping_status":"closed","template":"","meta":[],"product_cat":[286],"product_tag":[],"class_list":{"0":"post-22229","1":"product","2":"type-product","3":"status-publish","4":"has-post-thumbnail","6":"product_cat-complement-alimentaire","8":"first","9":"instock","10":"shipping-taxable","11":"purchasable","12":"product-type-simple"},"jetpack_sharing_enabled":true,"_links":{"self":[{"href":"https:\/\/para-pharmacity.tn\/index.php?rest_route=\/wp\/v2\/product\/22229","targetHints":{"allow":["GET"]}}],"collection":[{"href":"https:\/\/para-pharmacity.tn\/index.php?rest_route=\/wp\/v2\/product"}],"about":[{"href":"https:\/\/para-pharmacity.tn\/index.php?rest_route=\/wp\/v2\/types\/product"}],"replies":[{"embeddable":true,"href":"https:\/\/para-pharmacity.tn\/index.php?rest_route=%2Fwp%2Fv2%2Fcomments&post=22229"}],"version-history":[{"count":2,"href":"https:\/\/para-pharmacity.tn\/index.php?rest_route=\/wp\/v2\/product\/22229\/revisions"}],"predecessor-version":[{"id":26177,"href":"https:\/\/para-pharmacity.tn\/index.php?rest_route=\/wp\/v2\/product\/22229\/revisions\/26177"}],"wp:featuredmedia":[{"embeddable":true,"href":"https:\/\/para-pharmacity.tn\/index.php?rest_route=\/wp\/v2\/media\/26176"}],"wp:attachment":[{"href":"https:\/\/para-pharmacity.tn\/index.php?rest_route=%2Fwp%2Fv2%2Fmedia&parent=22229"}],"wp:term":[{"taxonomy":"product_cat","embeddable":true,"href":"https:\/\/para-pharmacity.tn\/index.php?rest_route=%2Fwp%2Fv2%2Fproduct_cat&post=22229"},{"taxonomy":"product_tag","embeddable":true,"href":"https:\/\/para-pharmacity.tn\/index.php?rest_route=%2Fwp%2Fv2%2Fproduct_tag&post=22229"}],"curies":[{"name":"wp","href":"https:\/\/api.w.org\/{rel}","templated":true}]}}