{"id":22214,"date":"2024-07-11T10:29:04","date_gmt":"2024-07-11T10:29:04","guid":{"rendered":"https:\/\/para-pharmacity.tn\/?product=vital-oligovit-magnesium-30g"},"modified":"2025-05-21T09:31:24","modified_gmt":"2025-05-21T09:31:24","slug":"vital-oligovit-magnesium-30g","status":"publish","type":"product","link":"https:\/\/para-pharmacity.tn\/?product=vital-oligovit-magnesium-30g","title":{"rendered":"VITAL OLIGOVIT MAGNESIUM 30G"},"content":{"rendered":"<p>Le FATIGUE VITAL oligovit magnesium bt\/ 15 gelules est un compl\u00e9ment alimentaire essentiel pour r\u00e9duire la fatigue et maintenir un bon fonctionnement du syst\u00e8me nerveux. Ces g\u00e9lules contiennent du magn\u00e9sium, un min\u00e9ral indispensable pour de nombreuses fonctions vitales de l&rsquo;organisme, notamment pour la production d&rsquo;\u00e9nergie. Gr\u00e2ce \u00e0 sa formule hautement dos\u00e9e en magn\u00e9sium, ce produit est id\u00e9al pour les personnes souffrant de fatigue chronique, de stress ou de tensions musculaires. En prenant ces g\u00e9lules r\u00e9guli\u00e8rement, vous pouvez am\u00e9liorer votre bien-\u00eatre g\u00e9n\u00e9ral et retrouver rapidement de l&rsquo;\u00e9nergie au quotidien. N&rsquo;h\u00e9sitez plus et essayez le FATIGUE VITAL oligovit magnesium pour retrouver votre vitalit\u00e9 !<br \/>\n&#8211; Magn\u00e9sium<br \/>\n&#8211; Zinc<br \/>\n&#8211; Cuivre<br \/>\n&#8211; Mangan\u00e8se<br \/>\n&#8211; Vitamines B1, B2, B6, B9 et B12<br \/>\n&#8211; Taurine<br \/>\n&#8211; Coenzyme Q10<br \/>\n&#8211; Chrome<br \/>\n&#8211; S\u00e9l\u00e9nium<br \/>\nConseils d&rsquo;utilisation :<\/p>\n<p>Prendre 1 \u00e0 2 g\u00e9lules de FATIGUE VITAL oligovit magnesium par jour avec un verre d&rsquo;eau, de pr\u00e9f\u00e9rence le matin.<\/p>\n<p>Il est recommand\u00e9 de respecter la dose journali\u00e8re indiqu\u00e9e et de ne pas d\u00e9passer la dose recommand\u00e9e.<\/p>\n<p>Ce compl\u00e9ment alimentaire ne doit pas se substituer \u00e0 une alimentation vari\u00e9e et \u00e9quilibr\u00e9e ni \u00e0 un mode de vie sain.<\/p>\n<p>Tenir hors de port\u00e9e des enfants.<\/p>\n<p>Conservation : Conserver le produit dans un endroit sec et frais, \u00e0 l&rsquo;abri de la lumi\u00e8re.<\/p>\n<p>En cas de doute ou de traitement m\u00e9dical en cours, consultez un professionnel de sant\u00e9 avant de prendre ce compl\u00e9ment alimentaire.<\/p>\n","protected":false},"excerpt":{"rendered":"<p>Soutenir le fonctionnement normal des muscles et du syst\u00e8me nerveux.<\/p>\n","protected":false},"featured_media":26216,"comment_status":"open","ping_status":"closed","template":"","meta":[],"product_cat":[286],"product_tag":[],"class_list":{"0":"post-22214","1":"product","2":"type-product","3":"status-publish","4":"has-post-thumbnail","6":"product_cat-complement-alimentaire","8":"first","9":"instock","10":"shipping-taxable","11":"purchasable","12":"product-type-simple"},"jetpack_sharing_enabled":true,"_links":{"self":[{"href":"https:\/\/para-pharmacity.tn\/index.php?rest_route=\/wp\/v2\/product\/22214","targetHints":{"allow":["GET"]}}],"collection":[{"href":"https:\/\/para-pharmacity.tn\/index.php?rest_route=\/wp\/v2\/product"}],"about":[{"href":"https:\/\/para-pharmacity.tn\/index.php?rest_route=\/wp\/v2\/types\/product"}],"replies":[{"embeddable":true,"href":"https:\/\/para-pharmacity.tn\/index.php?rest_route=%2Fwp%2Fv2%2Fcomments&post=22214"}],"version-history":[{"count":2,"href":"https:\/\/para-pharmacity.tn\/index.php?rest_route=\/wp\/v2\/product\/22214\/revisions"}],"predecessor-version":[{"id":26217,"href":"https:\/\/para-pharmacity.tn\/index.php?rest_route=\/wp\/v2\/product\/22214\/revisions\/26217"}],"wp:featuredmedia":[{"embeddable":true,"href":"https:\/\/para-pharmacity.tn\/index.php?rest_route=\/wp\/v2\/media\/26216"}],"wp:attachment":[{"href":"https:\/\/para-pharmacity.tn\/index.php?rest_route=%2Fwp%2Fv2%2Fmedia&parent=22214"}],"wp:term":[{"taxonomy":"product_cat","embeddable":true,"href":"https:\/\/para-pharmacity.tn\/index.php?rest_route=%2Fwp%2Fv2%2Fproduct_cat&post=22214"},{"taxonomy":"product_tag","embeddable":true,"href":"https:\/\/para-pharmacity.tn\/index.php?rest_route=%2Fwp%2Fv2%2Fproduct_tag&post=22214"}],"curies":[{"name":"wp","href":"https:\/\/api.w.org\/{rel}","templated":true}]}}