{"id":22203,"date":"2024-07-11T10:29:00","date_gmt":"2024-07-11T10:29:00","guid":{"rendered":"https:\/\/para-pharmacity.tn\/?product=vital-creme-vitamine-a-45-g"},"modified":"2025-05-23T10:15:29","modified_gmt":"2025-05-23T10:15:29","slug":"vital-creme-vitamine-a-45-g","status":"publish","type":"product","link":"https:\/\/para-pharmacity.tn\/?product=vital-creme-vitamine-a-45-g","title":{"rendered":"VITAL CREME VITAMINE A 45 G"},"content":{"rendered":"<h2>VITAL CREME VITAMINE A 45G<\/h2>\n<p>VITAL CREME VITAMINE A 45G propose en traitement d\u2019appoint des dermites irritatives s\u00e8ches et fissuraires, notamment:<\/p>\n<ul>\n<li>crevasses, ger\u00e7ures, engelures,<\/li>\n<li>\u00e9ryth\u00e8mes solaires,<\/li>\n<li>\u00e9ryth\u00e8me fessier du nourrisson. utilise ,a titre d\u2019appoint, au stade de bourgeonnement dans les plaies superficielles peu \u00e9tendues, en l\u2019absence d\u2019activit\u00e9 sp\u00e9cifique actuel liement d\u00e9montr\u00e9e.<\/li>\n<\/ul>\n<h4><b>INDICATIONS<\/b><\/h4>\n<ul>\n<li>Eng\u00e9lure<\/li>\n<li>R\u00e9duit l\u2019apparation des rides<\/li>\n<li>Traite l\u2019acn\u00e9 chez les adolescents et les adultes<\/li>\n<li>R\u00e9gule la pigmentation<\/li>\n<li>Pr\u00e9vient les dommages cellulaires<\/li>\n<li>Soutient la sant\u00e9 de la peau<\/li>\n<li>Stimule la production de collag\u00e8ne<\/li>\n<\/ul>\n<h4><b>COMPOSITION<\/b><\/h4>\n<ul>\n<li>135 mg de Vitamine A)<\/li>\n<\/ul>\n<h4><b>CONSEILS D\u2019UTILISATION<\/b><\/h4>\n<table width=\"550\">\n<tbody>\n<tr>\n<td width=\"137\"><b>\u00c2GE<\/b><\/td>\n<td width=\"137\"><b>MATIN<\/b><\/td>\n<td width=\"137\"><b>MIDI<\/b><\/td>\n<td width=\"137\"><b>SOIR<\/b><\/td>\n<\/tr>\n<tr>\n<td width=\"137\">Adulte<\/td>\n<td width=\"137\">1 application<\/td>\n<td width=\"137\">\u00a0\u00a0\u00a0\u00a0\u00a0\u00a0\u00a0 \u2013<\/td>\n<td width=\"137\">1 application<\/td>\n<\/tr>\n<tr>\n<td colspan=\"4\" width=\"550\">En effectuant de l\u00e9gers mouvements de massage<\/td>\n<\/tr>\n<\/tbody>\n<\/table>\n","protected":false},"excerpt":{"rendered":"<p>Vitamine A cr\u00e8me est un soin tout doux qui assure un pouvoir r\u00e9parateur des dommages cutan\u00e9es<\/p>\n<p>Le r\u00e9tinol pr\u00e9sent dans cette cr\u00e8me va permettre de booster et de redensifier le derme er apporter une r\u00e9g\u00e9n\u00e9ration cellulaire<\/p>\n","protected":false},"featured_media":26321,"comment_status":"open","ping_status":"closed","template":"","meta":[],"product_cat":[350],"product_tag":[],"class_list":{"0":"post-22203","1":"product","2":"type-product","3":"status-publish","4":"has-post-thumbnail","6":"product_cat-beaute","8":"first","9":"instock","10":"shipping-taxable","11":"purchasable","12":"product-type-simple"},"jetpack_sharing_enabled":true,"_links":{"self":[{"href":"https:\/\/para-pharmacity.tn\/index.php?rest_route=\/wp\/v2\/product\/22203","targetHints":{"allow":["GET"]}}],"collection":[{"href":"https:\/\/para-pharmacity.tn\/index.php?rest_route=\/wp\/v2\/product"}],"about":[{"href":"https:\/\/para-pharmacity.tn\/index.php?rest_route=\/wp\/v2\/types\/product"}],"replies":[{"embeddable":true,"href":"https:\/\/para-pharmacity.tn\/index.php?rest_route=%2Fwp%2Fv2%2Fcomments&post=22203"}],"version-history":[{"count":2,"href":"https:\/\/para-pharmacity.tn\/index.php?rest_route=\/wp\/v2\/product\/22203\/revisions"}],"predecessor-version":[{"id":26322,"href":"https:\/\/para-pharmacity.tn\/index.php?rest_route=\/wp\/v2\/product\/22203\/revisions\/26322"}],"wp:featuredmedia":[{"embeddable":true,"href":"https:\/\/para-pharmacity.tn\/index.php?rest_route=\/wp\/v2\/media\/26321"}],"wp:attachment":[{"href":"https:\/\/para-pharmacity.tn\/index.php?rest_route=%2Fwp%2Fv2%2Fmedia&parent=22203"}],"wp:term":[{"taxonomy":"product_cat","embeddable":true,"href":"https:\/\/para-pharmacity.tn\/index.php?rest_route=%2Fwp%2Fv2%2Fproduct_cat&post=22203"},{"taxonomy":"product_tag","embeddable":true,"href":"https:\/\/para-pharmacity.tn\/index.php?rest_route=%2Fwp%2Fv2%2Fproduct_tag&post=22203"}],"curies":[{"name":"wp","href":"https:\/\/api.w.org\/{rel}","templated":true}]}}