{"id":22192,"date":"2024-07-11T10:28:55","date_gmt":"2024-07-11T10:28:55","guid":{"rendered":"https:\/\/para-pharmacity.tn\/?product=angicalm-m-gorge-reglisse-16-comprimes"},"modified":"2025-04-16T08:16:55","modified_gmt":"2025-04-16T08:16:55","slug":"angicalm-m-gorge-reglisse-16-comprimes","status":"publish","type":"product","link":"https:\/\/para-pharmacity.tn\/?product=angicalm-m-gorge-reglisse-16-comprimes","title":{"rendered":"ANGICALM M GORGE REGLISSE 16 COMPRIMES"},"content":{"rendered":"<p class=\"\" data-start=\"326\" data-end=\"540\"><strong data-start=\"326\" data-end=\"355\">ANGICALM M Gorge R\u00e9glisse<\/strong> est un compl\u00e9ment \u00e0 sucer \u00e0 base de <strong data-start=\"392\" data-end=\"404\">r\u00e9glisse<\/strong>, de <strong data-start=\"409\" data-end=\"417\">miel<\/strong> et de <strong data-start=\"424\" data-end=\"449\">plantes adoucissantes<\/strong>, id\u00e9al pour calmer les <strong data-start=\"473\" data-end=\"490\">maux de gorge<\/strong>, les irritations et les sensations de s\u00e9cheresse.<\/p>\n<p class=\"\" data-start=\"542\" data-end=\"792\">La <strong data-start=\"545\" data-end=\"557\">r\u00e9glisse<\/strong>, reconnue pour ses vertus apaisantes et anti-inflammatoires, agit efficacement contre les g\u00eanes pharyng\u00e9es tout en adoucissant la muqueuse. Son <strong data-start=\"702\" data-end=\"719\">go\u00fbt agr\u00e9able<\/strong> rend l&rsquo;utilisation plaisante, m\u00eame en cas de toux s\u00e8che ou d\u2019enrouement.<\/p>\n<p class=\"\" data-start=\"794\" data-end=\"851\">Convient \u00e0 toute la famille \u00e0 partir de l\u2019\u00e2ge recommand\u00e9.<\/p>\n<p class=\"\" data-start=\"853\" data-end=\"912\"><strong data-start=\"853\" data-end=\"866\">Posologie<\/strong> : 1 \u00e0 4 comprim\u00e9s par jour \u00e0 sucer lentement.<\/p>\n","protected":false},"excerpt":{"rendered":"<p>Comprim\u00e9s \u00e0 la r\u00e9glisse pour apaiser naturellement les maux de gorge et les irritations buccales.<\/p>\n","protected":false},"featured_media":25187,"comment_status":"open","ping_status":"closed","template":"","meta":[],"product_cat":[204],"product_tag":[],"class_list":{"0":"post-22192","1":"product","2":"type-product","3":"status-publish","4":"has-post-thumbnail","6":"product_cat-complement","8":"first","9":"instock","10":"shipping-taxable","11":"purchasable","12":"product-type-simple"},"jetpack_sharing_enabled":true,"_links":{"self":[{"href":"https:\/\/para-pharmacity.tn\/index.php?rest_route=\/wp\/v2\/product\/22192","targetHints":{"allow":["GET"]}}],"collection":[{"href":"https:\/\/para-pharmacity.tn\/index.php?rest_route=\/wp\/v2\/product"}],"about":[{"href":"https:\/\/para-pharmacity.tn\/index.php?rest_route=\/wp\/v2\/types\/product"}],"replies":[{"embeddable":true,"href":"https:\/\/para-pharmacity.tn\/index.php?rest_route=%2Fwp%2Fv2%2Fcomments&post=22192"}],"version-history":[{"count":2,"href":"https:\/\/para-pharmacity.tn\/index.php?rest_route=\/wp\/v2\/product\/22192\/revisions"}],"predecessor-version":[{"id":25188,"href":"https:\/\/para-pharmacity.tn\/index.php?rest_route=\/wp\/v2\/product\/22192\/revisions\/25188"}],"wp:featuredmedia":[{"embeddable":true,"href":"https:\/\/para-pharmacity.tn\/index.php?rest_route=\/wp\/v2\/media\/25187"}],"wp:attachment":[{"href":"https:\/\/para-pharmacity.tn\/index.php?rest_route=%2Fwp%2Fv2%2Fmedia&parent=22192"}],"wp:term":[{"taxonomy":"product_cat","embeddable":true,"href":"https:\/\/para-pharmacity.tn\/index.php?rest_route=%2Fwp%2Fv2%2Fproduct_cat&post=22192"},{"taxonomy":"product_tag","embeddable":true,"href":"https:\/\/para-pharmacity.tn\/index.php?rest_route=%2Fwp%2Fv2%2Fproduct_tag&post=22192"}],"curies":[{"name":"wp","href":"https:\/\/api.w.org\/{rel}","templated":true}]}}