{"id":22190,"date":"2024-07-11T10:28:54","date_gmt":"2024-07-11T10:28:54","guid":{"rendered":"https:\/\/para-pharmacity.tn\/?product=vital-pediakids-immunovit-150-ml"},"modified":"2025-05-15T10:38:01","modified_gmt":"2025-05-15T10:38:01","slug":"vital-pediakids-immunovit-150-ml","status":"publish","type":"product","link":"https:\/\/para-pharmacity.tn\/?product=vital-pediakids-immunovit-150-ml","title":{"rendered":"VITAL PEDIAKIDS IMMUNOVIT 150 ML"},"content":{"rendered":"<p>PEDIAKIDS IMMUNOVIT est indique pour :<\/p>\n<ul>\n<li>Traitement pr\u00e9ventif en p\u00e9riode pr\u00e9-hivernale<\/li>\n<li>Stimulation des d\u00e9fenses naturelles<\/li>\n<li>Efficace pour faire face aux bronchites \u00e0 r\u00e9p\u00e9tition<\/li>\n<\/ul>\n<p><strong>Composition :\u00a0<\/strong><\/p>\n<p>Extrait sec d\u2019Echinac\u00e9e, Spiruline, Propolis, Gel\u00e9e royale, Vitamine C, Zinc<\/p>\n<p><strong>Conseils d&rsquo;utilisation :\u00a0<\/strong><\/p>\n<p>0 \u00e0 2 ans : 1 cuill\u00e8re \u00e0 caf\u00e9 1fois\/jour<\/p>\n<p>2 \u00e0 7 ans : 1 cuill\u00e8re \u00e0 caf\u00e9 2fois\/jour<\/p>\n<p>7 \u00e0 14 ans : 1 cuill\u00e8re \u00e0 soupe 2fois\/jour FORME<\/p>\n","protected":false},"excerpt":{"rendered":"<ul>\n<li>Traitement pr\u00e9ventif en p\u00e9riode pr\u00e9-hivernale<\/li>\n<li>Stimulation des d\u00e9fenses naturelles<\/li>\n<li>Efficace pour faire face aux bronchites \u00e0 r\u00e9p\u00e9tition<\/li>\n<\/ul>\n","protected":false},"featured_media":26138,"comment_status":"open","ping_status":"closed","template":"","meta":[],"product_cat":[286],"product_tag":[],"class_list":{"0":"post-22190","1":"product","2":"type-product","3":"status-publish","4":"has-post-thumbnail","6":"product_cat-complement-alimentaire","8":"first","9":"instock","10":"shipping-taxable","11":"purchasable","12":"product-type-simple"},"jetpack_sharing_enabled":true,"_links":{"self":[{"href":"https:\/\/para-pharmacity.tn\/index.php?rest_route=\/wp\/v2\/product\/22190","targetHints":{"allow":["GET"]}}],"collection":[{"href":"https:\/\/para-pharmacity.tn\/index.php?rest_route=\/wp\/v2\/product"}],"about":[{"href":"https:\/\/para-pharmacity.tn\/index.php?rest_route=\/wp\/v2\/types\/product"}],"replies":[{"embeddable":true,"href":"https:\/\/para-pharmacity.tn\/index.php?rest_route=%2Fwp%2Fv2%2Fcomments&post=22190"}],"version-history":[{"count":2,"href":"https:\/\/para-pharmacity.tn\/index.php?rest_route=\/wp\/v2\/product\/22190\/revisions"}],"predecessor-version":[{"id":26139,"href":"https:\/\/para-pharmacity.tn\/index.php?rest_route=\/wp\/v2\/product\/22190\/revisions\/26139"}],"wp:featuredmedia":[{"embeddable":true,"href":"https:\/\/para-pharmacity.tn\/index.php?rest_route=\/wp\/v2\/media\/26138"}],"wp:attachment":[{"href":"https:\/\/para-pharmacity.tn\/index.php?rest_route=%2Fwp%2Fv2%2Fmedia&parent=22190"}],"wp:term":[{"taxonomy":"product_cat","embeddable":true,"href":"https:\/\/para-pharmacity.tn\/index.php?rest_route=%2Fwp%2Fv2%2Fproduct_cat&post=22190"},{"taxonomy":"product_tag","embeddable":true,"href":"https:\/\/para-pharmacity.tn\/index.php?rest_route=%2Fwp%2Fv2%2Fproduct_tag&post=22190"}],"curies":[{"name":"wp","href":"https:\/\/api.w.org\/{rel}","templated":true}]}}