{"id":22182,"date":"2024-07-11T10:28:50","date_gmt":"2024-07-11T10:28:50","guid":{"rendered":"https:\/\/para-pharmacity.tn\/?product=vital-migrainal-b30-gellules"},"modified":"2025-05-21T10:23:19","modified_gmt":"2025-05-21T10:23:19","slug":"vital-migrainal-b30-gellules","status":"publish","type":"product","link":"https:\/\/para-pharmacity.tn\/?product=vital-migrainal-b30-gellules","title":{"rendered":"VITAL MIGRAINAL B30 GELLULES"},"content":{"rendered":"<p><strong>VITAL MIGRAINAL 30 Gelules<\/strong><\/p>\n<p>VITAL MIGRAINAL est un compl\u00e9ment alimentaire qui permet\u00a0de r\u00e9duire la fr\u00e9quence et la gravit\u00e9 des migraines est de les pr\u00e9venir.<\/p>\n<p>Il r\u00e9duit la fr\u00e9quence des \u00e9pisodes migraineux<\/p>\n<p>&nbsp;<\/p>\n<p><u><strong>Composition :<\/strong><\/u><\/p>\n<ul>\n<li>Extrait sec de Grande Camomille,<\/li>\n<li>Extrait sec de Ginkgo biloba,<\/li>\n<li>Extrait sec de M\u00e9lisse,<\/li>\n<li>Vitamine B2<\/li>\n<\/ul>\n","protected":false},"excerpt":{"rendered":"<p>1Migrainal est conseill\u00e9 pour soulager les douleurs li\u00e9e aux maux de t\u00eate et aux migraines.<\/p>\n","protected":false},"featured_media":26228,"comment_status":"open","ping_status":"closed","template":"","meta":[],"product_cat":[286],"product_tag":[],"class_list":{"0":"post-22182","1":"product","2":"type-product","3":"status-publish","4":"has-post-thumbnail","6":"product_cat-complement-alimentaire","8":"first","9":"instock","10":"shipping-taxable","11":"purchasable","12":"product-type-simple"},"jetpack_sharing_enabled":true,"_links":{"self":[{"href":"https:\/\/para-pharmacity.tn\/index.php?rest_route=\/wp\/v2\/product\/22182","targetHints":{"allow":["GET"]}}],"collection":[{"href":"https:\/\/para-pharmacity.tn\/index.php?rest_route=\/wp\/v2\/product"}],"about":[{"href":"https:\/\/para-pharmacity.tn\/index.php?rest_route=\/wp\/v2\/types\/product"}],"replies":[{"embeddable":true,"href":"https:\/\/para-pharmacity.tn\/index.php?rest_route=%2Fwp%2Fv2%2Fcomments&post=22182"}],"version-history":[{"count":2,"href":"https:\/\/para-pharmacity.tn\/index.php?rest_route=\/wp\/v2\/product\/22182\/revisions"}],"predecessor-version":[{"id":26229,"href":"https:\/\/para-pharmacity.tn\/index.php?rest_route=\/wp\/v2\/product\/22182\/revisions\/26229"}],"wp:featuredmedia":[{"embeddable":true,"href":"https:\/\/para-pharmacity.tn\/index.php?rest_route=\/wp\/v2\/media\/26228"}],"wp:attachment":[{"href":"https:\/\/para-pharmacity.tn\/index.php?rest_route=%2Fwp%2Fv2%2Fmedia&parent=22182"}],"wp:term":[{"taxonomy":"product_cat","embeddable":true,"href":"https:\/\/para-pharmacity.tn\/index.php?rest_route=%2Fwp%2Fv2%2Fproduct_cat&post=22182"},{"taxonomy":"product_tag","embeddable":true,"href":"https:\/\/para-pharmacity.tn\/index.php?rest_route=%2Fwp%2Fv2%2Fproduct_tag&post=22182"}],"curies":[{"name":"wp","href":"https:\/\/api.w.org\/{rel}","templated":true}]}}