{"id":22180,"date":"2024-07-11T10:28:50","date_gmt":"2024-07-11T10:28:50","guid":{"rendered":"https:\/\/para-pharmacity.tn\/?product=therapia-kerotine-30-gellules"},"modified":"2025-06-13T10:53:22","modified_gmt":"2025-06-13T10:53:22","slug":"therapia-kerotine-30-gellules","status":"publish","type":"product","link":"https:\/\/para-pharmacity.tn\/?product=therapia-kerotine-30-gellules","title":{"rendered":"THERAPIA KEROTINE 30 GELLULES"},"content":{"rendered":"<p>Kerotine Cheveux &amp; Ongles de Th\u00e9rapia se pr\u00e9sente sous forme de g\u00e9lules, un compl\u00e9ment alimentaire con\u00e7u pour revitaliser et nourrir les cheveux et les ongles fragilis\u00e9s. Il renforce la r\u00e9sistance, l&rsquo;\u00e9clat et l&rsquo;\u00e9paisseur des cheveux tout en contribuant \u00e0 limiter leur chute. Pour les ongles, il favorise une meilleure r\u00e9sistance et r\u00e9duit leur fragilit\u00e9.<\/p>\n<p>Bienfaits et m\u00e9canismes d&rsquo;action :<\/p>\n<p>&#8211; Biotine ou vitamine B8 : Essentielle pour la sant\u00e9 capillaire, elle stimule le cuir chevelu et favorise la croissance des cheveux, agissant de concert avec la vitamine B5.<\/p>\n<p>&#8211; Cyst\u00e9ine et m\u00e9thionine : Ces acides amin\u00e9s soufr\u00e9s font partie de la k\u00e9ratine, constituant cl\u00e9 des cheveux. Leur carence peut entra\u00eener la fragilit\u00e9 et la cassure des cheveux.<\/p>\n<p>&#8211; Zinc et s\u00e9l\u00e9nium : Ces min\u00e9raux contribuent \u00e0 la sant\u00e9 capillaire et favorisent la production de cyst\u00e9ine, un \u00e9l\u00e9ment essentiel \u00e0 la vitalit\u00e9 des cheveux.<\/p>\n<p>&#8211; Complexe de vitamine B : Les 8 vitamines de ce complexe sont indispensables au m\u00e9tabolisme, jouant un r\u00f4le majeur dans la synth\u00e8se des prot\u00e9ines, glucides et lipides, \u00e9l\u00e9ments cruciaux pour des cheveux sains.<\/p>\n<p>&#8211; Vitamine D : Sa carence affaiblit les follicules pileux, freinant la repousse des cheveux.<\/p>\n<p>&#8211; Vitamine E : Elle pr\u00e9vient la chute des cheveux, am\u00e9liore la circulation du cuir chevelu, r\u00e9gule la production de s\u00e9bum, dompte les frisottis et offre un \u00e9clat naturel aux cheveux.<\/p>\n<p>Conseils d&rsquo;utilisation :<\/p>\n<p>Prenez 1 g\u00e9lule par jour pendant un repas, accompagn\u00e9e d&rsquo;un grand verre d&rsquo;eau. Une cure de 3 mois est recommand\u00e9e pour des r\u00e9sultats optimaux.<\/p>\n","protected":false},"excerpt":{"rendered":"<p><strong>Kerotine Cheveux &amp; Ongles<\/strong>\u00a0\ud83d\udc8a de Th\u00e9rapia est un compl\u00e9ment alimentaire pour nourrir et prendre soin des ongles et cheveux \ud83d\udc85\ud83d\udc87\u200d\u2640\ufe0f souffrant d\u2019une baisse de vitalit\u00e9 \u26a1. Il am\u00e9liore la r\u00e9sistance \ud83d\udcaa, la brillance \u2728 et l\u2019\u00e9paisseur des cheveux \ud83d\udc69\u200d\ud83e\uddb1 et aide \u00e0 pr\u00e9venir la chute des cheveux \u2b07\ufe0f. Il contribue aussi \u00e0 retrouver des ongles plus r\u00e9sistants \ud83d\udc85 et moins cassants.<\/p>\n","protected":false},"featured_media":26771,"comment_status":"open","ping_status":"closed","template":"","meta":[],"product_cat":[204,217],"product_tag":[],"class_list":{"0":"post-22180","1":"product","2":"type-product","3":"status-publish","4":"has-post-thumbnail","6":"product_cat-complement","7":"product_cat-vitamines","9":"first","10":"instock","11":"shipping-taxable","12":"purchasable","13":"product-type-simple"},"jetpack_sharing_enabled":true,"_links":{"self":[{"href":"https:\/\/para-pharmacity.tn\/index.php?rest_route=\/wp\/v2\/product\/22180","targetHints":{"allow":["GET"]}}],"collection":[{"href":"https:\/\/para-pharmacity.tn\/index.php?rest_route=\/wp\/v2\/product"}],"about":[{"href":"https:\/\/para-pharmacity.tn\/index.php?rest_route=\/wp\/v2\/types\/product"}],"replies":[{"embeddable":true,"href":"https:\/\/para-pharmacity.tn\/index.php?rest_route=%2Fwp%2Fv2%2Fcomments&post=22180"}],"version-history":[{"count":2,"href":"https:\/\/para-pharmacity.tn\/index.php?rest_route=\/wp\/v2\/product\/22180\/revisions"}],"predecessor-version":[{"id":26772,"href":"https:\/\/para-pharmacity.tn\/index.php?rest_route=\/wp\/v2\/product\/22180\/revisions\/26772"}],"wp:featuredmedia":[{"embeddable":true,"href":"https:\/\/para-pharmacity.tn\/index.php?rest_route=\/wp\/v2\/media\/26771"}],"wp:attachment":[{"href":"https:\/\/para-pharmacity.tn\/index.php?rest_route=%2Fwp%2Fv2%2Fmedia&parent=22180"}],"wp:term":[{"taxonomy":"product_cat","embeddable":true,"href":"https:\/\/para-pharmacity.tn\/index.php?rest_route=%2Fwp%2Fv2%2Fproduct_cat&post=22180"},{"taxonomy":"product_tag","embeddable":true,"href":"https:\/\/para-pharmacity.tn\/index.php?rest_route=%2Fwp%2Fv2%2Fproduct_tag&post=22180"}],"curies":[{"name":"wp","href":"https:\/\/api.w.org\/{rel}","templated":true}]}}