{"id":22167,"date":"2024-07-11T10:28:41","date_gmt":"2024-07-11T10:28:41","guid":{"rendered":"https:\/\/para-pharmacity.tn\/?product=vital-vitosine-2"},"modified":"2025-05-07T14:47:34","modified_gmt":"2025-05-07T14:47:34","slug":"vital-vitosine-2","status":"publish","type":"product","link":"https:\/\/para-pharmacity.tn\/?product=vital-vitosine-2","title":{"rendered":"VITAL VITOSINE 2%"},"content":{"rendered":"<p>Nettoie et ass\u00e8che les l\u00e9sions de la peau susceptibles de se surinfecter, notamment nouveau-n\u00e9 (cordon ombilical et \u00e9ryth\u00e8me fessier).<\/p>\n<p><strong>COMPOSITIONS \u00a0<\/strong><\/p>\n<p>Eau\/Aqua\/, Disodium Eosin, Sodium Benzoate, Potassium Sorbate, Citric Acid<\/p>\n<p><strong>\u00a0CONSEILS D&rsquo;UTILISATION \u00a0<\/strong><\/p>\n<p>Vaporiser directement sur la partie \u00e0 ass\u00e9cher. 1 \u00e0 2 fois par jour.<\/p>\n","protected":false},"excerpt":{"rendered":"<p>La solution aqueuse de VITAL Vitosine Eosine \u00e0 2% est sp\u00e9cifiquement formul\u00e9e pour nettoyer et ass\u00e9cher les l\u00e9sions cutan\u00e9es pouvant \u00eatre sujettes \u00e0 une surinfection, notamment chez les nouveau-n\u00e9s, comme le cordon ombilical et l&rsquo;\u00e9ryth\u00e8me fessier.<\/p>\n","protected":false},"featured_media":25966,"comment_status":"open","ping_status":"closed","template":"","meta":[],"product_cat":[235],"product_tag":[],"class_list":{"0":"post-22167","1":"product","2":"type-product","3":"status-publish","4":"has-post-thumbnail","6":"product_cat-corps","8":"first","9":"instock","10":"shipping-taxable","11":"purchasable","12":"product-type-simple"},"jetpack_sharing_enabled":true,"_links":{"self":[{"href":"https:\/\/para-pharmacity.tn\/index.php?rest_route=\/wp\/v2\/product\/22167","targetHints":{"allow":["GET"]}}],"collection":[{"href":"https:\/\/para-pharmacity.tn\/index.php?rest_route=\/wp\/v2\/product"}],"about":[{"href":"https:\/\/para-pharmacity.tn\/index.php?rest_route=\/wp\/v2\/types\/product"}],"replies":[{"embeddable":true,"href":"https:\/\/para-pharmacity.tn\/index.php?rest_route=%2Fwp%2Fv2%2Fcomments&post=22167"}],"version-history":[{"count":2,"href":"https:\/\/para-pharmacity.tn\/index.php?rest_route=\/wp\/v2\/product\/22167\/revisions"}],"predecessor-version":[{"id":25967,"href":"https:\/\/para-pharmacity.tn\/index.php?rest_route=\/wp\/v2\/product\/22167\/revisions\/25967"}],"wp:featuredmedia":[{"embeddable":true,"href":"https:\/\/para-pharmacity.tn\/index.php?rest_route=\/wp\/v2\/media\/25966"}],"wp:attachment":[{"href":"https:\/\/para-pharmacity.tn\/index.php?rest_route=%2Fwp%2Fv2%2Fmedia&parent=22167"}],"wp:term":[{"taxonomy":"product_cat","embeddable":true,"href":"https:\/\/para-pharmacity.tn\/index.php?rest_route=%2Fwp%2Fv2%2Fproduct_cat&post=22167"},{"taxonomy":"product_tag","embeddable":true,"href":"https:\/\/para-pharmacity.tn\/index.php?rest_route=%2Fwp%2Fv2%2Fproduct_tag&post=22167"}],"curies":[{"name":"wp","href":"https:\/\/api.w.org\/{rel}","templated":true}]}}