{"id":22162,"date":"2024-07-11T10:28:39","date_gmt":"2024-07-11T10:28:39","guid":{"rendered":"https:\/\/para-pharmacity.tn\/?product=vital-vitonic-tonus-b-30-g"},"modified":"2025-05-08T09:56:28","modified_gmt":"2025-05-08T09:56:28","slug":"vital-vitonic-tonus-b-30-g","status":"publish","type":"product","link":"https:\/\/para-pharmacity.tn\/?product=vital-vitonic-tonus-b-30-g","title":{"rendered":"VITAL VITONIC TONUS B\/30 G"},"content":{"rendered":"<p>Le compl\u00e9ment alimentaire Vitonic Tonus B\/30 Gelules est sp\u00e9cialement con\u00e7u pour vous apporter un coup de boost d&rsquo;\u00e9nergie au quotidien. Enrichi en vitamines essentielles telles que la vitamine C, B6 et B12, ce produit contribue au bon fonctionnement de votre syst\u00e8me immunitaire et \u00e0 la r\u00e9duction de la fatigue. Les g\u00e9lules faciles \u00e0 avaler sont id\u00e9ales pour une prise rapide et pratique, que ce soit \u00e0 la maison ou en d\u00e9placement. Avec Vitonic Tonus, vous pourrez profiter d&rsquo;une formule efficace pour renforcer votre vitalit\u00e9 et rester en pleine forme tout au long de la journ\u00e9e. N&rsquo;h\u00e9sitez plus, offrez-vous ce petit coup de pouce pour une sant\u00e9 optimale !<br \/>\n&#8211; Vitamine C<br \/>\n&#8211; Vitamine E<br \/>\n&#8211; Vitamine B1<br \/>\n&#8211; Vitamine B2<br \/>\n&#8211; Vitamine B3<br \/>\n&#8211; Vitamine B5<br \/>\n&#8211; Vitamine B6<br \/>\n&#8211; Vitamine B8<br \/>\n&#8211; Vitamine B9<br \/>\n&#8211; Vitamine B12<br \/>\n&#8211; Vitamine D3<br \/>\n&#8211; Vitamine K1<br \/>\n&#8211; Acide alpha-lipo\u00efque<br \/>\n&#8211; Coenzyme Q10<br \/>\n&#8211; L-carnitine<br \/>\nConseils d&rsquo;utilisation de VITONIC TONUS B\/30 GELULES :<\/p>\n<p>&#8211; Prendre 1 \u00e0 2 g\u00e9lules par jour, de pr\u00e9f\u00e9rence le matin au petit-d\u00e9jeuner.<br \/>\n&#8211; Avaler les g\u00e9lules avec un grand verre d&rsquo;eau.<br \/>\n&#8211; Ne pas d\u00e9passer la dose journali\u00e8re recommand\u00e9e.<br \/>\n&#8211; Tenir hors de port\u00e9e des enfants.<br \/>\n&#8211; Ce compl\u00e9ment alimentaire ne doit pas se substituer \u00e0 une alimentation \u00e9quilibr\u00e9e et vari\u00e9e, ni \u00e0 un mode de vie sain.<br \/>\n&#8211; En cas de doute, consulter un professionnel de sant\u00e9.<\/p>\n<p>Pour une cure de vitamines et de tonus au quotidien, optez pour VITONIC TONUS B\/30 GELULES.<\/p>\n","protected":false},"excerpt":{"rendered":"<p>Contribue au bien-\u00eatre et \u00e0 la vitalit\u00e9, augmente le tonus physique et intellectuel, aide \u00e0 passer les p\u00e9riodes de surmenage, \u00e9tats f\u00e9briles, renforce les d\u00e9fenses naturelles et l\u2019immunit\u00e9.<\/p>\n","protected":false},"featured_media":25972,"comment_status":"open","ping_status":"closed","template":"","meta":[],"product_cat":[286],"product_tag":[],"class_list":{"0":"post-22162","1":"product","2":"type-product","3":"status-publish","4":"has-post-thumbnail","6":"product_cat-complement-alimentaire","8":"first","9":"instock","10":"shipping-taxable","11":"purchasable","12":"product-type-simple"},"jetpack_sharing_enabled":true,"_links":{"self":[{"href":"https:\/\/para-pharmacity.tn\/index.php?rest_route=\/wp\/v2\/product\/22162","targetHints":{"allow":["GET"]}}],"collection":[{"href":"https:\/\/para-pharmacity.tn\/index.php?rest_route=\/wp\/v2\/product"}],"about":[{"href":"https:\/\/para-pharmacity.tn\/index.php?rest_route=\/wp\/v2\/types\/product"}],"replies":[{"embeddable":true,"href":"https:\/\/para-pharmacity.tn\/index.php?rest_route=%2Fwp%2Fv2%2Fcomments&post=22162"}],"version-history":[{"count":2,"href":"https:\/\/para-pharmacity.tn\/index.php?rest_route=\/wp\/v2\/product\/22162\/revisions"}],"predecessor-version":[{"id":25973,"href":"https:\/\/para-pharmacity.tn\/index.php?rest_route=\/wp\/v2\/product\/22162\/revisions\/25973"}],"wp:featuredmedia":[{"embeddable":true,"href":"https:\/\/para-pharmacity.tn\/index.php?rest_route=\/wp\/v2\/media\/25972"}],"wp:attachment":[{"href":"https:\/\/para-pharmacity.tn\/index.php?rest_route=%2Fwp%2Fv2%2Fmedia&parent=22162"}],"wp:term":[{"taxonomy":"product_cat","embeddable":true,"href":"https:\/\/para-pharmacity.tn\/index.php?rest_route=%2Fwp%2Fv2%2Fproduct_cat&post=22162"},{"taxonomy":"product_tag","embeddable":true,"href":"https:\/\/para-pharmacity.tn\/index.php?rest_route=%2Fwp%2Fv2%2Fproduct_tag&post=22162"}],"curies":[{"name":"wp","href":"https:\/\/api.w.org\/{rel}","templated":true}]}}