{"id":22136,"date":"2024-07-11T10:28:21","date_gmt":"2024-07-11T10:28:21","guid":{"rendered":"https:\/\/para-pharmacity.tn\/?product=angicalm-m-gorge-propolis-16-comprimes"},"modified":"2025-04-16T08:14:05","modified_gmt":"2025-04-16T08:14:05","slug":"angicalm-m-gorge-propolis-16-comprimes","status":"publish","type":"product","link":"https:\/\/para-pharmacity.tn\/?product=angicalm-m-gorge-propolis-16-comprimes","title":{"rendered":"ANGICALM M GORGE PROPOLIS 16 COMPRIMES"},"content":{"rendered":"<p class=\"\" data-start=\"346\" data-end=\"646\"><strong data-start=\"346\" data-end=\"375\">ANGICALM M Gorge Propolis<\/strong> est un compl\u00e9ment naturel pour soulager les <strong data-start=\"420\" data-end=\"447\">irritations de la gorge<\/strong> gr\u00e2ce \u00e0 sa formule riche en <strong data-start=\"476\" data-end=\"488\">propolis<\/strong>, <strong data-start=\"490\" data-end=\"498\">miel<\/strong> et <strong data-start=\"502\" data-end=\"524\">plantes apaisantes<\/strong>. La propolis, reconnue pour ses propri\u00e9t\u00e9s antibact\u00e9riennes et anti-inflammatoires, aide \u00e0 prot\u00e9ger et assainir la gorge.<\/p>\n<p class=\"\" data-start=\"648\" data-end=\"825\">Ce produit est id\u00e9al en cas de gorge irrit\u00e9e, toux s\u00e8che ou refroidissement. Il forme un film protecteur sur les muqueuses et aide \u00e0 calmer rapidement la douleur et l\u2019inconfort.<\/p>\n<p class=\"\" data-start=\"827\" data-end=\"927\"><strong data-start=\"827\" data-end=\"844\">Go\u00fbt agr\u00e9able<\/strong>, sans ingr\u00e9dients agressifs, pour une utilisation d\u00e8s les premiers signes de g\u00eane.<\/p>\n<p class=\"\" data-start=\"929\" data-end=\"989\"><strong data-start=\"929\" data-end=\"942\">Posologie<\/strong> : 1 \u00e0 4 comprim\u00e9s par jour, \u00e0 sucer lentement.<\/p>\n","protected":false},"excerpt":{"rendered":"<p>Comprim\u00e9s \u00e0 sucer \u00e0 base de propolis, miel et plantes. Apaise les maux de gorge et prot\u00e8ge naturellement la muqueuse.<\/p>\n","protected":false},"featured_media":25183,"comment_status":"open","ping_status":"closed","template":"","meta":[],"product_cat":[204],"product_tag":[],"class_list":{"0":"post-22136","1":"product","2":"type-product","3":"status-publish","4":"has-post-thumbnail","6":"product_cat-complement","8":"first","9":"instock","10":"shipping-taxable","11":"purchasable","12":"product-type-simple"},"jetpack_sharing_enabled":true,"_links":{"self":[{"href":"https:\/\/para-pharmacity.tn\/index.php?rest_route=\/wp\/v2\/product\/22136","targetHints":{"allow":["GET"]}}],"collection":[{"href":"https:\/\/para-pharmacity.tn\/index.php?rest_route=\/wp\/v2\/product"}],"about":[{"href":"https:\/\/para-pharmacity.tn\/index.php?rest_route=\/wp\/v2\/types\/product"}],"replies":[{"embeddable":true,"href":"https:\/\/para-pharmacity.tn\/index.php?rest_route=%2Fwp%2Fv2%2Fcomments&post=22136"}],"version-history":[{"count":2,"href":"https:\/\/para-pharmacity.tn\/index.php?rest_route=\/wp\/v2\/product\/22136\/revisions"}],"predecessor-version":[{"id":25185,"href":"https:\/\/para-pharmacity.tn\/index.php?rest_route=\/wp\/v2\/product\/22136\/revisions\/25185"}],"wp:featuredmedia":[{"embeddable":true,"href":"https:\/\/para-pharmacity.tn\/index.php?rest_route=\/wp\/v2\/media\/25183"}],"wp:attachment":[{"href":"https:\/\/para-pharmacity.tn\/index.php?rest_route=%2Fwp%2Fv2%2Fmedia&parent=22136"}],"wp:term":[{"taxonomy":"product_cat","embeddable":true,"href":"https:\/\/para-pharmacity.tn\/index.php?rest_route=%2Fwp%2Fv2%2Fproduct_cat&post=22136"},{"taxonomy":"product_tag","embeddable":true,"href":"https:\/\/para-pharmacity.tn\/index.php?rest_route=%2Fwp%2Fv2%2Fproduct_tag&post=22136"}],"curies":[{"name":"wp","href":"https:\/\/api.w.org\/{rel}","templated":true}]}}