{"id":22123,"date":"2024-07-11T10:28:16","date_gmt":"2024-07-11T10:28:16","guid":{"rendered":"https:\/\/para-pharmacity.tn\/?product=vital-pedia-kids-omega-3-sirop"},"modified":"2025-05-16T14:34:34","modified_gmt":"2025-05-16T14:34:34","slug":"vital-pedia-kids-omega-3-sirop","status":"publish","type":"product","link":"https:\/\/para-pharmacity.tn\/?product=vital-pedia-kids-omega-3-sirop","title":{"rendered":"VITAL PEDIA KIDS OMEGA 3 SIROP"},"content":{"rendered":"<h1><strong>VITAL PEDIAKIDS Om\u00e9ga 3 150 ML<\/strong><\/h1>\n<p>VITAL PEDIAKIDS Om\u00e9ga 3 est un compl\u00e9ment alimentaire sous forme de solution buvable compos\u00e9 de Om\u00e9ga 3 avec la vitamine C.<\/p>\n<p>Il est indiqu\u00e9 pour soutenir le d\u00e9veloppement c\u00e9r\u00e9bral du b\u00e9b\u00e9 et de l\u2019enfant.<\/p>\n<p>Il r\u00e9duit l\u2019anxi\u00e9t\u00e9 et les difficult\u00e9s sociales, augmente les capacit\u00e9s de concentration et lutte contre le d\u00e9ficit de l\u2019attention<br \/>\net les troubles du spectre autistique.<\/p>\n<p><u><strong>Composition :<\/strong><\/u><\/p>\n<p>Om\u00e9ga 3<\/p>\n<p>Vitamine C<\/p>\n<p><u><strong>Conseils d\u2019utilisation :\u00a0<\/strong><\/u><\/p>\n<p>Il est recommand\u00e9 d\u2019utiliser ce\u00a0 sirop comme suit :<\/p>\n<ul>\n<li>0 \u00e0 6 ans: 1 cuill\u00e8re \u00e0 caf\u00e9 * 1 fois par jour<\/li>\n<li>6 \u00e0 15 ans: 1 cuill\u00e8re \u00e0 caf\u00e9 * 2 fois par jour<\/li>\n<li>15 ans et plus: 1 cuill\u00e8re \u00e0 caf\u00e9 * 3 fois par jour<\/li>\n<li>Femme enceintes: 1 cuill\u00e8re \u00e0 caf\u00e9 * 3 fois par jour<\/li>\n<\/ul>\n","protected":false},"excerpt":{"rendered":"<p>Compl\u00e9ment alimentaire avec Om\u00e9ga 3 et Vitamine C, aide \u00e0 am\u00e9liorer la concentration, r\u00e9duire l&rsquo;anxi\u00e9t\u00e9 et soutenir les personnes avec des troubles du spectre autistique.<\/p>\n","protected":false},"featured_media":26154,"comment_status":"open","ping_status":"closed","template":"","meta":[],"product_cat":[286],"product_tag":[],"class_list":{"0":"post-22123","1":"product","2":"type-product","3":"status-publish","4":"has-post-thumbnail","6":"product_cat-complement-alimentaire","8":"first","9":"instock","10":"shipping-taxable","11":"purchasable","12":"product-type-simple"},"jetpack_sharing_enabled":true,"_links":{"self":[{"href":"https:\/\/para-pharmacity.tn\/index.php?rest_route=\/wp\/v2\/product\/22123","targetHints":{"allow":["GET"]}}],"collection":[{"href":"https:\/\/para-pharmacity.tn\/index.php?rest_route=\/wp\/v2\/product"}],"about":[{"href":"https:\/\/para-pharmacity.tn\/index.php?rest_route=\/wp\/v2\/types\/product"}],"replies":[{"embeddable":true,"href":"https:\/\/para-pharmacity.tn\/index.php?rest_route=%2Fwp%2Fv2%2Fcomments&post=22123"}],"version-history":[{"count":2,"href":"https:\/\/para-pharmacity.tn\/index.php?rest_route=\/wp\/v2\/product\/22123\/revisions"}],"predecessor-version":[{"id":26155,"href":"https:\/\/para-pharmacity.tn\/index.php?rest_route=\/wp\/v2\/product\/22123\/revisions\/26155"}],"wp:featuredmedia":[{"embeddable":true,"href":"https:\/\/para-pharmacity.tn\/index.php?rest_route=\/wp\/v2\/media\/26154"}],"wp:attachment":[{"href":"https:\/\/para-pharmacity.tn\/index.php?rest_route=%2Fwp%2Fv2%2Fmedia&parent=22123"}],"wp:term":[{"taxonomy":"product_cat","embeddable":true,"href":"https:\/\/para-pharmacity.tn\/index.php?rest_route=%2Fwp%2Fv2%2Fproduct_cat&post=22123"},{"taxonomy":"product_tag","embeddable":true,"href":"https:\/\/para-pharmacity.tn\/index.php?rest_route=%2Fwp%2Fv2%2Fproduct_tag&post=22123"}],"curies":[{"name":"wp","href":"https:\/\/api.w.org\/{rel}","templated":true}]}}