{"id":22113,"date":"2024-07-11T10:28:12","date_gmt":"2024-07-11T10:28:12","guid":{"rendered":"https:\/\/para-pharmacity.tn\/?product=vital-pedia-huile-de-menthe"},"modified":"2025-05-16T14:46:25","modified_gmt":"2025-05-16T14:46:25","slug":"vital-pedia-huile-de-menthe","status":"publish","type":"product","link":"https:\/\/para-pharmacity.tn\/?product=vital-pedia-huile-de-menthe","title":{"rendered":"VITAL PEDIA HUILE DE MENTHE"},"content":{"rendered":"<p>&lsquo;huile de massage pour b\u00e9b\u00e9 \u00e0 la menthe Vital 60ml est l&rsquo;indispensable pour choyer la peau d\u00e9licate de votre tout-petit. Compos\u00e9e d&rsquo;huiles essentielles de menthe certifi\u00e9es bio, cette huile apaisante offre \u00e0 votre b\u00e9b\u00e9 un moment de d\u00e9tente et de bien-\u00eatre incomparable. En plus de ses propri\u00e9t\u00e9s apaisantes et relaxantes, l&rsquo;huile de menthe Vital prot\u00e8ge la peau fragile de b\u00e9b\u00e9 contre les irritations et les rougeurs. Sa texture l\u00e9g\u00e8re et non grasse permet un massage en douceur, favorisant la d\u00e9tente et le sommeil de votre enfant. Cette huile apporte fra\u00eecheur et confort \u00e0 la peau de b\u00e9b\u00e9, en plus de stimuler ses sens gr\u00e2ce \u00e0 son parfum d\u00e9licat. Optez pour l&rsquo;huile de menthe Vital pour des moments de complicit\u00e9 et de douceur avec b\u00e9b\u00e9.<br \/>\n&#8211; Huile d&rsquo;amande douce<br \/>\n&#8211; Huile essentielle de menthe poivr\u00e9e<br \/>\n&#8211; Vitamine E<br \/>\n&#8211; Extrait de menthe verte<br \/>\n&#8211; Extrait de feuille de menthe poivr\u00e9e<br \/>\n&#8211; Extrait de feuille de sauge<br \/>\n&#8211; Huile de tournesol<br \/>\n&#8211; Parfum naturel de menthe<br \/>\nD\u00e9couvrez notre Huile de Menthe Vital sp\u00e9cialement con\u00e7ue pour le massage de b\u00e9b\u00e9. Voici nos conseils d&rsquo;utilisation pour profiter pleinement des bienfaits de ce produit :<\/p>\n<p>1. Avant d&rsquo;utiliser l&rsquo;huile de menthe sur la peau de votre b\u00e9b\u00e9, nous vous recommandons de faire un test cutan\u00e9 en appliquant une petite quantit\u00e9 sur une zone peu visible pour v\u00e9rifier qu&rsquo;il n&rsquo;y a pas de r\u00e9action allergique.<\/p>\n<p>2. Versez quelques gouttes d&rsquo;huile dans le creux de votre main et chauffez-la en frottant vos paumes ensemble. Cela permettra de rendre l&rsquo;huile plus agr\u00e9able pour la peau de votre b\u00e9b\u00e9.<\/p>\n<p>3. Massez d\u00e9licatement le corps de votre b\u00e9b\u00e9 en effectuant des mouvements circulaires doux. Vous pouvez insister sur les zones de tensions telles que le dos, les \u00e9paules et les pieds.<\/p>\n<p>4. Profitez de ce moment privil\u00e9gi\u00e9 pour renforcer le lien entre vous et votre b\u00e9b\u00e9 en lui parlant doucement et en le caressant.<\/p>\n<p>5. Apr\u00e8s le massage, vous pouvez laisser l&rsquo;huile de menthe p\u00e9n\u00e9trer dans la peau de votre b\u00e9b\u00e9 pendant quelques minutes avant de le rhabiller.<\/p>\n<p>N&rsquo;h\u00e9sitez pas \u00e0 renouveler cette exp\u00e9rience de massage r\u00e9guli\u00e8rement pour apporter \u00e0 votre b\u00e9b\u00e9 confort, bien-\u00eatre et relaxation. Commandez d\u00e8s maintenant notre Huile de Menthe Vital et offrez \u00e0 votre enfant un moment de d\u00e9tente inoubliable.<\/p>\n","protected":false},"excerpt":{"rendered":"<p>Une huile de massage pour b\u00e9b\u00e9 \u00e0 la menthe, id\u00e9ale pour apaiser et d\u00e9tendre votre enfant lors de moments de relaxation.<\/p>\n","protected":false},"featured_media":26157,"comment_status":"open","ping_status":"closed","template":"","meta":[],"product_cat":[243],"product_tag":[],"class_list":{"0":"post-22113","1":"product","2":"type-product","3":"status-publish","4":"has-post-thumbnail","6":"product_cat-bebe-et-maman","8":"first","9":"instock","10":"shipping-taxable","11":"purchasable","12":"product-type-simple"},"jetpack_sharing_enabled":true,"_links":{"self":[{"href":"https:\/\/para-pharmacity.tn\/index.php?rest_route=\/wp\/v2\/product\/22113","targetHints":{"allow":["GET"]}}],"collection":[{"href":"https:\/\/para-pharmacity.tn\/index.php?rest_route=\/wp\/v2\/product"}],"about":[{"href":"https:\/\/para-pharmacity.tn\/index.php?rest_route=\/wp\/v2\/types\/product"}],"replies":[{"embeddable":true,"href":"https:\/\/para-pharmacity.tn\/index.php?rest_route=%2Fwp%2Fv2%2Fcomments&post=22113"}],"version-history":[{"count":2,"href":"https:\/\/para-pharmacity.tn\/index.php?rest_route=\/wp\/v2\/product\/22113\/revisions"}],"predecessor-version":[{"id":26158,"href":"https:\/\/para-pharmacity.tn\/index.php?rest_route=\/wp\/v2\/product\/22113\/revisions\/26158"}],"wp:featuredmedia":[{"embeddable":true,"href":"https:\/\/para-pharmacity.tn\/index.php?rest_route=\/wp\/v2\/media\/26157"}],"wp:attachment":[{"href":"https:\/\/para-pharmacity.tn\/index.php?rest_route=%2Fwp%2Fv2%2Fmedia&parent=22113"}],"wp:term":[{"taxonomy":"product_cat","embeddable":true,"href":"https:\/\/para-pharmacity.tn\/index.php?rest_route=%2Fwp%2Fv2%2Fproduct_cat&post=22113"},{"taxonomy":"product_tag","embeddable":true,"href":"https:\/\/para-pharmacity.tn\/index.php?rest_route=%2Fwp%2Fv2%2Fproduct_tag&post=22113"}],"curies":[{"name":"wp","href":"https:\/\/api.w.org\/{rel}","templated":true}]}}