{"id":22087,"date":"2024-07-11T10:27:58","date_gmt":"2024-07-11T10:27:58","guid":{"rendered":"https:\/\/para-pharmacity.tn\/?product=xen-kelaplex-45-gelules"},"modified":"2025-05-05T10:01:39","modified_gmt":"2025-05-05T10:01:39","slug":"xen-kelaplex-45-gelules","status":"publish","type":"product","link":"https:\/\/para-pharmacity.tn\/?product=xen-kelaplex-45-gelules","title":{"rendered":"XEN KELAPLEX 45 GELULES"},"content":{"rendered":"<h2><b><strong><a href=\"https:\/\/xenlaboratoires.com\/\">Xen<\/a>\u00a0Kelaplex 45 G\u00e9lules<\/strong>\u00a0: Le Compl\u00e9ment Relaxant Musculaire pour Soulager les Contractures!<\/b><\/h2>\n<p class=\"\" data-start=\"187\" data-end=\"678\">Les contractures musculaires peuvent entra\u00eener des douleurs intenses et une mobilit\u00e9 r\u00e9duite.\u00a0<strong data-start=\"302\" data-end=\"318\">Heureusement<\/strong>,\u00a0<strong>Xen\u00a0<a href=\"https:\/\/xenlaboratoires.com\/produit\/en-kela-plex\/\">Kelaplex 45 G\u00e9lules<\/a><\/strong>\u00a0<strong data-start=\"320\" data-end=\"333\">\u00a0<\/strong>offre une solution naturelle pour\u00a0<strong>d\u00e9tendre les muscles<\/strong>\u00a0et\u00a0<strong>soulager la douleur<\/strong>.\u00a0<strong data-start=\"456\" data-end=\"467\">Gr\u00e2ce \u00e0<\/strong>\u00a0sa formule unique, ce compl\u00e9ment agit efficacement pour\u00a0<strong>favoriser la relaxation musculaire<\/strong>\u00a0et<strong>\u00a0am\u00e9liorer votre bien-\u00eatre g\u00e9n\u00e9ral<\/strong>.\u00a0<strong data-start=\"597\" data-end=\"606\">Ainsi<\/strong>, il devient un alli\u00e9 pr\u00e9cieux dans la\u00a0<strong>gestion des tensions corporelles.<\/strong><\/p>\n<h2><b>Description\u00a0<\/b><\/h2>\n<p class=\"\" data-start=\"656\" data-end=\"1246\"><strong><a href=\"https:\/\/www.paraexpert.tn\/brands\/xen\/\">Xen<\/a>\u00a0Kelaplex 45 G\u00e9lules<\/strong>\u00a0contient plusieurs ingr\u00e9dients actifs qui agissent ensemble pour apaiser les muscles tendus.\u00a0<strong data-start=\"779\" data-end=\"790\">D\u2019abord<\/strong>, le\u00a0<strong data-start=\"795\" data-end=\"824\">bisglycinate de magn\u00e9sium<\/strong>\u00a0aide \u00e0 d\u00e9tendre les muscles et \u00e0 r\u00e9duire les tensions.\u00a0<strong data-start=\"880\" data-end=\"891\">Ensuite<\/strong>, le\u00a0<strong data-start=\"896\" data-end=\"920\">citrate de potassium<\/strong>\u00a0favorise un bon \u00e9quilibre des \u00e9lectrolytes et soutient la fonction musculaire.\u00a0<strong data-start=\"1000\" data-end=\"1011\">De plus<\/strong>, le\u00a0<strong data-start=\"1016\" data-end=\"1043\">monophosphate d\u2019uridine<\/strong>\u00a0aide \u00e0 r\u00e9parer les tissus musculaires endommag\u00e9s.\u00a0<strong data-start=\"1094\" data-end=\"1103\">Enfin<\/strong>, la\u00a0<strong data-start=\"1108\" data-end=\"1119\">taurine<\/strong>\u00a0et les\u00a0<strong data-start=\"1127\" data-end=\"1144\">vitamines B12<\/strong>\u00a0et\u00a0<strong data-start=\"1148\" data-end=\"1154\">B9<\/strong>\u00a0apportent un soutien suppl\u00e9mentaire en r\u00e9duisant la fatigue et en stimulant le m\u00e9tabolisme.<\/p>\n<h2><b>B\u00e9n\u00e9fices\u00a0<\/b><\/h2>\n<p class=\"\" data-start=\"1253\" data-end=\"1308\"><strong>Xen Kelaplex<\/strong>\u00a0offre plusieurs avantages :<\/p>\n<ul data-start=\"1309\" data-end=\"1677\">\n<li class=\"\" data-start=\"1309\" data-end=\"1392\">\n<p class=\"\" data-start=\"1311\" data-end=\"1392\"><strong data-start=\"1311\" data-end=\"1341\">D\u00e9tente rapide des muscles<\/strong>\u00a0pour soulager les douleurs li\u00e9es aux contractures.<\/p>\n<\/li>\n<li class=\"\" data-start=\"1393\" data-end=\"1499\">\n<p class=\"\" data-start=\"1395\" data-end=\"1499\"><strong data-start=\"1395\" data-end=\"1421\">R\u00e9cup\u00e9ration acc\u00e9l\u00e9r\u00e9e<\/strong>\u00a0apr\u00e8s un effort physique intense, avec une r\u00e9paration des tissus musculaires.<\/p>\n<\/li>\n<li class=\"\" data-start=\"1500\" data-end=\"1570\">\n<p class=\"\" data-start=\"1502\" data-end=\"1570\"><strong data-start=\"1502\" data-end=\"1540\">R\u00e9duction de la fatigue musculaire<\/strong>\u00a0pour une meilleure endurance.<\/p>\n<\/li>\n<li class=\"\" data-start=\"1571\" data-end=\"1677\">\n<p class=\"\" data-start=\"1573\" data-end=\"1677\"><strong data-start=\"1573\" data-end=\"1610\">Am\u00e9lioration du bien-\u00eatre g\u00e9n\u00e9ral<\/strong>\u00a0gr\u00e2ce aux vitamines B12 et B9, qui soutiennent le syst\u00e8me nerveux.<\/p>\n<\/li>\n<\/ul>\n<h2><b>Indications\u00a0<\/b><\/h2>\n<p class=\"\" data-start=\"1684\" data-end=\"1735\"><strong>Xen Kelaplex<\/strong>\u00a0est recommand\u00e9 pour :<\/p>\n<ul data-start=\"1736\" data-end=\"1964\">\n<li class=\"\" data-start=\"1736\" data-end=\"1807\">\n<p class=\"\" data-start=\"1738\" data-end=\"1807\"><strong data-start=\"1738\" data-end=\"1779\">Soulager les contractures musculaires<\/strong>\u00a0et les douleurs chroniques.<\/p>\n<\/li>\n<li class=\"\" data-start=\"1808\" data-end=\"1872\">\n<p class=\"\" data-start=\"1810\" data-end=\"1872\"><strong data-start=\"1810\" data-end=\"1843\">R\u00e9duire la fatigue musculaire<\/strong>\u00a0apr\u00e8s des efforts physiques.<\/p>\n<\/li>\n<li class=\"\" data-start=\"1873\" data-end=\"1964\">\n<p class=\"\" data-start=\"1875\" data-end=\"1964\"><strong data-start=\"1875\" data-end=\"1912\">Diminuer les tensions musculaires<\/strong>\u00a0caus\u00e9es par le stress ou un mode de vie s\u00e9dentaire.<\/p>\n<\/li>\n<\/ul>\n<h2><b>Conseils d\u2019utilisation\u00a0<\/b><\/h2>\n<p class=\"\" data-start=\"1971\" data-end=\"2271\">Prenez\u00a0<strong data-start=\"2009\" data-end=\"2031\">2 g\u00e9lules par jour<\/strong>, de pr\u00e9f\u00e9rence pendant un repas, avec un grand verre d\u2019eau.\u00a0<strong data-start=\"2092\" data-end=\"2109\">Si n\u00e9cessaire<\/strong>, vous pouvez augmenter la dose \u00e0\u00a0<strong data-start=\"2143\" data-end=\"2165\">3 g\u00e9lules par jour<\/strong>, mais ne d\u00e9passez pas la dose recommand\u00e9e.\u00a0<strong data-start=\"2209\" data-end=\"2232\">Suivez ces\u00a0<a title=\"Conseil\" href=\"https:\/\/www.paraexpert.tn\/category\/conseil\/\" data-internallinksmanager029f6b8e52c=\"134\">conseils<\/a><\/strong>\u00a0pour garantir les meilleurs r\u00e9sultats.<\/p>\n","protected":false},"excerpt":{"rendered":"<div class=\"woocommerce-product-details__short-description\">\n<p>Compl\u00e9ment alimentaire\u00a0 peut \u00eatre utilis\u00e9 comme traitement d\u2019appoint des contractures musculaires douloureuses.<\/p>\n<\/div>\n","protected":false},"featured_media":25777,"comment_status":"open","ping_status":"closed","template":"","meta":[],"product_cat":[286],"product_tag":[],"class_list":{"0":"post-22087","1":"product","2":"type-product","3":"status-publish","4":"has-post-thumbnail","6":"product_cat-complement-alimentaire","8":"first","9":"instock","10":"shipping-taxable","11":"purchasable","12":"product-type-simple"},"jetpack_sharing_enabled":true,"_links":{"self":[{"href":"https:\/\/para-pharmacity.tn\/index.php?rest_route=\/wp\/v2\/product\/22087","targetHints":{"allow":["GET"]}}],"collection":[{"href":"https:\/\/para-pharmacity.tn\/index.php?rest_route=\/wp\/v2\/product"}],"about":[{"href":"https:\/\/para-pharmacity.tn\/index.php?rest_route=\/wp\/v2\/types\/product"}],"replies":[{"embeddable":true,"href":"https:\/\/para-pharmacity.tn\/index.php?rest_route=%2Fwp%2Fv2%2Fcomments&post=22087"}],"version-history":[{"count":2,"href":"https:\/\/para-pharmacity.tn\/index.php?rest_route=\/wp\/v2\/product\/22087\/revisions"}],"predecessor-version":[{"id":25776,"href":"https:\/\/para-pharmacity.tn\/index.php?rest_route=\/wp\/v2\/product\/22087\/revisions\/25776"}],"wp:featuredmedia":[{"embeddable":true,"href":"https:\/\/para-pharmacity.tn\/index.php?rest_route=\/wp\/v2\/media\/25777"}],"wp:attachment":[{"href":"https:\/\/para-pharmacity.tn\/index.php?rest_route=%2Fwp%2Fv2%2Fmedia&parent=22087"}],"wp:term":[{"taxonomy":"product_cat","embeddable":true,"href":"https:\/\/para-pharmacity.tn\/index.php?rest_route=%2Fwp%2Fv2%2Fproduct_cat&post=22087"},{"taxonomy":"product_tag","embeddable":true,"href":"https:\/\/para-pharmacity.tn\/index.php?rest_route=%2Fwp%2Fv2%2Fproduct_tag&post=22087"}],"curies":[{"name":"wp","href":"https:\/\/api.w.org\/{rel}","templated":true}]}}