{"id":22086,"date":"2024-07-11T10:27:58","date_gmt":"2024-07-11T10:27:58","guid":{"rendered":"https:\/\/para-pharmacity.tn\/?product=xen-kela-mag-fort-30-comp"},"modified":"2025-05-05T10:34:46","modified_gmt":"2025-05-05T10:34:46","slug":"xen-kela-mag-fort-30-comp","status":"publish","type":"product","link":"https:\/\/para-pharmacity.tn\/?product=xen-kela-mag-fort-30-comp","title":{"rendered":"XEN KELA MAG FORT 30 COMP"},"content":{"rendered":"<p><strong>XEN KELA MAG FORT 30 g\u00e9lules<\/strong><\/p>\n<p>La formule\u00a0<strong>K\u00e9la Mag Fort<\/strong>\u00a0est particuli\u00e8rement concentr\u00e9e sur les vitamines et min\u00e9raux essentiels \u00e0 la fonction musculaire. Le Magn\u00e9sium bisglycinate ch\u00e9lat\u00e9 apporte le magn\u00e9sium contribuant au mouvement des muscles, des enzymes et de la cellule nerveuse. Il s\u2019allie \u00e0 la vitamine B1, B5, B6 et \u00e0 la vitamine B9 pour une action synergique sur la musculature.<\/p>\n<p>Le\u00a0<a href=\"https:\/\/www.maparatunisie.tn\/magnesium\/\">magn\u00e9sium<\/a>\u00a0est un min\u00e9ral essentiel au bon fonctionnement de l\u2019organisme humain. Il participe \u00e0 plus de 300 r\u00e9actions m\u00e9taboliques dans le corps. Il agit en association \u00e9troite avec le sodium, le potassium et le calcium, avec lesquels il doit rester en \u00e9quilibre dans l\u2019organisme.<\/p>\n<p><strong>K\u00e9la Mag Fort<\/strong>\u00a0contribue au bon fonctionnement de diff\u00e9rents tissus et organes, parce qu\u2019il est impliqu\u00e9 dans de nombreuses r\u00e9actions enzymatiques, avec une affinit\u00e9 particuli\u00e8re pour les muscles, y compris le c\u0153ur, ainsi que pour le cerveau et ses synapses par lesquelles se transmettent les influx nerveux. Le magn\u00e9sium se r\u00e9v\u00e8le aussi un alli\u00e9 incontournable dans les p\u00e9riodes de stress.<\/p>\n<p>98 % du magn\u00e9sium du corps se trouve \u00e0 l\u2019int\u00e9rieur des cellules et seul 1 % environ est pr\u00e9sent dans le sang. Le dosage du magn\u00e9sium sanguin (la magn\u00e9s\u00e9mie) refl\u00e8te donc mal notre stock de magn\u00e9sium. Ce sont essentiellement les signes cliniques qui alertent sur un d\u00e9ficit.<\/p>\n<p>KELA MAG FORT contient 415 mg (75 mg) de\u00a0<a href=\"https:\/\/www.maparatunisie.tn\/produit\/impact-magnesium-bisglycinate-60-gelules\/\">bisglycinate de magn\u00e9sium<\/a>\u00a0ch\u00e9lat\u00e9, 1,2 mg de vitamine B1 et 2 mg de vitamine B5. Il comprend \u00e9galement 2 mg de vitamine B6 et 500 \u00b5g de vitamine B9.<\/p>\n<p>En plus de ces vitamines, le produit contient \u00e9galement 5 \u00b5g de vitamine B12.<\/p>\n<p>KELA MAG FORT convient aux personnes qui ont besoin d\u2019un suppl\u00e9ment de magn\u00e9sium ou qui pr\u00e9sentent une carence en ce min\u00e9ral.<\/p>\n<p><strong>Conseils d\u2019utilisation<\/strong><\/p>\n<p>La posologie recommand\u00e9e est d\u2019une capsule par jour, avec de l\u2019eau ou du jus.<\/p>\n<p>Ce compl\u00e9ment alimentaire doit \u00eatre utilis\u00e9 en respectant les pr\u00e9cautions suivantes :<\/p>\n<p>\u2013 Ne pas d\u00e9passer la dose journali\u00e8re recommand\u00e9e.<\/p>\n<p>\u2013 Tenir hors de port\u00e9e des enfants.<\/p>\n<p>\u2013 En cas d\u2019hypersensibilit\u00e9 \u00e0 l\u2019un des composants, ne pas consommer ce produit. En cas d\u2019insuffisance r\u00e9nale s\u00e9v\u00e8re (clairance de la cr\u00e9atinine inf\u00e9rieure \u00e0 30 ml\/min), consultez votre m\u00e9decin avant d\u2019utiliser ce produit.<\/p>\n","protected":false},"excerpt":{"rendered":"<p>K\u00e9la Mag Fort participe \u00e0 un meilleur fonctionnement de l\u2019organisme, \u00e0 la r\u00e9gulation du syst\u00e8me nerveux, \u00e0 la relaxation musculaire, \u00e0 la r\u00e9duction de l\u2019anxi\u00e9t\u00e9 et de la fatigue, \u00e0 la r\u00e9gulation du sommeil et \u00e0 une meilleure concentration.<\/p>\n","protected":false},"featured_media":25786,"comment_status":"open","ping_status":"closed","template":"","meta":[],"product_cat":[286],"product_tag":[],"class_list":{"0":"post-22086","1":"product","2":"type-product","3":"status-publish","4":"has-post-thumbnail","6":"product_cat-complement-alimentaire","8":"first","9":"instock","10":"shipping-taxable","11":"purchasable","12":"product-type-simple"},"jetpack_sharing_enabled":true,"_links":{"self":[{"href":"https:\/\/para-pharmacity.tn\/index.php?rest_route=\/wp\/v2\/product\/22086","targetHints":{"allow":["GET"]}}],"collection":[{"href":"https:\/\/para-pharmacity.tn\/index.php?rest_route=\/wp\/v2\/product"}],"about":[{"href":"https:\/\/para-pharmacity.tn\/index.php?rest_route=\/wp\/v2\/types\/product"}],"replies":[{"embeddable":true,"href":"https:\/\/para-pharmacity.tn\/index.php?rest_route=%2Fwp%2Fv2%2Fcomments&post=22086"}],"version-history":[{"count":2,"href":"https:\/\/para-pharmacity.tn\/index.php?rest_route=\/wp\/v2\/product\/22086\/revisions"}],"predecessor-version":[{"id":25787,"href":"https:\/\/para-pharmacity.tn\/index.php?rest_route=\/wp\/v2\/product\/22086\/revisions\/25787"}],"wp:featuredmedia":[{"embeddable":true,"href":"https:\/\/para-pharmacity.tn\/index.php?rest_route=\/wp\/v2\/media\/25786"}],"wp:attachment":[{"href":"https:\/\/para-pharmacity.tn\/index.php?rest_route=%2Fwp%2Fv2%2Fmedia&parent=22086"}],"wp:term":[{"taxonomy":"product_cat","embeddable":true,"href":"https:\/\/para-pharmacity.tn\/index.php?rest_route=%2Fwp%2Fv2%2Fproduct_cat&post=22086"},{"taxonomy":"product_tag","embeddable":true,"href":"https:\/\/para-pharmacity.tn\/index.php?rest_route=%2Fwp%2Fv2%2Fproduct_tag&post=22086"}],"curies":[{"name":"wp","href":"https:\/\/api.w.org\/{rel}","templated":true}]}}