{"id":22083,"date":"2024-07-11T10:27:56","date_gmt":"2024-07-11T10:27:56","guid":{"rendered":"https:\/\/para-pharmacity.tn\/?product=vital-millepertuis"},"modified":"2025-05-21T10:14:34","modified_gmt":"2025-05-21T10:14:34","slug":"vital-millepertuis","status":"publish","type":"product","link":"https:\/\/para-pharmacity.tn\/?product=vital-millepertuis","title":{"rendered":"VITAL MILLEPERTUIS"},"content":{"rendered":"<h3><span style=\"color: #ff0000;\">VITAL Millepertuis Vital Bt30Cp<\/span><\/h3>\n<hr \/>\n<h4><span style=\"color: #70ad47;\">Indications :<\/span><\/h4>\n<p>Anxi\u00e9t\u00e9, stress, d\u00e9pression l\u00e9g\u00e8re et mod\u00e9r\u00e9e.<\/p>\n<hr \/>\n<h4><span style=\"color: #70ad47;\">Composition\u00a0:<\/span><\/h4>\n<p>MillepertuisCONTRE<\/p>\n<hr \/>\n<h4><span style=\"color: #70ad47;\">Indications :<\/span><\/h4>\n<p>Femme enceinte, allaitante et enfant avant l&rsquo;\u00e2ge de 12 ans. FORMEG\u00e9luleINFOS SUR LE PRODUITBoite de 30 g\u00e9lules<\/p>\n<hr \/>\n<h4><span style=\"color: #70ad47;\">Conseils d\u2019utilisation\u00a0:<\/span><\/h4>\n<p>De 1 \u00e0 3 g\u00e9lules par jourINTERACTION MEDICAMENTEUSE:C\u2019est un inducteur enzymatique. Diminue l\u2019effet de certains m\u00e9dicaments (Maladies cardiaques, Anti-cholest\u00e9rol, Anticoagulant,Antidiab\u00e9tiques, Contraceptif, Anti\u00e9pileptique \u2026).<\/p>\n","protected":false},"excerpt":{"rendered":"<div id=\"product-description-short-2054\" class=\"description-short\">\n<p>Anxi\u00e9t\u00e9, stress, d\u00e9pression l\u00e9g\u00e8re et mod\u00e9r\u00e9e<\/p>\n<\/div>\n","protected":false},"featured_media":26225,"comment_status":"open","ping_status":"closed","template":"","meta":[],"product_cat":[286],"product_tag":[],"class_list":{"0":"post-22083","1":"product","2":"type-product","3":"status-publish","4":"has-post-thumbnail","6":"product_cat-complement-alimentaire","8":"first","9":"instock","10":"shipping-taxable","11":"purchasable","12":"product-type-simple"},"jetpack_sharing_enabled":true,"_links":{"self":[{"href":"https:\/\/para-pharmacity.tn\/index.php?rest_route=\/wp\/v2\/product\/22083","targetHints":{"allow":["GET"]}}],"collection":[{"href":"https:\/\/para-pharmacity.tn\/index.php?rest_route=\/wp\/v2\/product"}],"about":[{"href":"https:\/\/para-pharmacity.tn\/index.php?rest_route=\/wp\/v2\/types\/product"}],"replies":[{"embeddable":true,"href":"https:\/\/para-pharmacity.tn\/index.php?rest_route=%2Fwp%2Fv2%2Fcomments&post=22083"}],"version-history":[{"count":2,"href":"https:\/\/para-pharmacity.tn\/index.php?rest_route=\/wp\/v2\/product\/22083\/revisions"}],"predecessor-version":[{"id":26226,"href":"https:\/\/para-pharmacity.tn\/index.php?rest_route=\/wp\/v2\/product\/22083\/revisions\/26226"}],"wp:featuredmedia":[{"embeddable":true,"href":"https:\/\/para-pharmacity.tn\/index.php?rest_route=\/wp\/v2\/media\/26225"}],"wp:attachment":[{"href":"https:\/\/para-pharmacity.tn\/index.php?rest_route=%2Fwp%2Fv2%2Fmedia&parent=22083"}],"wp:term":[{"taxonomy":"product_cat","embeddable":true,"href":"https:\/\/para-pharmacity.tn\/index.php?rest_route=%2Fwp%2Fv2%2Fproduct_cat&post=22083"},{"taxonomy":"product_tag","embeddable":true,"href":"https:\/\/para-pharmacity.tn\/index.php?rest_route=%2Fwp%2Fv2%2Fproduct_tag&post=22083"}],"curies":[{"name":"wp","href":"https:\/\/api.w.org\/{rel}","templated":true}]}}