{"id":22082,"date":"2024-07-11T10:27:56","date_gmt":"2024-07-11T10:27:56","guid":{"rendered":"https:\/\/para-pharmacity.tn\/?product=vergestop-50ml"},"modified":"2025-05-29T13:15:22","modified_gmt":"2025-05-29T13:15:22","slug":"vergestop-50ml","status":"publish","type":"product","link":"https:\/\/para-pharmacity.tn\/?product=vergestop-50ml","title":{"rendered":"VERGESTOP 50ML"},"content":{"rendered":"<h2>Vergestop Creme Anti Vergetures 50 ML<\/h2>\n<p>VERGESTOP CR\u00c9ME est une \u00e9mulsion \u00e0 base d\u2019un complexe biotechnologique brevet\u00e9.<\/p>\n<h3>Compos\u00e9 de :<\/h3>\n<ul>\n<li>Rutine, extrait de Phaseolus lunatus, et de deux matrikines (Pal-GHK et Pal-GQPR).<\/li>\n<li>Avec des extraits de plantes dot\u00e9s d\u2019un vertus cicatrisant tr\u00e8s puissant : la centella asiatica et la mimosa tenuiflora et aussi la Pro- vitamine B5 (D-panthenol).<\/li>\n<li>L\u2019extrait de Phaseolus et la rutine antagonisent les cellules inflammatoires activ\u00e9es responsables de la d\u00e9gradation tissulaire.\u2728<\/li>\n<li>Les matrikines stimulent la r\u00e9paration de la matrice extracellulaire endommag\u00e9e.<\/li>\n<li>La centella asiatica et la mimosa tenuiflora stimulent aussi la matrice extracellulaire r\u00e9paratrice et plus pr\u00e9cis\u00e9ment la fibroblastogen\u00e8se responsable de la production des collag\u00e8nes de type I et III et l\u2019\u00e9lastine.<\/li>\n<\/ul>\n<p>VERGESTOP pr\u00e9vient et att\u00e9nue les vergetures en freinant la d\u00e9gradation et en favorisant la r\u00e9g\u00e9n\u00e9ration de la matrice extracellulaire.<br \/>\nVERGESTOP pr\u00e9vient et gomme les vergetures<\/p>\n","protected":false},"excerpt":{"rendered":"<p>VERGESTOP CR\u00c9ME est une \u00e9mulsion \u00e0 base d\u2019un complexe biotechnologique brevet\u00e9.<\/p>\n","protected":false},"featured_media":26423,"comment_status":"open","ping_status":"closed","template":"","meta":[],"product_cat":[235],"product_tag":[],"class_list":{"0":"post-22082","1":"product","2":"type-product","3":"status-publish","4":"has-post-thumbnail","6":"product_cat-corps","8":"first","9":"instock","10":"shipping-taxable","11":"purchasable","12":"product-type-simple"},"jetpack_sharing_enabled":true,"_links":{"self":[{"href":"https:\/\/para-pharmacity.tn\/index.php?rest_route=\/wp\/v2\/product\/22082","targetHints":{"allow":["GET"]}}],"collection":[{"href":"https:\/\/para-pharmacity.tn\/index.php?rest_route=\/wp\/v2\/product"}],"about":[{"href":"https:\/\/para-pharmacity.tn\/index.php?rest_route=\/wp\/v2\/types\/product"}],"replies":[{"embeddable":true,"href":"https:\/\/para-pharmacity.tn\/index.php?rest_route=%2Fwp%2Fv2%2Fcomments&post=22082"}],"version-history":[{"count":2,"href":"https:\/\/para-pharmacity.tn\/index.php?rest_route=\/wp\/v2\/product\/22082\/revisions"}],"predecessor-version":[{"id":26424,"href":"https:\/\/para-pharmacity.tn\/index.php?rest_route=\/wp\/v2\/product\/22082\/revisions\/26424"}],"wp:featuredmedia":[{"embeddable":true,"href":"https:\/\/para-pharmacity.tn\/index.php?rest_route=\/wp\/v2\/media\/26423"}],"wp:attachment":[{"href":"https:\/\/para-pharmacity.tn\/index.php?rest_route=%2Fwp%2Fv2%2Fmedia&parent=22082"}],"wp:term":[{"taxonomy":"product_cat","embeddable":true,"href":"https:\/\/para-pharmacity.tn\/index.php?rest_route=%2Fwp%2Fv2%2Fproduct_cat&post=22082"},{"taxonomy":"product_tag","embeddable":true,"href":"https:\/\/para-pharmacity.tn\/index.php?rest_route=%2Fwp%2Fv2%2Fproduct_tag&post=22082"}],"curies":[{"name":"wp","href":"https:\/\/api.w.org\/{rel}","templated":true}]}}