{"id":22072,"date":"2024-07-11T10:27:48","date_gmt":"2024-07-11T10:27:48","guid":{"rendered":"https:\/\/para-pharmacity.tn\/?product=vital-phytolax"},"modified":"2025-05-14T15:35:10","modified_gmt":"2025-05-14T15:35:10","slug":"vital-phytolax","status":"publish","type":"product","link":"https:\/\/para-pharmacity.tn\/?product=vital-phytolax","title":{"rendered":"VITAL PHYTOLAX"},"content":{"rendered":"<p>PhytoLAX est un compl\u00e9ment alimentaire alliant les effets b\u00e9n\u00e9fiques de trois plantes afin de vous aider \u00e0 retrouver un transit intestinal normal et \u00e0 r\u00e9g\u00e9n\u00e9rer la flore intestinale.<\/p>\n<p>&nbsp;<\/p>\n<p>Drainage pour intestins paresseux. Stimulation intense du transit intestinal et r\u00e9duction du ballonnement.<\/p>\n<h5 class=\"tab-title\">INDICATIONS<\/h5>\n<div class=\"tab-content\">\n<p>Constipation aigue et occasionnelle<br \/>\nColopathie<br \/>\nPr\u00e9paration \u00e0 une coloscopie<br \/>\nChirurgie du colon<\/p>\n<\/div>\n<div class=\"tab\">\n<h5 class=\"tab-title\">COMPOSITIONS<\/h5>\n<div class=\"tab-content\">S\u00e9n\u00e9, Alo\u00e8 vera, saccharomyces cerevisiae, pectine de pomme<\/div>\n<\/div>\n<div class=\"tab\">\n<h5 class=\"tab-title\">CONTRE INDICATIONS<\/h5>\n<div class=\"tab-content\">Ne pas utiliser ce traitement pour plus de 10 jours.<br \/>\nNe pas donner aux enfants de moins de 12 ans.<br \/>\nNe pas donner aux femmes enceintes et allaitantes<\/div>\n<\/div>\n<div class=\"tab\">\n<h5 class=\"tab-title\">FORME<\/h5>\n<div class=\"tab-content\">G\u00e9lule<\/div>\n<\/div>\n<div class=\"tab\">\n<h5 class=\"tab-title\">INFOS SUR LE PRODUIT<\/h5>\n<div class=\"tab-content\">\n<p>Boite de 20 g\u00e9lules<\/p>\n<\/div>\n<\/div>\n<div class=\"tab\">\n<h5 class=\"tab-title\">Conseils d&rsquo;utilisation<\/h5>\n<div class=\"tab-content\">\n<p>2 g\u00e9lules\/jour en cas de besoin.<br \/>\nEffets secondaires : l\u2019usage r\u00e9gulier peut entrainer une Dependence ou un effet irritant<\/p>\n<\/div>\n<\/div>\n","protected":false},"excerpt":{"rendered":"<p>Drainage pour intestins paresseux. Stimulation intense du transit intestinal et r\u00e9duction du ballonnement.<\/p>\n","protected":false},"featured_media":26108,"comment_status":"open","ping_status":"closed","template":"","meta":[],"product_cat":[286],"product_tag":[],"class_list":{"0":"post-22072","1":"product","2":"type-product","3":"status-publish","4":"has-post-thumbnail","6":"product_cat-complement-alimentaire","8":"first","9":"instock","10":"shipping-taxable","11":"purchasable","12":"product-type-simple"},"jetpack_sharing_enabled":true,"_links":{"self":[{"href":"https:\/\/para-pharmacity.tn\/index.php?rest_route=\/wp\/v2\/product\/22072","targetHints":{"allow":["GET"]}}],"collection":[{"href":"https:\/\/para-pharmacity.tn\/index.php?rest_route=\/wp\/v2\/product"}],"about":[{"href":"https:\/\/para-pharmacity.tn\/index.php?rest_route=\/wp\/v2\/types\/product"}],"replies":[{"embeddable":true,"href":"https:\/\/para-pharmacity.tn\/index.php?rest_route=%2Fwp%2Fv2%2Fcomments&post=22072"}],"version-history":[{"count":2,"href":"https:\/\/para-pharmacity.tn\/index.php?rest_route=\/wp\/v2\/product\/22072\/revisions"}],"predecessor-version":[{"id":26109,"href":"https:\/\/para-pharmacity.tn\/index.php?rest_route=\/wp\/v2\/product\/22072\/revisions\/26109"}],"wp:featuredmedia":[{"embeddable":true,"href":"https:\/\/para-pharmacity.tn\/index.php?rest_route=\/wp\/v2\/media\/26108"}],"wp:attachment":[{"href":"https:\/\/para-pharmacity.tn\/index.php?rest_route=%2Fwp%2Fv2%2Fmedia&parent=22072"}],"wp:term":[{"taxonomy":"product_cat","embeddable":true,"href":"https:\/\/para-pharmacity.tn\/index.php?rest_route=%2Fwp%2Fv2%2Fproduct_cat&post=22072"},{"taxonomy":"product_tag","embeddable":true,"href":"https:\/\/para-pharmacity.tn\/index.php?rest_route=%2Fwp%2Fv2%2Fproduct_tag&post=22072"}],"curies":[{"name":"wp","href":"https:\/\/api.w.org\/{rel}","templated":true}]}}