{"id":22055,"date":"2024-07-11T10:27:41","date_gmt":"2024-07-11T10:27:41","guid":{"rendered":"https:\/\/para-pharmacity.tn\/?product=almaflore-huile-de-n-abricot-10-ml"},"modified":"2025-04-15T14:28:37","modified_gmt":"2025-04-15T14:28:37","slug":"almaflore-huile-de-n-abricot-10-ml","status":"publish","type":"product","link":"https:\/\/para-pharmacity.tn\/?product=almaflore-huile-de-n-abricot-10-ml","title":{"rendered":"ALMAFLORE HUILE DE N ABRICOT 10 ML"},"content":{"rendered":"<p class=\"\" data-start=\"374\" data-end=\"684\">L\u2019huile de noyau d\u2019abricot ALMAFLORE 10 ml est une huile v\u00e9g\u00e9tale 100% pure, obtenue par pression \u00e0 froid. Elle est riche en <strong data-start=\"499\" data-end=\"519\">vitamines A et E<\/strong>, qui aident \u00e0 nourrir, adoucir et revitaliser la peau. Gr\u00e2ce \u00e0 sa texture l\u00e9g\u00e8re, elle hydrate en profondeur, illumine le teint et am\u00e9liore l\u2019\u00e9lasticit\u00e9 de la peau.<\/p>\n<p class=\"\" data-start=\"686\" data-end=\"948\">Elle convient \u00e0 tous les types de peau, notamment les peaux s\u00e8ches et ternes, et peut \u00eatre utilis\u00e9e comme soin de jour ou de nuit pour un teint \u00e9clatant et frais. Cette huile est \u00e9galement id\u00e9ale pour les massages gr\u00e2ce \u00e0 sa douceur et ses propri\u00e9t\u00e9s apaisantes.<\/p>\n<p class=\"\" data-start=\"950\" data-end=\"1032\"><strong data-start=\"950\" data-end=\"965\">Utilisation<\/strong> : Appliquer quelques gouttes sur la peau propre, matin et\/ou soir.<\/p>\n","protected":false},"excerpt":{"rendered":"<p class=\"\" data-start=\"172\" data-end=\"317\">Huile 100% pure et naturelle, id\u00e9ale pour nourrir et adoucir la peau. Riche en vitamines A et E, elle illumine le teint et hydrate en profondeur.<\/p>\n","protected":false},"featured_media":25126,"comment_status":"open","ping_status":"closed","template":"","meta":[],"product_cat":[211],"product_tag":[],"class_list":{"0":"post-22055","1":"product","2":"type-product","3":"status-publish","4":"has-post-thumbnail","6":"product_cat-cheveux","8":"first","9":"instock","10":"shipping-taxable","11":"purchasable","12":"product-type-simple"},"jetpack_sharing_enabled":true,"_links":{"self":[{"href":"https:\/\/para-pharmacity.tn\/index.php?rest_route=\/wp\/v2\/product\/22055","targetHints":{"allow":["GET"]}}],"collection":[{"href":"https:\/\/para-pharmacity.tn\/index.php?rest_route=\/wp\/v2\/product"}],"about":[{"href":"https:\/\/para-pharmacity.tn\/index.php?rest_route=\/wp\/v2\/types\/product"}],"replies":[{"embeddable":true,"href":"https:\/\/para-pharmacity.tn\/index.php?rest_route=%2Fwp%2Fv2%2Fcomments&post=22055"}],"version-history":[{"count":2,"href":"https:\/\/para-pharmacity.tn\/index.php?rest_route=\/wp\/v2\/product\/22055\/revisions"}],"predecessor-version":[{"id":25128,"href":"https:\/\/para-pharmacity.tn\/index.php?rest_route=\/wp\/v2\/product\/22055\/revisions\/25128"}],"wp:featuredmedia":[{"embeddable":true,"href":"https:\/\/para-pharmacity.tn\/index.php?rest_route=\/wp\/v2\/media\/25126"}],"wp:attachment":[{"href":"https:\/\/para-pharmacity.tn\/index.php?rest_route=%2Fwp%2Fv2%2Fmedia&parent=22055"}],"wp:term":[{"taxonomy":"product_cat","embeddable":true,"href":"https:\/\/para-pharmacity.tn\/index.php?rest_route=%2Fwp%2Fv2%2Fproduct_cat&post=22055"},{"taxonomy":"product_tag","embeddable":true,"href":"https:\/\/para-pharmacity.tn\/index.php?rest_route=%2Fwp%2Fv2%2Fproduct_tag&post=22055"}],"curies":[{"name":"wp","href":"https:\/\/api.w.org\/{rel}","templated":true}]}}