{"id":22053,"date":"2024-07-11T10:27:39","date_gmt":"2024-07-11T10:27:39","guid":{"rendered":"https:\/\/para-pharmacity.tn\/?product=vital-plantalgic-extra-b15"},"modified":"2025-05-14T11:17:01","modified_gmt":"2025-05-14T11:17:01","slug":"vital-plantalgic-extra-b15","status":"publish","type":"product","link":"https:\/\/para-pharmacity.tn\/?product=vital-plantalgic-extra-b15","title":{"rendered":"VITAL PLANTALGIC EXTRA B15"},"content":{"rendered":"<p><b>Plantherapie Plantalgic Extra 15 Gelules<\/b><\/p>\n<p>Plantherapie Plantalgic Extra est un compl\u00e9ment alimentaire con\u00e7u pour soulager efficacement les douleurs musculaires, les c\u00e9phal\u00e9es et les arthralgies. Formul\u00e9 \u00e0 base d\u2019ingr\u00e9dients naturels, ce produit vise \u00e0 apporter un confort et un bien-\u00eatre au quotidien.<\/p>\n<p><b>Caract\u00e9ristiques :<\/b><\/p>\n<ul>\n<li>Soulagement rapide : Att\u00e9nue les douleurs musculaires et articulaires.<\/li>\n<li>Action cibl\u00e9e : Efficace contre les c\u00e9phal\u00e9es et les douleurs articulaires.<\/li>\n<li>Ingr\u00e9dients naturels : Formul\u00e9 pour un usage en toute s\u00e9curit\u00e9.<\/li>\n<\/ul>\n","protected":false},"excerpt":{"rendered":"<p>Il est indiqu\u00e9 pour soulager les douleurs musculaires, les c\u00e9phal\u00e9es et les arthralgies.<\/p>\n","protected":false},"featured_media":26091,"comment_status":"open","ping_status":"closed","template":"","meta":[],"product_cat":[286],"product_tag":[],"class_list":{"0":"post-22053","1":"product","2":"type-product","3":"status-publish","4":"has-post-thumbnail","6":"product_cat-complement-alimentaire","8":"first","9":"instock","10":"shipping-taxable","11":"purchasable","12":"product-type-simple"},"jetpack_sharing_enabled":true,"_links":{"self":[{"href":"https:\/\/para-pharmacity.tn\/index.php?rest_route=\/wp\/v2\/product\/22053","targetHints":{"allow":["GET"]}}],"collection":[{"href":"https:\/\/para-pharmacity.tn\/index.php?rest_route=\/wp\/v2\/product"}],"about":[{"href":"https:\/\/para-pharmacity.tn\/index.php?rest_route=\/wp\/v2\/types\/product"}],"replies":[{"embeddable":true,"href":"https:\/\/para-pharmacity.tn\/index.php?rest_route=%2Fwp%2Fv2%2Fcomments&post=22053"}],"version-history":[{"count":2,"href":"https:\/\/para-pharmacity.tn\/index.php?rest_route=\/wp\/v2\/product\/22053\/revisions"}],"predecessor-version":[{"id":26092,"href":"https:\/\/para-pharmacity.tn\/index.php?rest_route=\/wp\/v2\/product\/22053\/revisions\/26092"}],"wp:featuredmedia":[{"embeddable":true,"href":"https:\/\/para-pharmacity.tn\/index.php?rest_route=\/wp\/v2\/media\/26091"}],"wp:attachment":[{"href":"https:\/\/para-pharmacity.tn\/index.php?rest_route=%2Fwp%2Fv2%2Fmedia&parent=22053"}],"wp:term":[{"taxonomy":"product_cat","embeddable":true,"href":"https:\/\/para-pharmacity.tn\/index.php?rest_route=%2Fwp%2Fv2%2Fproduct_cat&post=22053"},{"taxonomy":"product_tag","embeddable":true,"href":"https:\/\/para-pharmacity.tn\/index.php?rest_route=%2Fwp%2Fv2%2Fproduct_tag&post=22053"}],"curies":[{"name":"wp","href":"https:\/\/api.w.org\/{rel}","templated":true}]}}