{"id":22052,"date":"2024-07-11T10:27:39","date_gmt":"2024-07-11T10:27:39","guid":{"rendered":"https:\/\/para-pharmacity.tn\/?product=vital-plantalgic"},"modified":"2025-05-14T11:20:52","modified_gmt":"2025-05-14T11:20:52","slug":"vital-plantalgic","status":"publish","type":"product","link":"https:\/\/para-pharmacity.tn\/?product=vital-plantalgic","title":{"rendered":"VITAL PLANTALGIC"},"content":{"rendered":"<p>Les g\u00e9lules PHYTOTHERA PLANTALGIC sont sp\u00e9cialement con\u00e7ues pour soulager les douleurs articulaires et musculaires de mani\u00e8re naturelle et efficace. Gr\u00e2ce \u00e0 leur composition \u00e0 base de plantes telles que l&rsquo;harpagophytum, le cassis et la reine des pr\u00e9s, ces g\u00e9lules agissent en profondeur et aident \u00e0 soulager la douleur et l&rsquo;inflammation. Elles sont id\u00e9ales pour les personnes souffrant d&rsquo;arthrose, de rhumatismes ou de douleurs musculaires. Les g\u00e9lules PHYTOTHERA PLANTALGIC sont faciles \u00e0 prendre et peuvent \u00eatre utilis\u00e9es en compl\u00e9ment d&rsquo;un traitement m\u00e9dical. Leur efficacit\u00e9 a \u00e9t\u00e9 prouv\u00e9e et elles sont recommand\u00e9es par de nombreux professionnels de sant\u00e9. Commandez d\u00e8s maintenant sur notre site de parapharmacie pour retrouver un soulagement rapide et durable de vos douleurs articulaires et musculaires.<br \/>\n&#8211; Extrait de griffe du diable<br \/>\n&#8211; Extrait de bambou<br \/>\n&#8211; Extrait de reine des pr\u00e9s<br \/>\n&#8211; Extrait de curcuma<br \/>\n&#8211; Extrait de saule blanc<br \/>\n&#8211; Extrait de cassis<br \/>\n&#8211; Extrait de reine des bois<br \/>\n&#8211; Extrait de grand plantain<br \/>\n&#8211; Extrait de cassisi\u00e8res<br \/>\n&#8211; Extrait de harpagophytum<br \/>\n&#8211; Extrait de pr\u00eale<br \/>\n&#8211; Extrait de bardane<br \/>\n&#8211; Extrait de racine de vigne rouge<br \/>\n&#8211; Extrait de marc de raisin<br \/>\n&#8211; Extrait de p\u00e9pins de raisin<br \/>\nConseils d&rsquo;utilisation du produit PHYTOTHERA PLANTALGIC 15 GELULES:<\/p>\n<p>&#8211; Prendre 1 \u00e0 2 g\u00e9lules par jour, de pr\u00e9f\u00e9rence avec un verre d&rsquo;eau, au moment des repas.<br \/>\n&#8211; Respecter la posologie recommand\u00e9e, ne pas d\u00e9passer la dose quotidienne recommand\u00e9e.<br \/>\n&#8211; Tenir hors de port\u00e9e des enfants.<br \/>\n&#8211; Ne pas utiliser en cas d&rsquo;allergie \u00e0 l&rsquo;un des composants du produit.<br \/>\n&#8211; Ce compl\u00e9ment alimentaire ne doit pas se substituer \u00e0 une alimentation vari\u00e9e et \u00e9quilibr\u00e9e.<br \/>\n&#8211; En cas de doute, demandez l&rsquo;avis de votre m\u00e9decin ou de votre pharmacien.<br \/>\n&#8211; Conserver dans un endroit frais et sec, \u00e0 l&rsquo;abri de la lumi\u00e8re.<\/p>\n","protected":false},"excerpt":{"rendered":"<p>PHYTOTHERA Plantalgic est un compl\u00e9ment alimentaire alliant les effets b\u00e9n\u00e9fique d&rsquo;extraits de deux plantes afin de vous aider a soulager les sensations d\u00e9sagr\u00e9ables.<\/p>\n","protected":false},"featured_media":26096,"comment_status":"open","ping_status":"closed","template":"","meta":[],"product_cat":[286],"product_tag":[],"class_list":{"0":"post-22052","1":"product","2":"type-product","3":"status-publish","4":"has-post-thumbnail","6":"product_cat-complement-alimentaire","8":"first","9":"instock","10":"shipping-taxable","11":"purchasable","12":"product-type-simple"},"jetpack_sharing_enabled":true,"_links":{"self":[{"href":"https:\/\/para-pharmacity.tn\/index.php?rest_route=\/wp\/v2\/product\/22052","targetHints":{"allow":["GET"]}}],"collection":[{"href":"https:\/\/para-pharmacity.tn\/index.php?rest_route=\/wp\/v2\/product"}],"about":[{"href":"https:\/\/para-pharmacity.tn\/index.php?rest_route=\/wp\/v2\/types\/product"}],"replies":[{"embeddable":true,"href":"https:\/\/para-pharmacity.tn\/index.php?rest_route=%2Fwp%2Fv2%2Fcomments&post=22052"}],"version-history":[{"count":2,"href":"https:\/\/para-pharmacity.tn\/index.php?rest_route=\/wp\/v2\/product\/22052\/revisions"}],"predecessor-version":[{"id":26097,"href":"https:\/\/para-pharmacity.tn\/index.php?rest_route=\/wp\/v2\/product\/22052\/revisions\/26097"}],"wp:featuredmedia":[{"embeddable":true,"href":"https:\/\/para-pharmacity.tn\/index.php?rest_route=\/wp\/v2\/media\/26096"}],"wp:attachment":[{"href":"https:\/\/para-pharmacity.tn\/index.php?rest_route=%2Fwp%2Fv2%2Fmedia&parent=22052"}],"wp:term":[{"taxonomy":"product_cat","embeddable":true,"href":"https:\/\/para-pharmacity.tn\/index.php?rest_route=%2Fwp%2Fv2%2Fproduct_cat&post=22052"},{"taxonomy":"product_tag","embeddable":true,"href":"https:\/\/para-pharmacity.tn\/index.php?rest_route=%2Fwp%2Fv2%2Fproduct_tag&post=22052"}],"curies":[{"name":"wp","href":"https:\/\/api.w.org\/{rel}","templated":true}]}}