{"id":22049,"date":"2024-07-11T10:27:34","date_gmt":"2024-07-11T10:27:34","guid":{"rendered":"https:\/\/para-pharmacity.tn\/?product=vital-healthcare-ferticare-30-sachets"},"modified":"2025-05-21T11:00:10","modified_gmt":"2025-05-21T11:00:10","slug":"vital-healthcare-ferticare-30-sachets","status":"publish","type":"product","link":"https:\/\/para-pharmacity.tn\/?product=vital-healthcare-ferticare-30-sachets","title":{"rendered":"VITAL HEALTHCARE FERTICARE 30 SACHETS"},"content":{"rendered":"<p><strong>Ferticare Homme 30 Sachets<\/strong><\/p>\n<p><strong>Ferticare Homme<\/strong>\u00a0est un compl\u00e9ment alimentaire sp\u00e9cialement formul\u00e9 pour soutenir la fertilit\u00e9 masculine. Gr\u00e2ce \u00e0 sa composition unique, il apporte les nutriments essentiels n\u00e9cessaires pour am\u00e9liorer la qualit\u00e9 du sperme et favoriser la fertilit\u00e9. Ce compl\u00e9ment est con\u00e7u pour les hommes qui souhaitent optimiser leur sant\u00e9 reproductive et am\u00e9liorer leurs chances de conception.<\/p>\n<h3><strong>Caract\u00e9ristiques principales :<\/strong><\/h3>\n<ul>\n<li><strong>Formule enrichie<\/strong>\u00a0: Chaque sachet contient des vitamines, min\u00e9raux et antioxydants, notamment de la\u00a0<strong>vitamine C<\/strong>, de la\u00a0<strong>vitamine E<\/strong>, du\u00a0<strong>zinc<\/strong>\u00a0et de l&rsquo;<strong>acide folique<\/strong>, qui contribuent \u00e0 la protection des cellules contre le stress oxydatif et favorisent une fonction reproductive optimale.<\/li>\n<li><strong>Soutien \u00e0 la fertilit\u00e9<\/strong>\u00a0: Le\u00a0<strong>zinc<\/strong>\u00a0et l&rsquo;<strong>acide folique<\/strong>\u00a0pr\u00e9sents dans la formule aident \u00e0 maintenir une spermatogen\u00e8se normale, favorisant ainsi une meilleure qualit\u00e9 du sperme.<\/li>\n<li><strong>Antioxydants<\/strong>\u00a0: La formule contient des antioxydants puissants qui aident \u00e0 prot\u00e9ger les cellules des dommages caus\u00e9s par les radicaux libres, un facteur cl\u00e9 pour maintenir la sant\u00e9 reproductive.<\/li>\n<li><strong>Facile \u00e0 prendre<\/strong>\u00a0: Chaque bo\u00eete contient\u00a0<strong>30 sachets<\/strong>\u00a0\u00e0 diluer dans de l&rsquo;eau, offrant une prise simple et pratique au quotidien.<\/li>\n<\/ul>\n<h3><strong>Conseils d&rsquo;utilisation :<\/strong><\/h3>\n<p>Prendre un sachet par jour, de pr\u00e9f\u00e9rence \u00e0 la m\u00eame heure, dilu\u00e9 dans un verre d&rsquo;eau. Il est recommand\u00e9 de suivre ce compl\u00e9ment alimentaire pendant plusieurs mois pour observer des r\u00e9sultats optimaux.<\/p>\n<p>&nbsp;<\/p>\n<p><strong>Ferticare Homme 30 Sachets<\/strong>\u00a0est un compl\u00e9ment id\u00e9al pour les hommes d\u00e9sireux de prendre soin de leur fertilit\u00e9 et de leur sant\u00e9 reproductive. Gr\u00e2ce \u00e0 sa formule compl\u00e8te, il offre un soutien naturel pour am\u00e9liorer la qualit\u00e9 du sperme et optimiser les chances de conception.<\/p>\n","protected":false},"excerpt":{"rendered":"<p>Compl\u00e9ment alimentaire contenant du zinc et du s\u00e9l\u00e9nium, qui contribuent au fonctionnement normal de la fertilit\u00e9, de la reproduction m\u00e2le et la Spermatogenese.<\/p>\n","protected":false},"featured_media":26246,"comment_status":"open","ping_status":"closed","template":"","meta":[],"product_cat":[286],"product_tag":[],"class_list":{"0":"post-22049","1":"product","2":"type-product","3":"status-publish","4":"has-post-thumbnail","6":"product_cat-complement-alimentaire","8":"first","9":"instock","10":"shipping-taxable","11":"purchasable","12":"product-type-simple"},"jetpack_sharing_enabled":true,"_links":{"self":[{"href":"https:\/\/para-pharmacity.tn\/index.php?rest_route=\/wp\/v2\/product\/22049","targetHints":{"allow":["GET"]}}],"collection":[{"href":"https:\/\/para-pharmacity.tn\/index.php?rest_route=\/wp\/v2\/product"}],"about":[{"href":"https:\/\/para-pharmacity.tn\/index.php?rest_route=\/wp\/v2\/types\/product"}],"replies":[{"embeddable":true,"href":"https:\/\/para-pharmacity.tn\/index.php?rest_route=%2Fwp%2Fv2%2Fcomments&post=22049"}],"version-history":[{"count":2,"href":"https:\/\/para-pharmacity.tn\/index.php?rest_route=\/wp\/v2\/product\/22049\/revisions"}],"predecessor-version":[{"id":26247,"href":"https:\/\/para-pharmacity.tn\/index.php?rest_route=\/wp\/v2\/product\/22049\/revisions\/26247"}],"wp:featuredmedia":[{"embeddable":true,"href":"https:\/\/para-pharmacity.tn\/index.php?rest_route=\/wp\/v2\/media\/26246"}],"wp:attachment":[{"href":"https:\/\/para-pharmacity.tn\/index.php?rest_route=%2Fwp%2Fv2%2Fmedia&parent=22049"}],"wp:term":[{"taxonomy":"product_cat","embeddable":true,"href":"https:\/\/para-pharmacity.tn\/index.php?rest_route=%2Fwp%2Fv2%2Fproduct_cat&post=22049"},{"taxonomy":"product_tag","embeddable":true,"href":"https:\/\/para-pharmacity.tn\/index.php?rest_route=%2Fwp%2Fv2%2Fproduct_tag&post=22049"}],"curies":[{"name":"wp","href":"https:\/\/api.w.org\/{rel}","templated":true}]}}