{"id":22046,"date":"2024-07-11T10:27:33","date_gmt":"2024-07-11T10:27:33","guid":{"rendered":"https:\/\/para-pharmacity.tn\/?product=therapia-carbogas-30-gelllules"},"modified":"2025-06-13T13:12:11","modified_gmt":"2025-06-13T13:12:11","slug":"therapia-carbogas-30-gelllules","status":"publish","type":"product","link":"https:\/\/para-pharmacity.tn\/?product=therapia-carbogas-30-gelllules","title":{"rendered":"THERAPIA CARBOGAS 30 GELLLULES"},"content":{"rendered":"<p>ce produit vise \u00e0 r\u00e9duire efficacement les flatulences et les ballonnements, am\u00e9liorant la digestion et absorbant les gaz pour potentiellement att\u00e9nuer la mauvaise haleine et les odeurs corporelles d\u00e9sagr\u00e9ables.<\/p>\n<p>propri\u00e9t\u00e9s :<\/p>\n<p>charbon v\u00e9g\u00e9tal : capable d&rsquo;absorber jusqu&rsquo;\u00e0 100 fois son volume en gaz, il contribue \u00e0 \u00e9liminer les gaz li\u00e9s aux fermentations, soulageant ainsi les ballonnements.<\/p>\n<p>romarin : connue pour ses propri\u00e9t\u00e9s efficaces contre les troubles digestifs.<\/p>\n<p>m\u00e9lisse : apaise les spasmes gastro-intestinaux mineurs.<\/p>\n<p>indications :<\/p>\n<p>ce produit est recommand\u00e9 pour les personnes souffrant de ballonnements, de gaz, de fermentations, de br\u00fblures d&rsquo;estomac, de diarrh\u00e9e ou de d\u00e9s\u00e9quilibres de la flore intestinale.<\/p>\n<p>ingr\u00e9dients :<\/p>\n<p>m\u00e9lisse, romarin, charbon v\u00e9g\u00e9tal.<\/p>\n<p>conseils d\u2019utilisation :<\/p>\n<p>adultes : prendre 1 g\u00e9lule avant chaque repas.<\/p>\n<p>enfants de plus de 12 ans : prendre 1 g\u00e9lule avant chaque repas.<\/p>\n<p>pr\u00e9cautions d\u2019emploi :<\/p>\n<p>il est recommand\u00e9 de s\u00e9parer la prise du charbon v\u00e9g\u00e9tal de celle des autres traitements.<\/p>\n<p>conservation :<\/p>\n<p>\u00e0 conserver dans un endroit sec, \u00e0 l\u2019abri de l\u2019humidit\u00e9, \u00e0 une temp\u00e9rature inf\u00e9rieure \u00e0 25\u00b0c. tenir hors de la port\u00e9e des enfants.<\/p>\n","protected":false},"excerpt":{"rendered":"<p><strong data-start=\"0\" data-end=\"29\" data-is-only-node=\"\">Charbon v\u00e9g\u00e9tal + plantes<\/strong> : soulage ballonnements, gaz et br\u00fblures d\u2019estomac. Absorbe les gaz, facilite la digestion et aide en cas de diarrh\u00e9e ou de flore intestinale d\u00e9s\u00e9quilibr\u00e9e.<\/p>\n","protected":false},"featured_media":26782,"comment_status":"open","ping_status":"closed","template":"","meta":[],"product_cat":[204,217],"product_tag":[],"class_list":{"0":"post-22046","1":"product","2":"type-product","3":"status-publish","4":"has-post-thumbnail","6":"product_cat-complement","7":"product_cat-vitamines","9":"first","10":"instock","11":"shipping-taxable","12":"purchasable","13":"product-type-simple"},"jetpack_sharing_enabled":true,"_links":{"self":[{"href":"https:\/\/para-pharmacity.tn\/index.php?rest_route=\/wp\/v2\/product\/22046","targetHints":{"allow":["GET"]}}],"collection":[{"href":"https:\/\/para-pharmacity.tn\/index.php?rest_route=\/wp\/v2\/product"}],"about":[{"href":"https:\/\/para-pharmacity.tn\/index.php?rest_route=\/wp\/v2\/types\/product"}],"replies":[{"embeddable":true,"href":"https:\/\/para-pharmacity.tn\/index.php?rest_route=%2Fwp%2Fv2%2Fcomments&post=22046"}],"version-history":[{"count":2,"href":"https:\/\/para-pharmacity.tn\/index.php?rest_route=\/wp\/v2\/product\/22046\/revisions"}],"predecessor-version":[{"id":26783,"href":"https:\/\/para-pharmacity.tn\/index.php?rest_route=\/wp\/v2\/product\/22046\/revisions\/26783"}],"wp:featuredmedia":[{"embeddable":true,"href":"https:\/\/para-pharmacity.tn\/index.php?rest_route=\/wp\/v2\/media\/26782"}],"wp:attachment":[{"href":"https:\/\/para-pharmacity.tn\/index.php?rest_route=%2Fwp%2Fv2%2Fmedia&parent=22046"}],"wp:term":[{"taxonomy":"product_cat","embeddable":true,"href":"https:\/\/para-pharmacity.tn\/index.php?rest_route=%2Fwp%2Fv2%2Fproduct_cat&post=22046"},{"taxonomy":"product_tag","embeddable":true,"href":"https:\/\/para-pharmacity.tn\/index.php?rest_route=%2Fwp%2Fv2%2Fproduct_tag&post=22046"}],"curies":[{"name":"wp","href":"https:\/\/api.w.org\/{rel}","templated":true}]}}