{"id":22034,"date":"2024-07-11T10:27:28","date_gmt":"2024-07-11T10:27:28","guid":{"rendered":"https:\/\/para-pharmacity.tn\/?product=vitanos-vitamine-c-sans-sucre-15g"},"modified":"2025-05-07T14:27:51","modified_gmt":"2025-05-07T14:27:51","slug":"vitanos-vitamine-c-sans-sucre-15g","status":"publish","type":"product","link":"https:\/\/para-pharmacity.tn\/?product=vitanos-vitamine-c-sans-sucre-15g","title":{"rendered":"VITANOS VITAMINE C SANS SUCRE 15G"},"content":{"rendered":"<p><strong data-start=\"0\" data-end=\"29\" data-is-only-node=\"\">Ce compl\u00e9ment alimentaire<\/strong> aide \u00e0 r\u00e9duire la fatigue, renforce le syst\u00e8me immunitaire et favorise la r\u00e9sistance de l\u2019organisme face aux agressions ext\u00e9rieures.<br data-start=\"162\" data-end=\"165\" \/><strong data-start=\"165\" data-end=\"178\">Posologie<\/strong> : 2 g\u00e9lules le matin.<\/p>\n","protected":false},"excerpt":{"rendered":"<p>R\u00e9duit la fatigue, booste l\u2019immunit\u00e9 et renforce la r\u00e9sistance.<\/p>\n","protected":false},"featured_media":25962,"comment_status":"open","ping_status":"closed","template":"","meta":[],"product_cat":[286],"product_tag":[],"class_list":{"0":"post-22034","1":"product","2":"type-product","3":"status-publish","4":"has-post-thumbnail","6":"product_cat-complement-alimentaire","8":"first","9":"instock","10":"shipping-taxable","11":"purchasable","12":"product-type-simple"},"jetpack_sharing_enabled":true,"_links":{"self":[{"href":"https:\/\/para-pharmacity.tn\/index.php?rest_route=\/wp\/v2\/product\/22034","targetHints":{"allow":["GET"]}}],"collection":[{"href":"https:\/\/para-pharmacity.tn\/index.php?rest_route=\/wp\/v2\/product"}],"about":[{"href":"https:\/\/para-pharmacity.tn\/index.php?rest_route=\/wp\/v2\/types\/product"}],"replies":[{"embeddable":true,"href":"https:\/\/para-pharmacity.tn\/index.php?rest_route=%2Fwp%2Fv2%2Fcomments&post=22034"}],"version-history":[{"count":2,"href":"https:\/\/para-pharmacity.tn\/index.php?rest_route=\/wp\/v2\/product\/22034\/revisions"}],"predecessor-version":[{"id":25963,"href":"https:\/\/para-pharmacity.tn\/index.php?rest_route=\/wp\/v2\/product\/22034\/revisions\/25963"}],"wp:featuredmedia":[{"embeddable":true,"href":"https:\/\/para-pharmacity.tn\/index.php?rest_route=\/wp\/v2\/media\/25962"}],"wp:attachment":[{"href":"https:\/\/para-pharmacity.tn\/index.php?rest_route=%2Fwp%2Fv2%2Fmedia&parent=22034"}],"wp:term":[{"taxonomy":"product_cat","embeddable":true,"href":"https:\/\/para-pharmacity.tn\/index.php?rest_route=%2Fwp%2Fv2%2Fproduct_cat&post=22034"},{"taxonomy":"product_tag","embeddable":true,"href":"https:\/\/para-pharmacity.tn\/index.php?rest_route=%2Fwp%2Fv2%2Fproduct_tag&post=22034"}],"curies":[{"name":"wp","href":"https:\/\/api.w.org\/{rel}","templated":true}]}}