{"id":22033,"date":"2024-07-11T10:27:27","date_gmt":"2024-07-11T10:27:27","guid":{"rendered":"https:\/\/para-pharmacity.tn\/?product=vital-pediakids-vitamine-d3-35ml"},"modified":"2025-05-14T16:15:40","modified_gmt":"2025-05-14T16:15:40","slug":"vital-pediakids-vitamine-d3-35ml","status":"publish","type":"product","link":"https:\/\/para-pharmacity.tn\/?product=vital-pediakids-vitamine-d3-35ml","title":{"rendered":"VITAL PEDIAKIDS VITAMINE D3 35ML"},"content":{"rendered":"<p>VITAL PEDIAKIDS VITAMINE D3 35ML est un compl\u00e9ment alimentaire sp\u00e9cialement con\u00e7u pour les enfants. Cette formule liquide contient de la vitamine D3, essentielle pour la croissance et le d\u00e9veloppement osseux des enfants. En plus de renforcer les os, la vitamine D3 favorise \u00e9galement le syst\u00e8me immunitaire, permettant \u00e0 votre enfant de rester en bonne sant\u00e9 toute l&rsquo;ann\u00e9e. Facile \u00e0 prendre gr\u00e2ce \u00e0 son format liquide, cette vitamine D3 est id\u00e9ale pour les enfants qui ont du mal \u00e0 avaler des comprim\u00e9s. Pratique et efficace, VITAL PEDIAKIDS VITAMINE D3 35ML est un alli\u00e9 de choix pour la sant\u00e9 de votre enfant.<br \/>\n&#8211; Vitamine D3<br \/>\n&#8211; Excipients : triglyc\u00e9rides \u00e0 cha\u00eene moyenne, tocoph\u00e9rols naturels<br \/>\n&#8211; Sans colorants, sans conservateurs, sans ar\u00f4mes artificiels<br \/>\n&#8211; Flacon de 35ml<br \/>\nConseils d&rsquo;utilisation :<\/p>\n<p>&#8211; Bien agiter avant utilisation.<br \/>\n&#8211; Utiliser le doseur fourni pour mesurer la quantit\u00e9 de produit \u00e0 administrer.<br \/>\n&#8211; Administrer la dose recommand\u00e9e par un professionnel de sant\u00e9 ou selon les indications du fabricant.<br \/>\n&#8211; Le produit peut \u00eatre m\u00e9lang\u00e9 avec de l&rsquo;eau, du jus ou tout autre aliment.<br \/>\n&#8211; Garder hors de la port\u00e9e des enfants.<br \/>\n&#8211; Conserver dans un endroit frais et sec, \u00e0 l&rsquo;abri de la lumi\u00e8re directe.<\/p>\n<p>Pr\u00e9cautions d&#8217;emploi :<\/p>\n<p>&#8211; Ne pas d\u00e9passer la dose recommand\u00e9e.<br \/>\n&#8211; Consultez un professionnel de sant\u00e9 en cas de doute sur l&rsquo;utilisation du produit.<br \/>\n&#8211; Ne pas utiliser en cas d&rsquo;allergie \u00e0 l&rsquo;un des composants.<br \/>\n&#8211; En cas de r\u00e9action ind\u00e9sirable, arr\u00eater l&rsquo;utilisation et consulter un professionnel de sant\u00e9.<br \/>\n&#8211; Tenir hors de port\u00e9e des enfants.<\/p>\n","protected":false},"excerpt":{"rendered":"<p><strong>P\u00e9diakids Vitamine<\/strong>\u00a0D3 optimise les apports en\u00a0<strong>vitamine D<\/strong>, qui contribue \u00e0 l&rsquo;absorption du calcium et au capital osseux.<\/p>\n","protected":false},"featured_media":26124,"comment_status":"open","ping_status":"closed","template":"","meta":[],"product_cat":[286],"product_tag":[],"class_list":{"0":"post-22033","1":"product","2":"type-product","3":"status-publish","4":"has-post-thumbnail","6":"product_cat-complement-alimentaire","8":"first","9":"instock","10":"shipping-taxable","11":"purchasable","12":"product-type-simple"},"jetpack_sharing_enabled":true,"_links":{"self":[{"href":"https:\/\/para-pharmacity.tn\/index.php?rest_route=\/wp\/v2\/product\/22033","targetHints":{"allow":["GET"]}}],"collection":[{"href":"https:\/\/para-pharmacity.tn\/index.php?rest_route=\/wp\/v2\/product"}],"about":[{"href":"https:\/\/para-pharmacity.tn\/index.php?rest_route=\/wp\/v2\/types\/product"}],"replies":[{"embeddable":true,"href":"https:\/\/para-pharmacity.tn\/index.php?rest_route=%2Fwp%2Fv2%2Fcomments&post=22033"}],"version-history":[{"count":2,"href":"https:\/\/para-pharmacity.tn\/index.php?rest_route=\/wp\/v2\/product\/22033\/revisions"}],"predecessor-version":[{"id":26125,"href":"https:\/\/para-pharmacity.tn\/index.php?rest_route=\/wp\/v2\/product\/22033\/revisions\/26125"}],"wp:featuredmedia":[{"embeddable":true,"href":"https:\/\/para-pharmacity.tn\/index.php?rest_route=\/wp\/v2\/media\/26124"}],"wp:attachment":[{"href":"https:\/\/para-pharmacity.tn\/index.php?rest_route=%2Fwp%2Fv2%2Fmedia&parent=22033"}],"wp:term":[{"taxonomy":"product_cat","embeddable":true,"href":"https:\/\/para-pharmacity.tn\/index.php?rest_route=%2Fwp%2Fv2%2Fproduct_cat&post=22033"},{"taxonomy":"product_tag","embeddable":true,"href":"https:\/\/para-pharmacity.tn\/index.php?rest_route=%2Fwp%2Fv2%2Fproduct_tag&post=22033"}],"curies":[{"name":"wp","href":"https:\/\/api.w.org\/{rel}","templated":true}]}}