{"id":22032,"date":"2024-07-11T10:27:26","date_gmt":"2024-07-11T10:27:26","guid":{"rendered":"https:\/\/para-pharmacity.tn\/?product=vital-pediakids-sommeil-calme"},"modified":"2025-05-15T09:20:23","modified_gmt":"2025-05-15T09:20:23","slug":"vital-pediakids-sommeil-calme","status":"publish","type":"product","link":"https:\/\/para-pharmacity.tn\/?product=vital-pediakids-sommeil-calme","title":{"rendered":"VITAL PEDIAKIDS SOMMEIL CALME"},"content":{"rendered":"<p><strong>Vital PediaKids Sommeil Calme<\/strong>\u00a0(150 ml) est un sirop sp\u00e9cialement con\u00e7u pour aider les enfants \u00e0 trouver un sommeil apais\u00e9 et r\u00e9parateur. Formul\u00e9 \u00e0 base d&rsquo;ingr\u00e9dients naturels, ce produit favorise la relaxation et le bien-\u00eatre, tout en \u00e9tant doux et sans danger pour les tout-petits.<\/p>\n<ul>\n<li><strong>Contenance<\/strong>\u00a0: 150 ml<\/li>\n<li><strong>Formulation<\/strong>\u00a0: \u00c0 base d&rsquo;extraits naturels tels que la camomille, la m\u00e9lisse et la passiflore, connus pour leurs propri\u00e9t\u00e9s calmantes et relaxantes.<\/li>\n<li><strong>Sp\u00e9cialement con\u00e7u pour les enfants<\/strong>\u00a0: Id\u00e9al pour apaiser les enfants ayant du mal \u00e0 s&rsquo;endormir ou qui sont agit\u00e9s avant le coucher.<\/li>\n<\/ul>\n<h3>Bienfaits :<\/h3>\n<ul>\n<li><strong>Favorise un sommeil paisible<\/strong>\u00a0: Aide \u00e0 calmer l&rsquo;agitation et \u00e0 pr\u00e9parer l&rsquo;enfant au sommeil.<\/li>\n<li><strong>Effet naturel et doux<\/strong>\u00a0: Ses ingr\u00e9dients naturels agissent en douceur, sans effets secondaires ind\u00e9sirables.<\/li>\n<li><strong>Soutien \u00e0 la relaxation<\/strong>\u00a0: Permet de r\u00e9duire l&rsquo;anxi\u00e9t\u00e9 et de favoriser un environnement propice au sommeil.<\/li>\n<\/ul>\n<h3>Mode d&#8217;emploi :<\/h3>\n<ul>\n<li>Suivre les instructions de dosage adapt\u00e9es \u00e0 l&rsquo;\u00e2ge de l&rsquo;enfant, g\u00e9n\u00e9ralement administrer le sirop le soir avant le coucher.<\/li>\n<\/ul>\n<p>&nbsp;<\/p>\n<p>En r\u00e9sum\u00e9,\u00a0<strong>Vital PediaKids Sommeil Calme<\/strong>\u00a0est un sirop efficace et naturel pour aider les enfants \u00e0 trouver un sommeil tranquille et r\u00e9parateur, tout en \u00e9tant doux et s\u00fbr pour leur sant\u00e9.<\/p>\n","protected":false},"excerpt":{"rendered":"<p>Indiqu\u00e9 en cas d&rsquo;agitation et d&rsquo;insomnie, de troubles \u00a0digestifs d&rsquo;origine nerveuse.\u00a0Sommeil Calme \u00a0est une solution buvable sp\u00e9cialement formul\u00e9e pour aider les b\u00e9b\u00e9s et les enfants \u00e0 retrouver un sommeil apaisant et calme. Il s&rsquo;agit d&rsquo;un compl\u00e9ment alimentaire compos\u00e9 d&rsquo;actifs 100% naturels et sans effets secondaires ni contre indication.<\/p>\n","protected":false},"featured_media":26135,"comment_status":"open","ping_status":"closed","template":"","meta":[],"product_cat":[286],"product_tag":[],"class_list":{"0":"post-22032","1":"product","2":"type-product","3":"status-publish","4":"has-post-thumbnail","6":"product_cat-complement-alimentaire","8":"first","9":"instock","10":"shipping-taxable","11":"purchasable","12":"product-type-simple"},"jetpack_sharing_enabled":true,"_links":{"self":[{"href":"https:\/\/para-pharmacity.tn\/index.php?rest_route=\/wp\/v2\/product\/22032","targetHints":{"allow":["GET"]}}],"collection":[{"href":"https:\/\/para-pharmacity.tn\/index.php?rest_route=\/wp\/v2\/product"}],"about":[{"href":"https:\/\/para-pharmacity.tn\/index.php?rest_route=\/wp\/v2\/types\/product"}],"replies":[{"embeddable":true,"href":"https:\/\/para-pharmacity.tn\/index.php?rest_route=%2Fwp%2Fv2%2Fcomments&post=22032"}],"version-history":[{"count":2,"href":"https:\/\/para-pharmacity.tn\/index.php?rest_route=\/wp\/v2\/product\/22032\/revisions"}],"predecessor-version":[{"id":26136,"href":"https:\/\/para-pharmacity.tn\/index.php?rest_route=\/wp\/v2\/product\/22032\/revisions\/26136"}],"wp:featuredmedia":[{"embeddable":true,"href":"https:\/\/para-pharmacity.tn\/index.php?rest_route=\/wp\/v2\/media\/26135"}],"wp:attachment":[{"href":"https:\/\/para-pharmacity.tn\/index.php?rest_route=%2Fwp%2Fv2%2Fmedia&parent=22032"}],"wp:term":[{"taxonomy":"product_cat","embeddable":true,"href":"https:\/\/para-pharmacity.tn\/index.php?rest_route=%2Fwp%2Fv2%2Fproduct_cat&post=22032"},{"taxonomy":"product_tag","embeddable":true,"href":"https:\/\/para-pharmacity.tn\/index.php?rest_route=%2Fwp%2Fv2%2Fproduct_tag&post=22032"}],"curies":[{"name":"wp","href":"https:\/\/api.w.org\/{rel}","templated":true}]}}