{"id":22030,"date":"2024-07-11T10:27:25","date_gmt":"2024-07-11T10:27:25","guid":{"rendered":"https:\/\/para-pharmacity.tn\/?product=vital-ferticare-femme"},"modified":"2025-05-21T12:51:09","modified_gmt":"2025-05-21T12:51:09","slug":"vital-ferticare-femme","status":"publish","type":"product","link":"https:\/\/para-pharmacity.tn\/?product=vital-ferticare-femme","title":{"rendered":"VITAL FERTICARE FEMME"},"content":{"rendered":"<p>Ferticare Femme 30 Sachets est un compl\u00e9ment alimentaire con\u00e7u pour aider \u00e0 r\u00e9guler l\u2019activit\u00e9 hormonale et favoriser une fertilit\u00e9 optimale. Gr\u00e2ce \u00e0 sa formule naturelle, il soutient la reproduction f\u00e9minine et augmente les chances de conception. Ce produit est id\u00e9al pour les femmes qui souhaitent am\u00e9liorer leur sant\u00e9 reproductive et optimiser leurs chances de gestation.<\/p>\n<p><strong>Indications<\/strong><\/p>\n<p>Recommand\u00e9 pour les femmes qui :<\/p>\n<p>Cherchent \u00e0 concevoir et optimiser leur fertilit\u00e9.<br \/>\nSouffrent de cycles irr\u00e9guliers ou de d\u00e9s\u00e9quilibres hormonaux.<br \/>\nD\u00e9sirent soutenir leur sant\u00e9 reproductive avant ou pendant une grossesse.<\/p>\n<p><strong>Conseil d\u2019utilisation<\/strong><\/p>\n<p>Prendre un sachet par jour avec un verre d\u2019eau.<br \/>\nConsommer pendant au moins 3 mois pour de meilleurs r\u00e9sultats.<br \/>\nDemander l\u2019avis d\u2019un m\u00e9decin en cas de grossesse ou de pathologies particuli\u00e8res.<br \/>\nConserver dans un endroit frais et sec.<\/p>\n","protected":false},"excerpt":{"rendered":"<p>Favorise la r\u00e9gulation de l\u2019activit\u00e9 hormonale<\/p>\n<p>Contribue \u00e0 une fertilit\u00e9 et \u00e0 une reproduction normale<\/p>\n<p>Optimise naturellement les chances de gestation<\/p>\n","protected":false},"featured_media":26276,"comment_status":"open","ping_status":"closed","template":"","meta":[],"product_cat":[286],"product_tag":[],"class_list":{"0":"post-22030","1":"product","2":"type-product","3":"status-publish","4":"has-post-thumbnail","6":"product_cat-complement-alimentaire","8":"first","9":"instock","10":"shipping-taxable","11":"purchasable","12":"product-type-simple"},"jetpack_sharing_enabled":true,"_links":{"self":[{"href":"https:\/\/para-pharmacity.tn\/index.php?rest_route=\/wp\/v2\/product\/22030","targetHints":{"allow":["GET"]}}],"collection":[{"href":"https:\/\/para-pharmacity.tn\/index.php?rest_route=\/wp\/v2\/product"}],"about":[{"href":"https:\/\/para-pharmacity.tn\/index.php?rest_route=\/wp\/v2\/types\/product"}],"replies":[{"embeddable":true,"href":"https:\/\/para-pharmacity.tn\/index.php?rest_route=%2Fwp%2Fv2%2Fcomments&post=22030"}],"version-history":[{"count":2,"href":"https:\/\/para-pharmacity.tn\/index.php?rest_route=\/wp\/v2\/product\/22030\/revisions"}],"predecessor-version":[{"id":26277,"href":"https:\/\/para-pharmacity.tn\/index.php?rest_route=\/wp\/v2\/product\/22030\/revisions\/26277"}],"wp:featuredmedia":[{"embeddable":true,"href":"https:\/\/para-pharmacity.tn\/index.php?rest_route=\/wp\/v2\/media\/26276"}],"wp:attachment":[{"href":"https:\/\/para-pharmacity.tn\/index.php?rest_route=%2Fwp%2Fv2%2Fmedia&parent=22030"}],"wp:term":[{"taxonomy":"product_cat","embeddable":true,"href":"https:\/\/para-pharmacity.tn\/index.php?rest_route=%2Fwp%2Fv2%2Fproduct_cat&post=22030"},{"taxonomy":"product_tag","embeddable":true,"href":"https:\/\/para-pharmacity.tn\/index.php?rest_route=%2Fwp%2Fv2%2Fproduct_tag&post=22030"}],"curies":[{"name":"wp","href":"https:\/\/api.w.org\/{rel}","templated":true}]}}