{"id":22029,"date":"2024-07-11T10:27:25","date_gmt":"2024-07-11T10:27:25","guid":{"rendered":"https:\/\/para-pharmacity.tn\/?product=therapia-broncholys-15-gellules"},"modified":"2025-06-13T13:24:39","modified_gmt":"2025-06-13T13:24:39","slug":"therapia-broncholys-15-gellules","status":"publish","type":"product","link":"https:\/\/para-pharmacity.tn\/?product=therapia-broncholys-15-gellules","title":{"rendered":"THERAPIA BRONCHOLYS 15 GELLULES"},"content":{"rendered":"<p>Brancholys de Th\u00e8rapia est une association synergique et rigoureuse de plante qui contribuent \u00e0 soulager les sympt\u00f4mes des affections bronchiques et des \u00e9tats grippaux.<\/p>\n<p><strong>PROPRI\u00c9T\u00c9S ET INTER\u00caTS :<\/strong><\/p>\n<p>calma la toux (grasse, s\u00e8che, fumeur)<\/p>\n<p>CPr\u00e9vient les surinfections<\/p>\n<p>Diminue les sympt\u00f4mes et la dur\u00e9e de la grippe<\/p>\n<p>Calma la toux (grasse, s\u00e8che, fumeur)<\/p>\n<p>Pr\u00e9vient les surinfections<\/p>\n<p>Diminue les sympt\u00f4mes et la dur\u00e9e de la grippe<\/p>\n<p><strong>Conseils D&rsquo;utilisation :<\/strong><\/p>\n<p>Prendre 1 g\u00e9lule par jour au milieu du repas. Une cure de 1 \u00e0 3 mois est recommand\u00e9e, \u00e0 renouveler dans l\u2019ann\u00e9e si besoin.<\/p>\n<p>\u2013 R\u00e9serv\u00e9 \u00e0 l\u2019adulte et \u00e0 l\u2019enfant de plus de 12 ans<\/p>\n","protected":false},"excerpt":{"rendered":"<p>Brancholys de Th\u00e8rapia est une association synergique et rigoureuse de plante qui contribuent \u00e0 soulager les sympt\u00f4mes des affections bronchiques et des \u00e9tats grippaux.<\/p>\n","protected":false},"featured_media":26788,"comment_status":"open","ping_status":"closed","template":"","meta":[],"product_cat":[204,217],"product_tag":[],"class_list":{"0":"post-22029","1":"product","2":"type-product","3":"status-publish","4":"has-post-thumbnail","6":"product_cat-complement","7":"product_cat-vitamines","9":"first","10":"instock","11":"shipping-taxable","12":"purchasable","13":"product-type-simple"},"jetpack_sharing_enabled":true,"_links":{"self":[{"href":"https:\/\/para-pharmacity.tn\/index.php?rest_route=\/wp\/v2\/product\/22029","targetHints":{"allow":["GET"]}}],"collection":[{"href":"https:\/\/para-pharmacity.tn\/index.php?rest_route=\/wp\/v2\/product"}],"about":[{"href":"https:\/\/para-pharmacity.tn\/index.php?rest_route=\/wp\/v2\/types\/product"}],"replies":[{"embeddable":true,"href":"https:\/\/para-pharmacity.tn\/index.php?rest_route=%2Fwp%2Fv2%2Fcomments&post=22029"}],"version-history":[{"count":2,"href":"https:\/\/para-pharmacity.tn\/index.php?rest_route=\/wp\/v2\/product\/22029\/revisions"}],"predecessor-version":[{"id":26789,"href":"https:\/\/para-pharmacity.tn\/index.php?rest_route=\/wp\/v2\/product\/22029\/revisions\/26789"}],"wp:featuredmedia":[{"embeddable":true,"href":"https:\/\/para-pharmacity.tn\/index.php?rest_route=\/wp\/v2\/media\/26788"}],"wp:attachment":[{"href":"https:\/\/para-pharmacity.tn\/index.php?rest_route=%2Fwp%2Fv2%2Fmedia&parent=22029"}],"wp:term":[{"taxonomy":"product_cat","embeddable":true,"href":"https:\/\/para-pharmacity.tn\/index.php?rest_route=%2Fwp%2Fv2%2Fproduct_cat&post=22029"},{"taxonomy":"product_tag","embeddable":true,"href":"https:\/\/para-pharmacity.tn\/index.php?rest_route=%2Fwp%2Fv2%2Fproduct_tag&post=22029"}],"curies":[{"name":"wp","href":"https:\/\/api.w.org\/{rel}","templated":true}]}}