{"id":22015,"date":"2024-07-11T10:27:11","date_gmt":"2024-07-11T10:27:11","guid":{"rendered":"https:\/\/para-pharmacity.tn\/?product=avent-bib-natural-125ml-030-17"},"modified":"2025-04-16T13:35:45","modified_gmt":"2025-04-16T13:35:45","slug":"avent-bib-natural-125ml-030-17","status":"publish","type":"product","link":"https:\/\/para-pharmacity.tn\/?product=avent-bib-natural-125ml-030-17","title":{"rendered":"AVENT BIB NATURAL 125ML 030\/17"},"content":{"rendered":"<p class=\"\" data-start=\"353\" data-end=\"472\"><span class=\"relative -mx-px my-[-0.2rem] rounded px-px py-[0.2rem] transition-colors duration-100 ease-in-out\">Le biberon Philips Avent Natural 125 ml (r\u00e9f. SCF030\/17) est con\u00e7u pour offrir une exp\u00e9rience d&rsquo;alimentation aussi naturelle que possible aux nourrissons d\u00e8s la naissance.<\/span> <span class=\"relative -mx-px my-[-0.2rem] rounded px-px py-[0.2rem] transition-colors duration-100 ease-in-out\">Sa t\u00e9tine ultra-douce, imitant la forme du sein, permet une prise en bouche naturelle, facilitant ainsi l&rsquo;alternance entre allaitement au sein et au biberon.<\/span>\u200b<\/p>\n<p class=\"\" data-start=\"474\" data-end=\"599\"><span class=\"relative -mx-px my-[-0.2rem] rounded px-px py-[0.2rem] transition-colors duration-100 ease-in-out\">La t\u00e9tine pr\u00e9sente une texture souple avec un design en spirale flexible et des alv\u00e9oles de confort, assurant une t\u00e9t\u00e9e continue sans \u00e9crasement de la t\u00e9tine.<\/span> <span class=\"relative -mx-px my-[-0.2rem] rounded px-px py-[0.2rem] transition-colors duration-100 ease-in-out\">La valve anti-coliques int\u00e9gr\u00e9e est con\u00e7ue pour r\u00e9duire l&rsquo;ingestion d&rsquo;air, diminuant ainsi les risques de coliques et d&rsquo;inconfort digestif.<\/span>\u200b<\/p>\n<p class=\"\" data-start=\"601\" data-end=\"766\"><span class=\"relative -mx-px my-[-0.2rem] rounded px-px py-[0.2rem] transition-colors duration-100 ease-in-out\">Fabriqu\u00e9 en polypropyl\u00e8ne sans BPA, ce biberon est l\u00e9ger, r\u00e9sistant et s\u00fbr pour votre b\u00e9b\u00e9.<\/span> <span class=\"relative -mx-px my-[-0.2rem] rounded px-px py-[0.2rem] transition-colors duration-100 ease-in-out\">Son col large facilite le remplissage et le nettoyage, et sa forme ergonomique assure une prise en main confortable pour les parents et les b\u00e9b\u00e9s.<\/span> <span class=\"relative -mx-px my-[-0.2rem] rounded px-px py-[0.2rem] transition-colors duration-100 ease-in-out\">Il est compatible avec l&rsquo;ensemble de la gamme Philips Avent Natural, offrant une flexibilit\u00e9 optimale pour r\u00e9pondre aux besoins \u00e9volutifs de votre enfant.<\/span><\/p>\n","protected":false},"excerpt":{"rendered":"<p><span class=\"relative -mx-px my-[-0.2rem] rounded px-px py-[0.2rem] transition-colors duration-100 ease-in-out\">Biberon Philips Avent Natural 125 ml, id\u00e9al d\u00e8s la naissance.<\/span> <span class=\"relative -mx-px my-[-0.2rem] rounded px-px py-[0.2rem] transition-colors duration-100 ease-in-out\">Dot\u00e9 d&rsquo;une t\u00e9tine ultra-douce imitant la forme du sein, il facilite l&rsquo;alternance sein\/biberon.<\/span> <span class=\"relative -mx-px my-[-0.2rem] rounded px-px py-[0.2rem] transition-colors duration-100 ease-in-out\">\u00c9quip\u00e9 d&rsquo;une valve anti-coliques pour r\u00e9duire les inconforts digestifs.<\/span> <span class=\"relative -mx-px my-[-0.2rem] rounded px-px py-[0.2rem] transition-colors duration-100 ease-in-out\">Fabriqu\u00e9 en polypropyl\u00e8ne sans BPA, il est ergonomique, facile \u00e0 nettoyer et \u00e0 assembler.<\/span>\u200b<\/p>\n","protected":false},"featured_media":25309,"comment_status":"open","ping_status":"closed","template":"","meta":[],"product_cat":[243],"product_tag":[],"class_list":{"0":"post-22015","1":"product","2":"type-product","3":"status-publish","4":"has-post-thumbnail","6":"product_cat-bebe-et-maman","8":"first","9":"instock","10":"shipping-taxable","11":"purchasable","12":"product-type-simple"},"jetpack_sharing_enabled":true,"_links":{"self":[{"href":"https:\/\/para-pharmacity.tn\/index.php?rest_route=\/wp\/v2\/product\/22015","targetHints":{"allow":["GET"]}}],"collection":[{"href":"https:\/\/para-pharmacity.tn\/index.php?rest_route=\/wp\/v2\/product"}],"about":[{"href":"https:\/\/para-pharmacity.tn\/index.php?rest_route=\/wp\/v2\/types\/product"}],"replies":[{"embeddable":true,"href":"https:\/\/para-pharmacity.tn\/index.php?rest_route=%2Fwp%2Fv2%2Fcomments&post=22015"}],"version-history":[{"count":2,"href":"https:\/\/para-pharmacity.tn\/index.php?rest_route=\/wp\/v2\/product\/22015\/revisions"}],"predecessor-version":[{"id":25310,"href":"https:\/\/para-pharmacity.tn\/index.php?rest_route=\/wp\/v2\/product\/22015\/revisions\/25310"}],"wp:featuredmedia":[{"embeddable":true,"href":"https:\/\/para-pharmacity.tn\/index.php?rest_route=\/wp\/v2\/media\/25309"}],"wp:attachment":[{"href":"https:\/\/para-pharmacity.tn\/index.php?rest_route=%2Fwp%2Fv2%2Fmedia&parent=22015"}],"wp:term":[{"taxonomy":"product_cat","embeddable":true,"href":"https:\/\/para-pharmacity.tn\/index.php?rest_route=%2Fwp%2Fv2%2Fproduct_cat&post=22015"},{"taxonomy":"product_tag","embeddable":true,"href":"https:\/\/para-pharmacity.tn\/index.php?rest_route=%2Fwp%2Fv2%2Fproduct_tag&post=22015"}],"curies":[{"name":"wp","href":"https:\/\/api.w.org\/{rel}","templated":true}]}}