{"id":22013,"date":"2024-07-11T10:27:10","date_gmt":"2024-07-11T10:27:10","guid":{"rendered":"https:\/\/para-pharmacity.tn\/?product=vital-plantyl-b15"},"modified":"2025-05-13T13:18:12","modified_gmt":"2025-05-13T13:18:12","slug":"vital-plantyl-b15","status":"publish","type":"product","link":"https:\/\/para-pharmacity.tn\/?product=vital-plantyl-b15","title":{"rendered":"VITAL PLANTYL B15"},"content":{"rendered":"<h2><b>Plantyl 15 Capsules : Renforcez votre immunit\u00e9 et am\u00e9liorez le confort de vos voies respiratoires<\/b><\/h2>\n<p><b><br \/>\n<\/b><b>Plantyl 15 Capsules<\/b>\u00a0est un compl\u00e9ment naturel con\u00e7u pour soutenir votre syst\u00e8me immunitaire et am\u00e9liorer le confort de vos voies respiratoires. Compos\u00e9 d\u2019huiles essentielles de\u00a0<b>thym<\/b>,\u00a0<b>eucalyptus<\/b>\u00a0et\u00a0<b>lavande<\/b>, il aide \u00e0 soulager la congestion et \u00e0 apaiser les irritations. Ce produit dermocosm\u00e9tique est disponible en pharmacie et\u00a0<a title=\"parapharmacie en Tunisie\" href=\"https:\/\/www.paraexpert.tn\/\" data-internallinksmanager029f6b8e52c=\"4\">parapharmacie<\/a>\u00a0et constitue une solution naturelle pour vous aider \u00e0 mieux respirer.<\/p>\n<h2><b>Description du produit<\/b><\/h2>\n<p><b><br \/>\n<\/b>Chaque capsule de\u00a0<a href=\"https:\/\/vital.com.tn\/products\/plantyl-3\/\"><b>Plantyl<\/b><\/a>\u00a0contient une formule puissante d\u2019huiles essentielles :<\/p>\n<ul>\n<li><b>Eucalyptus<\/b>\u00a0: D\u00e9congestionnant et expectorant, il facilite la respiration.<\/li>\n<li><b>Thym<\/b>\u00a0: Antimicrobien et anti-inflammatoire, il renforce l\u2019immunit\u00e9.<\/li>\n<li><b>Lavande<\/b>\u00a0: Apaisante, elle calme les irritations de la gorge.<\/li>\n<\/ul>\n<p>Disponible en\u00a0<b>15 capsules<\/b>, ce compl\u00e9ment est facile \u00e0 int\u00e9grer \u00e0 votre quotidien pour soutenir vos voies respiratoires.<\/p>\n<h2><b>B\u00e9n\u00e9fices\u00a0<\/b><\/h2>\n<ol>\n<li><b>Renforce l\u2019immunit\u00e9<\/b>\u00a0: Le thym et l\u2019eucalyptus aident \u00e0 renforcer vos d\u00e9fenses naturelles.<\/li>\n<li><b>Am\u00e9liore le confort respiratoire<\/b>\u00a0: L\u2019eucalyptus et le thym d\u00e9gagent les voies respiratoires et r\u00e9duisent l\u2019inflammation.<\/li>\n<li><b>Apaisant et relaxant<\/b>\u00a0: La lavande calme la gorge et favorise la relaxation.<\/li>\n<li><b>Solution naturelle<\/b>\u00a0: Sans produits chimiques, Plantyl est un choix doux et efficace pour votre bien-\u00eatre.<\/li>\n<\/ol>\n<h2><b>Indications<\/b><\/h2>\n<p><b><br \/>\n<\/b><b>Plantyl 15 Capsules<\/b>\u00a0est id\u00e9al pour ceux qui souffrent de troubles respiratoires b\u00e9nins (rhume, toux, congestion) et souhaitent renforcer leur syst\u00e8me immunitaire. Il est \u00e9galement b\u00e9n\u00e9fique pour apaiser les irritations de la gorge.<\/p>\n<h2><b>Conseil d\u2019utilisation<\/b><\/h2>\n<p><b><br \/>\n<\/b>Prenez 1 capsule par jour, de pr\u00e9f\u00e9rence le matin, avec un verre d\u2019eau. Pour des r\u00e9sultats optimaux, prenez Plantyl pendant 15 jours \u00e0 1 mois, et renouveler si n\u00e9cessaire. Ne pas d\u00e9passer la dose recommand\u00e9e.<\/p>\n","protected":false},"excerpt":{"rendered":"<p>Fortifiant g\u00e9n\u00e9ral<br \/>\nDigestion difficile<br \/>\nD\u00e9s\u00e9quilibre de la flore intestinale<\/p>\n","protected":false},"featured_media":26058,"comment_status":"open","ping_status":"closed","template":"","meta":[],"product_cat":[286],"product_tag":[],"class_list":{"0":"post-22013","1":"product","2":"type-product","3":"status-publish","4":"has-post-thumbnail","6":"product_cat-complement-alimentaire","8":"first","9":"instock","10":"shipping-taxable","11":"purchasable","12":"product-type-simple"},"jetpack_sharing_enabled":true,"_links":{"self":[{"href":"https:\/\/para-pharmacity.tn\/index.php?rest_route=\/wp\/v2\/product\/22013","targetHints":{"allow":["GET"]}}],"collection":[{"href":"https:\/\/para-pharmacity.tn\/index.php?rest_route=\/wp\/v2\/product"}],"about":[{"href":"https:\/\/para-pharmacity.tn\/index.php?rest_route=\/wp\/v2\/types\/product"}],"replies":[{"embeddable":true,"href":"https:\/\/para-pharmacity.tn\/index.php?rest_route=%2Fwp%2Fv2%2Fcomments&post=22013"}],"version-history":[{"count":2,"href":"https:\/\/para-pharmacity.tn\/index.php?rest_route=\/wp\/v2\/product\/22013\/revisions"}],"predecessor-version":[{"id":26059,"href":"https:\/\/para-pharmacity.tn\/index.php?rest_route=\/wp\/v2\/product\/22013\/revisions\/26059"}],"wp:featuredmedia":[{"embeddable":true,"href":"https:\/\/para-pharmacity.tn\/index.php?rest_route=\/wp\/v2\/media\/26058"}],"wp:attachment":[{"href":"https:\/\/para-pharmacity.tn\/index.php?rest_route=%2Fwp%2Fv2%2Fmedia&parent=22013"}],"wp:term":[{"taxonomy":"product_cat","embeddable":true,"href":"https:\/\/para-pharmacity.tn\/index.php?rest_route=%2Fwp%2Fv2%2Fproduct_cat&post=22013"},{"taxonomy":"product_tag","embeddable":true,"href":"https:\/\/para-pharmacity.tn\/index.php?rest_route=%2Fwp%2Fv2%2Fproduct_tag&post=22013"}],"curies":[{"name":"wp","href":"https:\/\/api.w.org\/{rel}","templated":true}]}}