{"id":22012,"date":"2024-07-11T10:27:10","date_gmt":"2024-07-11T10:27:10","guid":{"rendered":"https:\/\/para-pharmacity.tn\/?product=vital-guarana-bte-30-gel"},"modified":"2025-05-21T11:10:46","modified_gmt":"2025-05-21T11:10:46","slug":"vital-guarana-bte-30-gel","status":"publish","type":"product","link":"https:\/\/para-pharmacity.tn\/?product=vital-guarana-bte-30-gel","title":{"rendered":"VITAL GUARANA BTE\/30 GEL"},"content":{"rendered":"<p>VITAL GUARANA BTE\/30 GEL est un produit 100% naturel qui am\u00e9liore les performances physiques et intellectuelles. il aide non seulement \u00e0 combattre la fatigue, mais aussi \u00e0 perdre du poids et \u00e0 soulager certains d\u00e9sagr\u00e9ments.<\/p>\n<p>Les am\u00e9rindiens d\u2019Amazonie consommaient le guarana pour ses vertus aphrodisiaques et diur\u00e9tiques.<\/p>\n<p>en m\u00e9dicine \u00e9lectrique, on l\u2019utilisait notamment pour traiter les d\u00e9sagr\u00e9ments intenses de la t\u00eate.<\/p>\n<p>Plusieurs \u00e9tudes indiquent que l\u2019extrait de guarana a am\u00e9lior\u00e9 la m\u00e9moires, l\u2019attention et le calcul mental chez des participants en bonne sant\u00e9.<\/p>\n<p>le guarana aide aussi \u00e0 perdre du poids en r\u00e9duisant la masse grasse.<\/p>\n","protected":false},"excerpt":{"rendered":"<p>PHYTOTHERA GUARANA est un produit 100% naturel qui am\u00e9liore les performances physiques, intellectuelles et sexuelles.<\/p>\n","protected":false},"featured_media":26249,"comment_status":"open","ping_status":"closed","template":"","meta":[],"product_cat":[286],"product_tag":[],"class_list":{"0":"post-22012","1":"product","2":"type-product","3":"status-publish","4":"has-post-thumbnail","6":"product_cat-complement-alimentaire","8":"first","9":"instock","10":"shipping-taxable","11":"purchasable","12":"product-type-simple"},"jetpack_sharing_enabled":true,"_links":{"self":[{"href":"https:\/\/para-pharmacity.tn\/index.php?rest_route=\/wp\/v2\/product\/22012","targetHints":{"allow":["GET"]}}],"collection":[{"href":"https:\/\/para-pharmacity.tn\/index.php?rest_route=\/wp\/v2\/product"}],"about":[{"href":"https:\/\/para-pharmacity.tn\/index.php?rest_route=\/wp\/v2\/types\/product"}],"replies":[{"embeddable":true,"href":"https:\/\/para-pharmacity.tn\/index.php?rest_route=%2Fwp%2Fv2%2Fcomments&post=22012"}],"version-history":[{"count":2,"href":"https:\/\/para-pharmacity.tn\/index.php?rest_route=\/wp\/v2\/product\/22012\/revisions"}],"predecessor-version":[{"id":26250,"href":"https:\/\/para-pharmacity.tn\/index.php?rest_route=\/wp\/v2\/product\/22012\/revisions\/26250"}],"wp:featuredmedia":[{"embeddable":true,"href":"https:\/\/para-pharmacity.tn\/index.php?rest_route=\/wp\/v2\/media\/26249"}],"wp:attachment":[{"href":"https:\/\/para-pharmacity.tn\/index.php?rest_route=%2Fwp%2Fv2%2Fmedia&parent=22012"}],"wp:term":[{"taxonomy":"product_cat","embeddable":true,"href":"https:\/\/para-pharmacity.tn\/index.php?rest_route=%2Fwp%2Fv2%2Fproduct_cat&post=22012"},{"taxonomy":"product_tag","embeddable":true,"href":"https:\/\/para-pharmacity.tn\/index.php?rest_route=%2Fwp%2Fv2%2Fproduct_tag&post=22012"}],"curies":[{"name":"wp","href":"https:\/\/api.w.org\/{rel}","templated":true}]}}