{"id":22000,"date":"2024-07-11T10:27:05","date_gmt":"2024-07-11T10:27:05","guid":{"rendered":"https:\/\/para-pharmacity.tn\/?product=aleonat-aleogine-gel"},"modified":"2025-04-15T10:09:31","modified_gmt":"2025-04-15T10:09:31","slug":"aleonat-aleogine-gel","status":"publish","type":"product","link":"https:\/\/para-pharmacity.tn\/?product=aleonat-aleogine-gel","title":{"rendered":"ALEONAT ALEOGINE GEL"},"content":{"rendered":"<p class=\"\" data-start=\"339\" data-end=\"763\"><strong data-start=\"339\" data-end=\"363\">Aleonat Aleogine Gel<\/strong><br data-start=\"363\" data-end=\"366\" \/>Le <strong data-start=\"369\" data-end=\"385\">gel Aleogine<\/strong> d\u2019Aleonat est formul\u00e9 \u00e0 base d\u2019<strong data-start=\"417\" data-end=\"434\">Aloe vera pur<\/strong>, reconnu pour ses propri\u00e9t\u00e9s <strong data-start=\"464\" data-end=\"478\">apaisantes<\/strong>, <strong data-start=\"480\" data-end=\"497\">cicatrisantes<\/strong> et <strong data-start=\"501\" data-end=\"516\">hydratantes<\/strong>. Il est recommand\u00e9 pour soulager les <strong data-start=\"554\" data-end=\"581\">br\u00fblures superficielles<\/strong>, <strong data-start=\"583\" data-end=\"595\">coupures<\/strong>, <strong data-start=\"597\" data-end=\"621\">irritations cutan\u00e9es<\/strong> ou apr\u00e8s une exposition au soleil. Sa texture l\u00e9g\u00e8re p\u00e9n\u00e8tre rapidement sans laisser de film gras, laissant la peau <strong data-start=\"738\" data-end=\"749\">fra\u00eeche<\/strong> et <strong data-start=\"753\" data-end=\"762\" data-is-only-node=\"\">douce<\/strong>.<\/p>\n<p class=\"\" data-start=\"767\" data-end=\"814\">Apaise et r\u00e9pare les <strong data-start=\"788\" data-end=\"812\">irritations cutan\u00e9es<\/strong><\/p>\n<p class=\"\" data-start=\"817\" data-end=\"861\">Hydrate et prot\u00e8ge les <strong data-start=\"840\" data-end=\"859\">peaux sensibles<\/strong><\/p>\n<p class=\"\" data-start=\"864\" data-end=\"893\">Convient \u00e0 toute la famille<\/p>\n<p class=\"\" data-start=\"896\" data-end=\"932\">\u00c0 utiliser sur le visage et le corps<\/p>\n","protected":false},"excerpt":{"rendered":"<p class=\"\" data-start=\"116\" data-end=\"209\"><strong data-start=\"116\" data-end=\"140\">Aleonat Aleogine Gel<\/strong><br data-start=\"140\" data-end=\"143\" \/>Gel \u00e0 base d\u2019<strong data-start=\"156\" data-end=\"169\">Aloe vera<\/strong>, apaise, hydrate et r\u00e9g\u00e9n\u00e8re la peau.<\/p>\n<p class=\"\" data-start=\"212\" data-end=\"227\">Usage externe<\/p>\n<p class=\"\" data-start=\"230\" data-end=\"301\">Id\u00e9al pour <strong data-start=\"241\" data-end=\"261\">br\u00fblures l\u00e9g\u00e8res<\/strong>, <strong data-start=\"263\" data-end=\"278\">irritations<\/strong> et <strong data-start=\"282\" data-end=\"301\">peaux sensibles<\/strong><\/p>\n","protected":false},"featured_media":25053,"comment_status":"open","ping_status":"closed","template":"","meta":[],"product_cat":[204],"product_tag":[],"class_list":{"0":"post-22000","1":"product","2":"type-product","3":"status-publish","4":"has-post-thumbnail","6":"product_cat-complement","8":"first","9":"instock","10":"shipping-taxable","11":"purchasable","12":"product-type-simple"},"jetpack_sharing_enabled":true,"_links":{"self":[{"href":"https:\/\/para-pharmacity.tn\/index.php?rest_route=\/wp\/v2\/product\/22000","targetHints":{"allow":["GET"]}}],"collection":[{"href":"https:\/\/para-pharmacity.tn\/index.php?rest_route=\/wp\/v2\/product"}],"about":[{"href":"https:\/\/para-pharmacity.tn\/index.php?rest_route=\/wp\/v2\/types\/product"}],"replies":[{"embeddable":true,"href":"https:\/\/para-pharmacity.tn\/index.php?rest_route=%2Fwp%2Fv2%2Fcomments&post=22000"}],"version-history":[{"count":2,"href":"https:\/\/para-pharmacity.tn\/index.php?rest_route=\/wp\/v2\/product\/22000\/revisions"}],"predecessor-version":[{"id":25055,"href":"https:\/\/para-pharmacity.tn\/index.php?rest_route=\/wp\/v2\/product\/22000\/revisions\/25055"}],"wp:featuredmedia":[{"embeddable":true,"href":"https:\/\/para-pharmacity.tn\/index.php?rest_route=\/wp\/v2\/media\/25053"}],"wp:attachment":[{"href":"https:\/\/para-pharmacity.tn\/index.php?rest_route=%2Fwp%2Fv2%2Fmedia&parent=22000"}],"wp:term":[{"taxonomy":"product_cat","embeddable":true,"href":"https:\/\/para-pharmacity.tn\/index.php?rest_route=%2Fwp%2Fv2%2Fproduct_cat&post=22000"},{"taxonomy":"product_tag","embeddable":true,"href":"https:\/\/para-pharmacity.tn\/index.php?rest_route=%2Fwp%2Fv2%2Fproduct_tag&post=22000"}],"curies":[{"name":"wp","href":"https:\/\/api.w.org\/{rel}","templated":true}]}}