{"id":21996,"date":"2024-07-11T10:27:04","date_gmt":"2024-07-11T10:27:04","guid":{"rendered":"https:\/\/para-pharmacity.tn\/?product=vital-phytoperan-150-ml"},"modified":"2025-05-14T15:13:08","modified_gmt":"2025-05-14T15:13:08","slug":"vital-phytoperan-150-ml","status":"publish","type":"product","link":"https:\/\/para-pharmacity.tn\/?product=vital-phytoperan-150-ml","title":{"rendered":"VITAL PHYTOPERAN 150 ML"},"content":{"rendered":"<p>Phytoperan Naus\u00e9e Sirop est un compl\u00e9ment alimentaire formul\u00e9 pour r\u00e9duire les naus\u00e9es et les vomissements ainsi que l\u2019acidit\u00e9 gastrique. Il contient du bicarbonate de sodium, de l\u2019extrait sec de gingembre, et de l\u2019extrait sec de fenouil, offrant un go\u00fbt de vanille agr\u00e9able.<\/p>\n<p><strong>COMPOSITIONS<\/strong><\/p>\n<p>Bicarbonate de sodium, Extrait sec de gingembre, Extrait sec de fenouil<\/p>\n<p><strong>CONSEILS D\u2019UTILISATION<\/strong><\/p>\n<p>Adulte : 5ml 3 fois par jour<br \/>\nEnfant : 10ml 3 fois par jour<\/p>\n","protected":false},"excerpt":{"rendered":"<div id=\"product-description-short-5273\" class=\"rte-content product-description\">\n<p>\u2013 R\u00e9duit les naus\u00e9es et les vomissements<\/p>\n<p>\u2013 R\u00e9duit l\u2019acidit\u00e9 gastrique<\/p>\n<\/div>\n<div class=\"product-actions js-product-actions\">\n<div class=\"product-variants js-product-variants\"><\/div>\n<\/div>\n","protected":false},"featured_media":26105,"comment_status":"open","ping_status":"closed","template":"","meta":[],"product_cat":[286],"product_tag":[],"class_list":{"0":"post-21996","1":"product","2":"type-product","3":"status-publish","4":"has-post-thumbnail","6":"product_cat-complement-alimentaire","8":"first","9":"instock","10":"shipping-taxable","11":"purchasable","12":"product-type-simple"},"jetpack_sharing_enabled":true,"_links":{"self":[{"href":"https:\/\/para-pharmacity.tn\/index.php?rest_route=\/wp\/v2\/product\/21996","targetHints":{"allow":["GET"]}}],"collection":[{"href":"https:\/\/para-pharmacity.tn\/index.php?rest_route=\/wp\/v2\/product"}],"about":[{"href":"https:\/\/para-pharmacity.tn\/index.php?rest_route=\/wp\/v2\/types\/product"}],"replies":[{"embeddable":true,"href":"https:\/\/para-pharmacity.tn\/index.php?rest_route=%2Fwp%2Fv2%2Fcomments&post=21996"}],"version-history":[{"count":2,"href":"https:\/\/para-pharmacity.tn\/index.php?rest_route=\/wp\/v2\/product\/21996\/revisions"}],"predecessor-version":[{"id":26106,"href":"https:\/\/para-pharmacity.tn\/index.php?rest_route=\/wp\/v2\/product\/21996\/revisions\/26106"}],"wp:featuredmedia":[{"embeddable":true,"href":"https:\/\/para-pharmacity.tn\/index.php?rest_route=\/wp\/v2\/media\/26105"}],"wp:attachment":[{"href":"https:\/\/para-pharmacity.tn\/index.php?rest_route=%2Fwp%2Fv2%2Fmedia&parent=21996"}],"wp:term":[{"taxonomy":"product_cat","embeddable":true,"href":"https:\/\/para-pharmacity.tn\/index.php?rest_route=%2Fwp%2Fv2%2Fproduct_cat&post=21996"},{"taxonomy":"product_tag","embeddable":true,"href":"https:\/\/para-pharmacity.tn\/index.php?rest_route=%2Fwp%2Fv2%2Fproduct_tag&post=21996"}],"curies":[{"name":"wp","href":"https:\/\/api.w.org\/{rel}","templated":true}]}}