{"id":21995,"date":"2024-07-11T10:27:03","date_gmt":"2024-07-11T10:27:03","guid":{"rendered":"https:\/\/para-pharmacity.tn\/?product=triplex-maux-de-g-cp-jour-et-nuit"},"modified":"2025-06-12T15:03:12","modified_gmt":"2025-06-12T15:03:12","slug":"triplex-maux-de-g-cp-jour-et-nuit","status":"publish","type":"product","link":"https:\/\/para-pharmacity.tn\/?product=triplex-maux-de-g-cp-jour-et-nuit","title":{"rendered":"TRIPLEX MAUX DE G CP JOUR ET NUIT"},"content":{"rendered":"<p>Le produit TRIPLEX Maux de Gorge Jour et Nuit est un alli\u00e9 pr\u00e9cieux pour soulager les gorges irrit\u00e9es et encombr\u00e9es. Ce traitement complet se compose de comprim\u00e9s \u00e0 prendre le jour pour apaiser les douleurs et favoriser le bien-\u00eatre respiratoire, et de comprim\u00e9s \u00e0 prendre la nuit pour une action calmante et apaisante lors du sommeil. Sa formule \u00e0 base d&rsquo;extraits de plantes naturelles comme le thym, la sauge et l&rsquo;eucalyptus est id\u00e9ale pour d\u00e9gager les voies respiratoires et limiter l&rsquo;inflammation. Ce produit de confort respiratoire TRIPLEX est fabriqu\u00e9 en France et peut \u00eatre utilis\u00e9 en compl\u00e9ment d&rsquo;un traitement m\u00e9dical pour une meilleure efficacit\u00e9. Profitez d&rsquo;une respiration plus libre et d&rsquo;un soulagement rapide des maux de gorge avec TRIPLEX Maux de Gorge Jour et Nuit.<br \/>\n&#8211; Extrait concentr\u00e9 de Propolis<br \/>\n&#8211; Extrait concentr\u00e9 de Thym<br \/>\n&#8211; Extrait concentr\u00e9 de Sureau<br \/>\n&#8211; Miel<br \/>\n&#8211; Extrait de r\u00e9glisse<br \/>\n&#8211; Huile essentielle de Menthe poivr\u00e9e<br \/>\n&#8211; Huile essentielle d&rsquo;Eucalyptus<br \/>\n&#8211; Vitamine C<br \/>\n&#8211; Zinc<br \/>\n&#8211; Mangan\u00e8se<br \/>\nVoici quelques conseils d&rsquo;utilisation pour le produit de Confort respiratoire TRIPLEX Maux de Gorge Jour et Nuit BT\/16 :<\/p>\n<p>&#8211; Prendre 1 comprim\u00e9 le matin et 1 comprim\u00e9 le soir avec un grand verre d&rsquo;eau.<br \/>\n&#8211; Ne pas d\u00e9passer la dose recommand\u00e9e.<br \/>\n&#8211; Conserver dans un endroit frais et sec, \u00e0 l&rsquo;abri de la lumi\u00e8re.<br \/>\n&#8211; Tenir hors de port\u00e9e des enfants.<br \/>\n&#8211; En cas de sympt\u00f4mes persistants, consultez un m\u00e9decin.<\/p>\n","protected":false},"excerpt":{"rendered":"<p><strong>Triplex<\/strong>\u00a0maux de Gorge<strong>:\u00a0\u00a0<\/strong>16 comprim\u00e9s<strong>\u00a0\u00e0 sucer<\/strong>\u00a0pour r\u00e9duire les maux de gorge<\/p>\n","protected":false},"featured_media":26699,"comment_status":"open","ping_status":"closed","template":"","meta":[],"product_cat":[286],"product_tag":[],"class_list":{"0":"post-21995","1":"product","2":"type-product","3":"status-publish","4":"has-post-thumbnail","6":"product_cat-complement-alimentaire","8":"first","9":"instock","10":"shipping-taxable","11":"purchasable","12":"product-type-simple"},"jetpack_sharing_enabled":true,"_links":{"self":[{"href":"https:\/\/para-pharmacity.tn\/index.php?rest_route=\/wp\/v2\/product\/21995","targetHints":{"allow":["GET"]}}],"collection":[{"href":"https:\/\/para-pharmacity.tn\/index.php?rest_route=\/wp\/v2\/product"}],"about":[{"href":"https:\/\/para-pharmacity.tn\/index.php?rest_route=\/wp\/v2\/types\/product"}],"replies":[{"embeddable":true,"href":"https:\/\/para-pharmacity.tn\/index.php?rest_route=%2Fwp%2Fv2%2Fcomments&post=21995"}],"version-history":[{"count":2,"href":"https:\/\/para-pharmacity.tn\/index.php?rest_route=\/wp\/v2\/product\/21995\/revisions"}],"predecessor-version":[{"id":26700,"href":"https:\/\/para-pharmacity.tn\/index.php?rest_route=\/wp\/v2\/product\/21995\/revisions\/26700"}],"wp:featuredmedia":[{"embeddable":true,"href":"https:\/\/para-pharmacity.tn\/index.php?rest_route=\/wp\/v2\/media\/26699"}],"wp:attachment":[{"href":"https:\/\/para-pharmacity.tn\/index.php?rest_route=%2Fwp%2Fv2%2Fmedia&parent=21995"}],"wp:term":[{"taxonomy":"product_cat","embeddable":true,"href":"https:\/\/para-pharmacity.tn\/index.php?rest_route=%2Fwp%2Fv2%2Fproduct_cat&post=21995"},{"taxonomy":"product_tag","embeddable":true,"href":"https:\/\/para-pharmacity.tn\/index.php?rest_route=%2Fwp%2Fv2%2Fproduct_tag&post=21995"}],"curies":[{"name":"wp","href":"https:\/\/api.w.org\/{rel}","templated":true}]}}