{"id":21979,"date":"2024-07-11T10:26:53","date_gmt":"2024-07-11T10:26:53","guid":{"rendered":"https:\/\/para-pharmacity.tn\/?product=bambini-tire-lait-en-verre-491"},"modified":"2025-04-24T08:54:22","modified_gmt":"2025-04-24T08:54:22","slug":"bambini-tire-lait-en-verre-491","status":"publish","type":"product","link":"https:\/\/para-pharmacity.tn\/?product=bambini-tire-lait-en-verre-491","title":{"rendered":"BAMBINI TIRE LAIT EN VERRE 491"},"content":{"rendered":"<p><span class=\"relative -mx-px my-[-0.2rem] rounded px-px py-[0.2rem] transition-colors duration-100 ease-in-out\">Le <strong data-start=\"3\" data-end=\"44\">BAMBINI Tire-Lait en Verre (R\u00e9f. 491)<\/strong> est sp\u00e9cialement con\u00e7u pour les mamans souhaitant exprimer leur lait de mani\u00e8re efficace et hygi\u00e9nique.<\/span> <span class=\"relative -mx-px my-[-0.2rem] rounded px-px py-[0.2rem] transition-colors duration-100 ease-in-out\">Sa poire en plastique de qualit\u00e9 m\u00e9dicale assure une aspiration optimale, tandis que son collecteur en verre garantit une conservation saine du lait maternel.<\/span> <span class=\"relative -mx-px my-[-0.2rem] rounded px-px py-[0.2rem] bg-[#FCECC1] dark:bg-[#64572A] transition-colors duration-100 ease-in-out\">L\u00e9ger et maniable, ce tire-lait est id\u00e9al pour une utilisation quotidienne, offrant confort et praticit\u00e9.<\/span>\u200b<\/p>\n","protected":false},"excerpt":{"rendered":"<p><span class=\"relative -mx-px my-[-0.2rem] rounded px-px py-[0.2rem] transition-colors duration-100 ease-in-out\">Le <strong data-start=\"3\" data-end=\"33\">BAMBINI Tire-Lait en Verre<\/strong> est un dispositif manuel con\u00e7u pour faciliter l&rsquo;expression du lait maternel.<\/span> <span class=\"relative -mx-px my-[-0.2rem] rounded px-px py-[0.2rem] transition-colors duration-100 ease-in-out\">Dot\u00e9 d&rsquo;une poire en plastique m\u00e9dical et d&rsquo;un collecteur en verre, il offre une utilisation hygi\u00e9nique et confortable pour les mamans allaitantes.<\/span><\/p>\n","protected":false},"featured_media":25548,"comment_status":"open","ping_status":"closed","template":"","meta":[],"product_cat":[243],"product_tag":[],"class_list":{"0":"post-21979","1":"product","2":"type-product","3":"status-publish","4":"has-post-thumbnail","6":"product_cat-bebe-et-maman","8":"first","9":"instock","10":"shipping-taxable","11":"purchasable","12":"product-type-simple"},"jetpack_sharing_enabled":true,"_links":{"self":[{"href":"https:\/\/para-pharmacity.tn\/index.php?rest_route=\/wp\/v2\/product\/21979","targetHints":{"allow":["GET"]}}],"collection":[{"href":"https:\/\/para-pharmacity.tn\/index.php?rest_route=\/wp\/v2\/product"}],"about":[{"href":"https:\/\/para-pharmacity.tn\/index.php?rest_route=\/wp\/v2\/types\/product"}],"replies":[{"embeddable":true,"href":"https:\/\/para-pharmacity.tn\/index.php?rest_route=%2Fwp%2Fv2%2Fcomments&post=21979"}],"version-history":[{"count":2,"href":"https:\/\/para-pharmacity.tn\/index.php?rest_route=\/wp\/v2\/product\/21979\/revisions"}],"predecessor-version":[{"id":25549,"href":"https:\/\/para-pharmacity.tn\/index.php?rest_route=\/wp\/v2\/product\/21979\/revisions\/25549"}],"wp:featuredmedia":[{"embeddable":true,"href":"https:\/\/para-pharmacity.tn\/index.php?rest_route=\/wp\/v2\/media\/25548"}],"wp:attachment":[{"href":"https:\/\/para-pharmacity.tn\/index.php?rest_route=%2Fwp%2Fv2%2Fmedia&parent=21979"}],"wp:term":[{"taxonomy":"product_cat","embeddable":true,"href":"https:\/\/para-pharmacity.tn\/index.php?rest_route=%2Fwp%2Fv2%2Fproduct_cat&post=21979"},{"taxonomy":"product_tag","embeddable":true,"href":"https:\/\/para-pharmacity.tn\/index.php?rest_route=%2Fwp%2Fv2%2Fproduct_tag&post=21979"}],"curies":[{"name":"wp","href":"https:\/\/api.w.org\/{rel}","templated":true}]}}