{"id":21976,"date":"2024-07-11T10:26:52","date_gmt":"2024-07-11T10:26:52","guid":{"rendered":"https:\/\/para-pharmacity.tn\/?product=baby-n-suc-dentistar-1-er-age"},"modified":"2025-04-21T11:01:19","modified_gmt":"2025-04-21T11:01:19","slug":"baby-n-suc-dentistar-1-er-age","status":"publish","type":"product","link":"https:\/\/para-pharmacity.tn\/?product=baby-n-suc-dentistar-1-er-age","title":{"rendered":"BABY N.SUC DENTISTAR 1 ER AGE"},"content":{"rendered":"<p><span class=\"relative -mx-px my-[-0.2rem] rounded px-px py-[0.2rem] transition-colors duration-100 ease-in-out\">La <strong data-start=\"3\" data-end=\"34\">Baby Nova Dentistar 1er \u00e2ge<\/strong> est une sucette innovante, recommand\u00e9e par des orthodontistes, qui respecte la croissance naturelle des dents de votre b\u00e9b\u00e9.<\/span> <span class=\"relative -mx-px my-[-0.2rem] rounded px-px py-[0.2rem] transition-colors duration-100 ease-in-out\">Sa conception unique avec un \u00ab\u00a0dental step\u00a0\u00bb r\u00e9duit la pression sur les gencives et les dents en formation, minimisant ainsi le risque de malpositions dentaires.<\/span> <span class=\"relative -mx-px my-[-0.2rem] rounded px-px py-[0.2rem] transition-colors duration-100 ease-in-out\">La t\u00e9tine en silicone souple offre un confort optimal, tandis que la collerette l\u00e9g\u00e8re et adapt\u00e9e \u00e0 la morphologie du visage de b\u00e9b\u00e9 assure une utilisation agr\u00e9able.<\/span> <span class=\"relative -mx-px my-[-0.2rem] rounded px-px py-[0.2rem] transition-colors duration-100 ease-in-out\">Disponible en plusieurs motifs attrayants, cette sucette est id\u00e9ale pour les nouveau-n\u00e9s jusqu&rsquo;\u00e0 l&rsquo;apparition des premi\u00e8res incisives.<\/span><\/p>\n","protected":false},"excerpt":{"rendered":"<p>Sucette orthodontique Baby Nova Dentistar taille 1 (0\u20136 mois), en silicone souple, sans BPA, con\u00e7ue pour respecter le d\u00e9veloppement naturel des dents et de la m\u00e2choire.<\/p>\n","protected":false},"featured_media":25391,"comment_status":"open","ping_status":"closed","template":"","meta":[],"product_cat":[243],"product_tag":[],"class_list":{"0":"post-21976","1":"product","2":"type-product","3":"status-publish","4":"has-post-thumbnail","6":"product_cat-bebe-et-maman","8":"first","9":"instock","10":"shipping-taxable","11":"purchasable","12":"product-type-simple"},"jetpack_sharing_enabled":true,"_links":{"self":[{"href":"https:\/\/para-pharmacity.tn\/index.php?rest_route=\/wp\/v2\/product\/21976","targetHints":{"allow":["GET"]}}],"collection":[{"href":"https:\/\/para-pharmacity.tn\/index.php?rest_route=\/wp\/v2\/product"}],"about":[{"href":"https:\/\/para-pharmacity.tn\/index.php?rest_route=\/wp\/v2\/types\/product"}],"replies":[{"embeddable":true,"href":"https:\/\/para-pharmacity.tn\/index.php?rest_route=%2Fwp%2Fv2%2Fcomments&post=21976"}],"version-history":[{"count":2,"href":"https:\/\/para-pharmacity.tn\/index.php?rest_route=\/wp\/v2\/product\/21976\/revisions"}],"predecessor-version":[{"id":25392,"href":"https:\/\/para-pharmacity.tn\/index.php?rest_route=\/wp\/v2\/product\/21976\/revisions\/25392"}],"wp:featuredmedia":[{"embeddable":true,"href":"https:\/\/para-pharmacity.tn\/index.php?rest_route=\/wp\/v2\/media\/25391"}],"wp:attachment":[{"href":"https:\/\/para-pharmacity.tn\/index.php?rest_route=%2Fwp%2Fv2%2Fmedia&parent=21976"}],"wp:term":[{"taxonomy":"product_cat","embeddable":true,"href":"https:\/\/para-pharmacity.tn\/index.php?rest_route=%2Fwp%2Fv2%2Fproduct_cat&post=21976"},{"taxonomy":"product_tag","embeddable":true,"href":"https:\/\/para-pharmacity.tn\/index.php?rest_route=%2Fwp%2Fv2%2Fproduct_tag&post=21976"}],"curies":[{"name":"wp","href":"https:\/\/api.w.org\/{rel}","templated":true}]}}