{"id":21975,"date":"2024-07-11T10:26:51","date_gmt":"2024-07-11T10:26:51","guid":{"rendered":"https:\/\/para-pharmacity.tn\/?product=aphtakalm-spray-30ml"},"modified":"2025-04-16T09:10:27","modified_gmt":"2025-04-16T09:10:27","slug":"aphtakalm-spray-30ml","status":"publish","type":"product","link":"https:\/\/para-pharmacity.tn\/?product=aphtakalm-spray-30ml","title":{"rendered":"APHTAKALM SPRAY 30ML"},"content":{"rendered":"<p class=\"\" data-start=\"297\" data-end=\"454\"><span class=\"relative -mx-px my-[-0.2rem] rounded px-px py-[0.2rem] transition-colors duration-100 ease-in-out\"><strong data-start=\"0\" data-end=\"32\" data-is-only-node=\"\">APHTAKALM Spray Buccal 30 ml<\/strong> est un soin localis\u00e9 destin\u00e9 \u00e0 apaiser les douleurs caus\u00e9es par les aphtes et les petites l\u00e9sions de la muqueuse buccale.<\/span> <span class=\"relative -mx-px my-[-0.2rem] rounded px-px py-[0.2rem] transition-colors duration-100 ease-in-out\">Gr\u00e2ce \u00e0 sa formule enrichie en Aloe vera, Pro-vitamine B5 et acide hyaluronique, il offre une action apaisante, cicatrisante et hydratante.<\/span> <span class=\"relative -mx-px my-[-0.2rem] rounded px-px py-[0.2rem] transition-colors duration-100 ease-in-out\">Le spray permet une application pr\u00e9cise sur les zones affect\u00e9es, procurant un soulagement rapide et favorisant la r\u00e9g\u00e9n\u00e9ration des tissus.<\/span>\u200b<\/p>\n<p class=\"\" data-start=\"456\" data-end=\"471\"><strong data-start=\"456\" data-end=\"471\">Bienfaits :<\/strong><\/p>\n<ul data-start=\"472\" data-end=\"679\">\n<li class=\"\" data-start=\"472\" data-end=\"511\">\n<p class=\"\" data-start=\"474\" data-end=\"511\"><span class=\"relative -mx-px my-[-0.2rem] rounded px-px py-[0.2rem] transition-colors duration-100 ease-in-out\">Soulage rapidement la douleur des aphtes.<\/span><\/p>\n<\/li>\n<li class=\"\" data-start=\"512\" data-end=\"551\">\n<p class=\"\" data-start=\"514\" data-end=\"551\"><span class=\"relative -mx-px my-[-0.2rem] rounded px-px py-[0.2rem] transition-colors duration-100 ease-in-out\">Favorise la cicatrisation des l\u00e9sions buccales.<\/span><\/p>\n<\/li>\n<li class=\"\" data-start=\"552\" data-end=\"591\">\n<p class=\"\" data-start=\"554\" data-end=\"591\"><span class=\"relative -mx-px my-[-0.2rem] rounded px-px py-[0.2rem] transition-colors duration-100 ease-in-out\">Hydrate et prot\u00e8ge la muqueuse buccale.<\/span><\/p>\n<\/li>\n<li class=\"\" data-start=\"592\" data-end=\"679\">\n<p class=\"\" data-start=\"594\" data-end=\"679\"><span class=\"relative -mx-px my-[-0.2rem] rounded px-px py-[0.2rem] transition-colors duration-100 ease-in-out\">Application cibl\u00e9e gr\u00e2ce au format spray.<\/span>\u200b<\/p>\n<\/li>\n<\/ul>\n<p class=\"\" data-start=\"681\" data-end=\"835\"><strong data-start=\"681\" data-end=\"709\">Conseils d&rsquo;utilisation :<\/strong> <span class=\"relative -mx-px my-[-0.2rem] rounded px-px py-[0.2rem] transition-colors duration-100 ease-in-out\">Appliquer 3 \u00e0 4 fois par jour directement sur la zone affect\u00e9e, apr\u00e8s les repas et le brossage des dents.<\/span> <span class=\"relative -mx-px my-[-0.2rem] rounded px-px py-[0.2rem] transition-colors duration-100 ease-in-out\">Ne pas rincer.<\/span>\u200b<\/p>\n","protected":false},"excerpt":{"rendered":"<p>Spray buccal apaisant pour soulager rapidement les douleurs des aphtes et favoriser la cicatrisation des l\u00e9sions buccales.<\/p>\n","protected":false},"featured_media":25217,"comment_status":"open","ping_status":"closed","template":"","meta":[],"product_cat":[230],"product_tag":[],"class_list":{"0":"post-21975","1":"product","2":"type-product","3":"status-publish","4":"has-post-thumbnail","6":"product_cat-hygiene","8":"first","9":"instock","10":"shipping-taxable","11":"purchasable","12":"product-type-simple"},"jetpack_sharing_enabled":true,"_links":{"self":[{"href":"https:\/\/para-pharmacity.tn\/index.php?rest_route=\/wp\/v2\/product\/21975","targetHints":{"allow":["GET"]}}],"collection":[{"href":"https:\/\/para-pharmacity.tn\/index.php?rest_route=\/wp\/v2\/product"}],"about":[{"href":"https:\/\/para-pharmacity.tn\/index.php?rest_route=\/wp\/v2\/types\/product"}],"replies":[{"embeddable":true,"href":"https:\/\/para-pharmacity.tn\/index.php?rest_route=%2Fwp%2Fv2%2Fcomments&post=21975"}],"version-history":[{"count":2,"href":"https:\/\/para-pharmacity.tn\/index.php?rest_route=\/wp\/v2\/product\/21975\/revisions"}],"predecessor-version":[{"id":25219,"href":"https:\/\/para-pharmacity.tn\/index.php?rest_route=\/wp\/v2\/product\/21975\/revisions\/25219"}],"wp:featuredmedia":[{"embeddable":true,"href":"https:\/\/para-pharmacity.tn\/index.php?rest_route=\/wp\/v2\/media\/25217"}],"wp:attachment":[{"href":"https:\/\/para-pharmacity.tn\/index.php?rest_route=%2Fwp%2Fv2%2Fmedia&parent=21975"}],"wp:term":[{"taxonomy":"product_cat","embeddable":true,"href":"https:\/\/para-pharmacity.tn\/index.php?rest_route=%2Fwp%2Fv2%2Fproduct_cat&post=21975"},{"taxonomy":"product_tag","embeddable":true,"href":"https:\/\/para-pharmacity.tn\/index.php?rest_route=%2Fwp%2Fv2%2Fproduct_tag&post=21975"}],"curies":[{"name":"wp","href":"https:\/\/api.w.org\/{rel}","templated":true}]}}