{"id":21959,"date":"2024-07-11T10:26:39","date_gmt":"2024-07-11T10:26:39","guid":{"rendered":"https:\/\/para-pharmacity.tn\/?product=xen-kela-fer-70"},"modified":"2025-05-05T12:16:16","modified_gmt":"2025-05-05T12:16:16","slug":"xen-kela-fer-70","status":"publish","type":"product","link":"https:\/\/para-pharmacity.tn\/?product=xen-kela-fer-70","title":{"rendered":"XEN KELA FER 70"},"content":{"rendered":"<p style=\"font-weight: 400\">Kela fer contient du fer avec la meilleure absorbation et la meilleure tol\u00e9rance digestives \u00e0 savoir fer ch\u00e9late par des acides amin\u00e9s. Le Kela fer n\u2019interagit pas avec les aliments (th\u00e9, caf\u00e9, lait,\u2026)<\/p>\n<p style=\"font-weight: 400\">Le Kel fer permet de suppl\u00e9menter les carences en fer et couvre le besoin journalier en vitamine C.<\/p>\n<p style=\"font-weight: 400\">La vitamine C participe \u00e0 augmenter l\u2019absorption du fer contenu dans les aliments d\u2019origine v\u00e9g\u00e9tale.<\/p>\n<p style=\"font-weight: 400\"><b><strong>Conseils d\u2019utilisation :<\/strong><\/b><\/p>\n<p style=\"font-weight: 400\">Consommer 1 \u00e0 2 g\u00e9lules\/jour.<\/p>\n<p style=\"font-weight: 400\">S\u2019utilise comme cure de 3 mois renouvelable.<\/p>\n","protected":false},"excerpt":{"rendered":"<p>Kela fer contient du fer avec la meilleure absorbation et la meilleure tol\u00e9rance digestives \u00e0 savoir fer ch\u00e9late par des acides amin\u00e9s. Le Kela fer n\u2019interagit pas avec les aliments (th\u00e9, caf\u00e9, lait,\u2026)<\/p>\n","protected":false},"featured_media":25804,"comment_status":"open","ping_status":"closed","template":"","meta":[],"product_cat":[286],"product_tag":[],"class_list":{"0":"post-21959","1":"product","2":"type-product","3":"status-publish","4":"has-post-thumbnail","6":"product_cat-complement-alimentaire","8":"first","9":"instock","10":"shipping-taxable","11":"purchasable","12":"product-type-simple"},"jetpack_sharing_enabled":true,"_links":{"self":[{"href":"https:\/\/para-pharmacity.tn\/index.php?rest_route=\/wp\/v2\/product\/21959","targetHints":{"allow":["GET"]}}],"collection":[{"href":"https:\/\/para-pharmacity.tn\/index.php?rest_route=\/wp\/v2\/product"}],"about":[{"href":"https:\/\/para-pharmacity.tn\/index.php?rest_route=\/wp\/v2\/types\/product"}],"replies":[{"embeddable":true,"href":"https:\/\/para-pharmacity.tn\/index.php?rest_route=%2Fwp%2Fv2%2Fcomments&post=21959"}],"version-history":[{"count":2,"href":"https:\/\/para-pharmacity.tn\/index.php?rest_route=\/wp\/v2\/product\/21959\/revisions"}],"predecessor-version":[{"id":25805,"href":"https:\/\/para-pharmacity.tn\/index.php?rest_route=\/wp\/v2\/product\/21959\/revisions\/25805"}],"wp:featuredmedia":[{"embeddable":true,"href":"https:\/\/para-pharmacity.tn\/index.php?rest_route=\/wp\/v2\/media\/25804"}],"wp:attachment":[{"href":"https:\/\/para-pharmacity.tn\/index.php?rest_route=%2Fwp%2Fv2%2Fmedia&parent=21959"}],"wp:term":[{"taxonomy":"product_cat","embeddable":true,"href":"https:\/\/para-pharmacity.tn\/index.php?rest_route=%2Fwp%2Fv2%2Fproduct_cat&post=21959"},{"taxonomy":"product_tag","embeddable":true,"href":"https:\/\/para-pharmacity.tn\/index.php?rest_route=%2Fwp%2Fv2%2Fproduct_tag&post=21959"}],"curies":[{"name":"wp","href":"https:\/\/api.w.org\/{rel}","templated":true}]}}