{"id":21958,"date":"2024-07-11T10:26:39","date_gmt":"2024-07-11T10:26:39","guid":{"rendered":"https:\/\/para-pharmacity.tn\/?product=vital-plantexil-b15-gellules"},"modified":"2025-05-14T11:01:07","modified_gmt":"2025-05-14T11:01:07","slug":"vital-plantexil-b15-gellules","status":"publish","type":"product","link":"https:\/\/para-pharmacity.tn\/?product=vital-plantexil-b15-gellules","title":{"rendered":"VITAL PLANTEXIL B15 GELLULES"},"content":{"rendered":"<p><strong>Plantexil<\/strong>\u00a0est une formule sp\u00e9cialement con\u00e7ue pour les adultes, afin de soulager les voies respiratoires et apaiser la toux s\u00e8che.<\/p>\n<p>Avec\u00a0<strong>Sant\u00e9 Vitale<\/strong>, chaque besoin trouve sa solution.<br \/>\nLes sympt\u00f4mes de la toux peuvent souvent appara\u00eetre lors des changements de saison.<\/p>\n<p>Disponible en\u00a0<strong>Sirop<\/strong>\u00a0et\u00a0<strong>G\u00e9lules<\/strong>.<br \/>\nUne combinaison d&rsquo;extraits secs de plantes, de miel et de propolis pour aider le corps \u00e0 soulager les voies respiratoires.<\/p>\n<p><strong>CONSEILS D\u2019UTILISATION<\/strong><br \/>\nG\u00e9lules : 1 g\u00e9lule, deux fois par jour.<\/p>\n<p>&nbsp;<\/p>\n<p><strong>COMPOSITION<\/strong><br \/>\nG\u00e9lules : Plantain, Tilleul, Romarin.<\/p>\n","protected":false},"excerpt":{"rendered":"<p>Plantaxil est un compl\u00e9ment alimentaire compos\u00e9 de 100% d\u2019actifs naturels: Plantain, Tilleul, Romarin, Miel, Propolis.<\/p>\n<p>Conseill\u00e9 pour calmer les voies respiratoires chez l\u2019adulte.<\/p>\n<p>Toux s\u00e8che.<\/p>\n","protected":false},"featured_media":26080,"comment_status":"open","ping_status":"closed","template":"","meta":[],"product_cat":[286],"product_tag":[],"class_list":{"0":"post-21958","1":"product","2":"type-product","3":"status-publish","4":"has-post-thumbnail","6":"product_cat-complement-alimentaire","8":"first","9":"instock","10":"shipping-taxable","11":"purchasable","12":"product-type-simple"},"jetpack_sharing_enabled":true,"_links":{"self":[{"href":"https:\/\/para-pharmacity.tn\/index.php?rest_route=\/wp\/v2\/product\/21958","targetHints":{"allow":["GET"]}}],"collection":[{"href":"https:\/\/para-pharmacity.tn\/index.php?rest_route=\/wp\/v2\/product"}],"about":[{"href":"https:\/\/para-pharmacity.tn\/index.php?rest_route=\/wp\/v2\/types\/product"}],"replies":[{"embeddable":true,"href":"https:\/\/para-pharmacity.tn\/index.php?rest_route=%2Fwp%2Fv2%2Fcomments&post=21958"}],"version-history":[{"count":2,"href":"https:\/\/para-pharmacity.tn\/index.php?rest_route=\/wp\/v2\/product\/21958\/revisions"}],"predecessor-version":[{"id":26083,"href":"https:\/\/para-pharmacity.tn\/index.php?rest_route=\/wp\/v2\/product\/21958\/revisions\/26083"}],"wp:featuredmedia":[{"embeddable":true,"href":"https:\/\/para-pharmacity.tn\/index.php?rest_route=\/wp\/v2\/media\/26080"}],"wp:attachment":[{"href":"https:\/\/para-pharmacity.tn\/index.php?rest_route=%2Fwp%2Fv2%2Fmedia&parent=21958"}],"wp:term":[{"taxonomy":"product_cat","embeddable":true,"href":"https:\/\/para-pharmacity.tn\/index.php?rest_route=%2Fwp%2Fv2%2Fproduct_cat&post=21958"},{"taxonomy":"product_tag","embeddable":true,"href":"https:\/\/para-pharmacity.tn\/index.php?rest_route=%2Fwp%2Fv2%2Fproduct_tag&post=21958"}],"curies":[{"name":"wp","href":"https:\/\/api.w.org\/{rel}","templated":true}]}}