{"id":21957,"date":"2024-07-11T10:26:38","date_gmt":"2024-07-11T10:26:38","guid":{"rendered":"https:\/\/para-pharmacity.tn\/?product=vital-omevie-omega-3-1000-30-gel"},"modified":"2025-05-16T16:16:04","modified_gmt":"2025-05-16T16:16:04","slug":"vital-omevie-omega-3-1000-30-gel","status":"publish","type":"product","link":"https:\/\/para-pharmacity.tn\/?product=vital-omevie-omega-3-1000-30-gel","title":{"rendered":"VITAL OMEVIE OMEGA 3 &#8211; 1000 30 GEL"},"content":{"rendered":"<p>Les vitamines VITAL OMEVIE OMEGA 3 &#8211; 1000 sont des capsules d&rsquo;huile de poisson hautement concentr\u00e9es en acides gras essentiels om\u00e9ga-3, sp\u00e9cifiquement en EPA (acide eicosapenta\u00e9no\u00efque) et DHA (acide docosahexa\u00e9no\u00efque). Ces acides gras sont reconnus pour leurs nombreux bienfaits pour la sant\u00e9, notamment pour le fonctionnement du c\u0153ur, du cerveau et des yeux.<\/p>\n<p>Les vitamines VITAL OMEVIE OMEGA 3 &#8211; 1000 sont id\u00e9ales pour compl\u00e9ter une alimentation riche en om\u00e9ga-3, notamment pour les personnes qui ne consomment pas assez de poissons gras. Elles contribuent \u00e9galement \u00e0 r\u00e9duire l&rsquo;inflammation, \u00e0 maintenir un taux de cholest\u00e9rol sain et \u00e0 favoriser la sant\u00e9 cardiovasculaire.<\/p>\n<p>Les capsules sont faciles \u00e0 avaler et ne laissent pas de go\u00fbt d\u00e9sagr\u00e9able en bouche. Elles sont parfaites pour toute la famille, adultes et enfants, qui souhaitent maintenir leur sant\u00e9 et leur bien-\u00eatre au quotidien. N&rsquo;h\u00e9sitez pas \u00e0 int\u00e9grer les vitamines VITAL OMEVIE OMEGA 3 &#8211; 1000 dans votre routine sant\u00e9 pour profiter de tous leurs bienfaits.<br \/>\n&#8211; Om\u00e9ga 3 (Huile de poisson) : 1000 mg<br \/>\n&#8211; Dont Acides gras EPA (acide eicosapenta\u00e9no\u00efque) : 180 mg<br \/>\n&#8211; Dont Acides gras DHA (acide docosahexa\u00e9no\u00efque) : 120 mg<br \/>\n&#8211; Vitamine E (DL-alpha-tocoph\u00e9rol) : 10 mg<br \/>\n&#8211; Enveloppe de la capsule : g\u00e9latine, glyc\u00e9rine, eau<br \/>\n&#8211; Antioxydant : extrait riche en tocoph\u00e9rols<br \/>\n&#8211; Colorant : carmin<\/p>\n<p>Veuillez consulter un professionnel de sant\u00e9 avant de prendre ce produit, en particulier si vous \u00eates enceinte, allaitante ou si vous suivez un traitement m\u00e9dical.<br \/>\nConseils d&rsquo;utilisation du produit de Vitamines VITAL OMEVIE OMEGA 3 &#8211; 1000 :<\/p>\n<p>&#8211; Prendre 1 g\u00e9lule par jour avec un grand verre d&rsquo;eau, de pr\u00e9f\u00e9rence pendant un repas.<br \/>\n&#8211; Ne pas d\u00e9passer la dose recommand\u00e9e.<br \/>\n&#8211; Tenir hors de port\u00e9e des enfants.<br \/>\n&#8211; Ce compl\u00e9ment alimentaire ne doit pas se substituer \u00e0 une alimentation vari\u00e9e et \u00e9quilibr\u00e9e.<br \/>\n&#8211; Conserver dans un endroit frais et sec, \u00e0 l&rsquo;abri de la lumi\u00e8re.<br \/>\n&#8211; Si vous \u00eates enceinte, allaitante ou si vous suivez un traitement m\u00e9dical, consultez un professionnel de sant\u00e9 avant de prendre ce produit.<br \/>\n&#8211; En cas de r\u00e9action allergique, arr\u00eater la prise du produit et consulter un m\u00e9decin.<\/p>\n<p>Pour profiter pleinement des bienfaits des Omega 3, il est recommand\u00e9 de suivre les conseils d&rsquo;utilisation et de conserver une hygi\u00e8ne de vie saine en associant une alimentation \u00e9quilibr\u00e9e et une pratique r\u00e9guli\u00e8re d&rsquo;activit\u00e9 physique.<\/p>\n","protected":false},"excerpt":{"rendered":"<p>Contribue au bon d\u00e9veloppement c\u00e9r\u00e9bral, maintenir une bonne vision, pr\u00e9vient et r\u00e9duit l\u2019inflammation secondaire \u00e0 une infection virale<br \/>\nConcentration<\/p>\n","protected":false},"featured_media":26182,"comment_status":"open","ping_status":"closed","template":"","meta":[],"product_cat":[286],"product_tag":[],"class_list":{"0":"post-21957","1":"product","2":"type-product","3":"status-publish","4":"has-post-thumbnail","6":"product_cat-complement-alimentaire","8":"first","9":"instock","10":"shipping-taxable","11":"purchasable","12":"product-type-simple"},"jetpack_sharing_enabled":true,"_links":{"self":[{"href":"https:\/\/para-pharmacity.tn\/index.php?rest_route=\/wp\/v2\/product\/21957","targetHints":{"allow":["GET"]}}],"collection":[{"href":"https:\/\/para-pharmacity.tn\/index.php?rest_route=\/wp\/v2\/product"}],"about":[{"href":"https:\/\/para-pharmacity.tn\/index.php?rest_route=\/wp\/v2\/types\/product"}],"replies":[{"embeddable":true,"href":"https:\/\/para-pharmacity.tn\/index.php?rest_route=%2Fwp%2Fv2%2Fcomments&post=21957"}],"version-history":[{"count":2,"href":"https:\/\/para-pharmacity.tn\/index.php?rest_route=\/wp\/v2\/product\/21957\/revisions"}],"predecessor-version":[{"id":26183,"href":"https:\/\/para-pharmacity.tn\/index.php?rest_route=\/wp\/v2\/product\/21957\/revisions\/26183"}],"wp:featuredmedia":[{"embeddable":true,"href":"https:\/\/para-pharmacity.tn\/index.php?rest_route=\/wp\/v2\/media\/26182"}],"wp:attachment":[{"href":"https:\/\/para-pharmacity.tn\/index.php?rest_route=%2Fwp%2Fv2%2Fmedia&parent=21957"}],"wp:term":[{"taxonomy":"product_cat","embeddable":true,"href":"https:\/\/para-pharmacity.tn\/index.php?rest_route=%2Fwp%2Fv2%2Fproduct_cat&post=21957"},{"taxonomy":"product_tag","embeddable":true,"href":"https:\/\/para-pharmacity.tn\/index.php?rest_route=%2Fwp%2Fv2%2Fproduct_tag&post=21957"}],"curies":[{"name":"wp","href":"https:\/\/api.w.org\/{rel}","templated":true}]}}