{"id":21931,"date":"2024-07-11T10:26:21","date_gmt":"2024-07-11T10:26:21","guid":{"rendered":"https:\/\/para-pharmacity.tn\/?product=avent-bib-anti-colic-330ml-3m-816-61"},"modified":"2025-04-16T13:00:46","modified_gmt":"2025-04-16T13:00:46","slug":"avent-bib-anti-colic-330ml-3m-816-61","status":"publish","type":"product","link":"https:\/\/para-pharmacity.tn\/?product=avent-bib-anti-colic-330ml-3m-816-61","title":{"rendered":"AVENT BIB ANTI COLIC 330ML 3M+ 816\/61"},"content":{"rendered":"<p class=\"\" data-start=\"386\" data-end=\"507\"><span class=\"relative -mx-px my-[-0.2rem] rounded px-px py-[0.2rem] transition-colors duration-100 ease-in-out\">Le biberon Philips Avent Anti-Colic 330 ml (r\u00e9f. SCF816\/61) est sp\u00e9cialement con\u00e7u pour les nourrissons d\u00e8s 3 mois.<\/span> <span class=\"relative -mx-px my-[-0.2rem] rounded px-px py-[0.2rem] transition-colors duration-100 ease-in-out\">Il est \u00e9quip\u00e9 d&rsquo;une valve anti-coliques qui permet de maintenir la t\u00e9tine pleine de lait, m\u00eame en position horizontale, r\u00e9duisant ainsi l&rsquo;ingestion d&rsquo;air et les risques de coliques, de gaz et de reflux.<\/span>\u200b<\/p>\n<p class=\"\" data-start=\"509\" data-end=\"674\"><span class=\"relative -mx-px my-[-0.2rem] rounded px-px py-[0.2rem] transition-colors duration-100 ease-in-out\">Le biberon pr\u00e9sente un large goulot, facilitant le remplissage et le nettoyage.<\/span> <span class=\"relative -mx-px my-[-0.2rem] rounded px-px py-[0.2rem] transition-colors duration-100 ease-in-out\">Sa conception simple avec moins de pi\u00e8ces permet un montage rapide.<\/span> <span class=\"relative -mx-px my-[-0.2rem] rounded px-px py-[0.2rem] transition-colors duration-100 ease-in-out\">La forme de la t\u00e9tine encourage une bonne succion et sa texture rainur\u00e9e aide \u00e0 emp\u00eacher la r\u00e9traction de la t\u00e9tine, assurant ainsi une t\u00e9t\u00e9e confortable et ininterrompue.<\/span>\u200b<\/p>\n<p class=\"\" data-start=\"676\" data-end=\"761\"><span class=\"relative -mx-px my-[-0.2rem] rounded px-px py-[0.2rem] transition-colors duration-100 ease-in-out\">Fabriqu\u00e9 en plastique sans BPA, ce biberon est compatible avec les autres produits de la gamme Philips Avent Anti-Colic, offrant ainsi une solution compl\u00e8te pour l&rsquo;alimentation de votre b\u00e9b\u00e9.<\/span><\/p>\n","protected":false},"excerpt":{"rendered":"<p><span class=\"relative -mx-px my-[-0.2rem] rounded px-px py-[0.2rem] transition-colors duration-100 ease-in-out\">Biberon Philips Avent Anti-Colic 330 ml con\u00e7u pour les b\u00e9b\u00e9s d\u00e8s 3 mois.<\/span> <span class=\"relative -mx-px my-[-0.2rem] rounded px-px py-[0.2rem] transition-colors duration-100 ease-in-out\">Dot\u00e9 d&rsquo;une valve anti-coliques int\u00e9gr\u00e9e, il r\u00e9duit l&rsquo;ingestion d&rsquo;air, les coliques, les gaz et les reflux.<\/span> <span class=\"relative -mx-px my-[-0.2rem] rounded px-px py-[0.2rem] bg-[#FCECC1] dark:bg-[#64572A] transition-colors duration-100 ease-in-out\">Son large goulot facilite le remplissage et le nettoyage.<\/span> <span class=\"relative -mx-px my-[-0.2rem] rounded px-px py-[0.2rem] transition-colors duration-100 ease-in-out\">Fabriqu\u00e9 en plastique sans BPA, il est facile \u00e0 assembler et \u00e0 utiliser.<\/span>\u200b<\/p>\n","protected":false},"featured_media":25303,"comment_status":"open","ping_status":"closed","template":"","meta":[],"product_cat":[243],"product_tag":[],"class_list":{"0":"post-21931","1":"product","2":"type-product","3":"status-publish","4":"has-post-thumbnail","6":"product_cat-bebe-et-maman","8":"first","9":"instock","10":"shipping-taxable","11":"purchasable","12":"product-type-simple"},"jetpack_sharing_enabled":true,"_links":{"self":[{"href":"https:\/\/para-pharmacity.tn\/index.php?rest_route=\/wp\/v2\/product\/21931","targetHints":{"allow":["GET"]}}],"collection":[{"href":"https:\/\/para-pharmacity.tn\/index.php?rest_route=\/wp\/v2\/product"}],"about":[{"href":"https:\/\/para-pharmacity.tn\/index.php?rest_route=\/wp\/v2\/types\/product"}],"replies":[{"embeddable":true,"href":"https:\/\/para-pharmacity.tn\/index.php?rest_route=%2Fwp%2Fv2%2Fcomments&post=21931"}],"version-history":[{"count":2,"href":"https:\/\/para-pharmacity.tn\/index.php?rest_route=\/wp\/v2\/product\/21931\/revisions"}],"predecessor-version":[{"id":25304,"href":"https:\/\/para-pharmacity.tn\/index.php?rest_route=\/wp\/v2\/product\/21931\/revisions\/25304"}],"wp:featuredmedia":[{"embeddable":true,"href":"https:\/\/para-pharmacity.tn\/index.php?rest_route=\/wp\/v2\/media\/25303"}],"wp:attachment":[{"href":"https:\/\/para-pharmacity.tn\/index.php?rest_route=%2Fwp%2Fv2%2Fmedia&parent=21931"}],"wp:term":[{"taxonomy":"product_cat","embeddable":true,"href":"https:\/\/para-pharmacity.tn\/index.php?rest_route=%2Fwp%2Fv2%2Fproduct_cat&post=21931"},{"taxonomy":"product_tag","embeddable":true,"href":"https:\/\/para-pharmacity.tn\/index.php?rest_route=%2Fwp%2Fv2%2Fproduct_tag&post=21931"}],"curies":[{"name":"wp","href":"https:\/\/api.w.org\/{rel}","templated":true}]}}