{"id":21930,"date":"2024-07-11T10:26:21","date_gmt":"2024-07-11T10:26:21","guid":{"rendered":"https:\/\/para-pharmacity.tn\/?product=xen-hydra-24-creme-legere"},"modified":"2025-05-05T13:22:20","modified_gmt":"2025-05-05T13:22:20","slug":"xen-hydra-24-creme-legere","status":"publish","type":"product","link":"https:\/\/para-pharmacity.tn\/?product=xen-hydra-24-creme-legere","title":{"rendered":"XEN HYDRA 24 CREME LEGERE"},"content":{"rendered":"<p>HYDRA 24, Cr\u00e8me l\u00e9g\u00e8re Hydrate la peau pendant 24 heures (MOIST 24), de la surface vers la profondeur (HYDRAPROTECTOL), apaise et am\u00e9liore le confort des peaux sensibles (PACIFEEL) et prot\u00e8ge contre les UV (SPF 20). La texture fine, non grasse et fraiche laisse la peau infiniment confortable, douce et visiblement radieuse.<\/p>\n<h5>R\u00c9SULTATS<\/h5>\n<p>Hydrate la peau et la nourrit, tout au long de la journ\u00e9e en lui donnant un aspect sain, souple et lisse.<\/p>\n<p>Apaise la peau et procure un confort imm\u00e9diat.<\/p>\n<p>Prot\u00e8ge la peau des effets n\u00e9fastes des UV (SPF 20).<\/p>\n<h4>Conseils d&rsquo;utilisation<\/h4>\n<p>Appliquer votre cr\u00e8me HYDRA 24, Cr\u00e8me l\u00e9g\u00e8re matin et\/ou soir sur votre visage et cou pr\u00e9alablement bien nettoy\u00e9s. Faire ensuite p\u00e9n\u00e9trer la texture en massant d\u00e9licatement du bout des doigts. Penser que la quantit\u00e9 de cr\u00e8me appliqu\u00e9e doit \u00eatre enti\u00e8rement absorb\u00e9e par la peau.<\/p>\n","protected":false},"excerpt":{"rendered":"<p>HYDRA 24, Cr\u00e8me l\u00e9g\u00e8re Hydrate la peau pendant 24 heures (MOIST 24), de la surface vers la profondeur (HYDRAPROTECTOL), apaise et am\u00e9liore le confort des peaux sensibles (PACIFEEL) et prot\u00e8ge contre les UV (SPF 20). La texture fine, non grasse et fraiche laisse la peau infiniment confortable, douce et visiblement radieuse.<\/p>\n","protected":false},"featured_media":25826,"comment_status":"open","ping_status":"closed","template":"","meta":[],"product_cat":[213],"product_tag":[],"class_list":{"0":"post-21930","1":"product","2":"type-product","3":"status-publish","4":"has-post-thumbnail","6":"product_cat-visage","8":"first","9":"instock","10":"shipping-taxable","11":"purchasable","12":"product-type-simple"},"jetpack_sharing_enabled":true,"_links":{"self":[{"href":"https:\/\/para-pharmacity.tn\/index.php?rest_route=\/wp\/v2\/product\/21930","targetHints":{"allow":["GET"]}}],"collection":[{"href":"https:\/\/para-pharmacity.tn\/index.php?rest_route=\/wp\/v2\/product"}],"about":[{"href":"https:\/\/para-pharmacity.tn\/index.php?rest_route=\/wp\/v2\/types\/product"}],"replies":[{"embeddable":true,"href":"https:\/\/para-pharmacity.tn\/index.php?rest_route=%2Fwp%2Fv2%2Fcomments&post=21930"}],"version-history":[{"count":2,"href":"https:\/\/para-pharmacity.tn\/index.php?rest_route=\/wp\/v2\/product\/21930\/revisions"}],"predecessor-version":[{"id":25827,"href":"https:\/\/para-pharmacity.tn\/index.php?rest_route=\/wp\/v2\/product\/21930\/revisions\/25827"}],"wp:featuredmedia":[{"embeddable":true,"href":"https:\/\/para-pharmacity.tn\/index.php?rest_route=\/wp\/v2\/media\/25826"}],"wp:attachment":[{"href":"https:\/\/para-pharmacity.tn\/index.php?rest_route=%2Fwp%2Fv2%2Fmedia&parent=21930"}],"wp:term":[{"taxonomy":"product_cat","embeddable":true,"href":"https:\/\/para-pharmacity.tn\/index.php?rest_route=%2Fwp%2Fv2%2Fproduct_cat&post=21930"},{"taxonomy":"product_tag","embeddable":true,"href":"https:\/\/para-pharmacity.tn\/index.php?rest_route=%2Fwp%2Fv2%2Fproduct_tag&post=21930"}],"curies":[{"name":"wp","href":"https:\/\/api.w.org\/{rel}","templated":true}]}}