{"id":21899,"date":"2024-07-11T10:26:07","date_gmt":"2024-07-11T10:26:07","guid":{"rendered":"https:\/\/para-pharmacity.tn\/?product=baby-n-ciseaux-bb-33337"},"modified":"2025-04-21T10:42:35","modified_gmt":"2025-04-21T10:42:35","slug":"baby-n-ciseaux-bb-33337","status":"publish","type":"product","link":"https:\/\/para-pharmacity.tn\/?product=baby-n-ciseaux-bb-33337","title":{"rendered":"BABY N.CISEAUX BB 33337"},"content":{"rendered":"<p class=\"\" data-start=\"276\" data-end=\"511\"><span class=\"relative -mx-px my-[-0.2rem] rounded px-px py-[0.2rem] transition-colors duration-100 ease-in-out\">Les <strong data-start=\"4\" data-end=\"36\">ciseaux b\u00e9b\u00e9 Baby Nova 33337<\/strong> sont sp\u00e9cialement con\u00e7us pour assurer une coupe pr\u00e9cise et s\u00e9curis\u00e9e des ongles de votre enfant d\u00e8s la naissance.<\/span> <span class=\"relative -mx-px my-[-0.2rem] rounded px-px py-[0.2rem] transition-colors duration-100 ease-in-out\">Fabriqu\u00e9s en <strong data-start=\"13\" data-end=\"33\">acier inoxydable<\/strong>, ils garantissent une durabilit\u00e9 optimale et une hygi\u00e8ne irr\u00e9prochable.<\/span> <span class=\"relative -mx-px my-[-0.2rem] rounded px-px py-[0.2rem] transition-colors duration-100 ease-in-out\">Leurs <strong data-start=\"6\" data-end=\"27\">pointes arrondies<\/strong> minimisent les risques de blessures, offrant ainsi une tranquillit\u00e9 d&rsquo;esprit lors de la toilette.<\/span> <span class=\"relative -mx-px my-[-0.2rem] rounded px-px py-[0.2rem] transition-colors duration-100 ease-in-out\">Les <strong data-start=\"4\" data-end=\"31\">poign\u00e9es antid\u00e9rapantes<\/strong> assurent une prise en main confortable et stable, facilitant l&rsquo;utilisation m\u00eame pour les parents novices.<\/span> <span class=\"relative -mx-px my-[-0.2rem] rounded px-px py-[0.2rem] transition-colors duration-100 ease-in-out\">Un <strong data-start=\"3\" data-end=\"29\">capuchon de protection<\/strong> est inclus pour pr\u00e9server les lames et garantir une hygi\u00e8ne parfaite entre chaque utilisation.<\/span>\u200b<\/p>\n<ul data-start=\"557\" data-end=\"959\">\n<li class=\"\" data-start=\"557\" data-end=\"614\">\n<p class=\"\" data-start=\"559\" data-end=\"614\"><strong data-start=\"559\" data-end=\"572\">R\u00e9f\u00e9rence<\/strong> : <span class=\"relative -mx-px my-[-0.2rem] rounded px-px py-[0.2rem] transition-colors duration-100 ease-in-out\">33337<\/span><\/p>\n<\/li>\n<li class=\"\" data-start=\"615\" data-end=\"671\">\n<p class=\"\" data-start=\"617\" data-end=\"671\"><strong data-start=\"617\" data-end=\"629\">Mat\u00e9riau<\/strong> : <span class=\"relative -mx-px my-[-0.2rem] rounded px-px py-[0.2rem] transition-colors duration-100 ease-in-out\">Acier inoxydable<\/span><\/p>\n<\/li>\n<li class=\"\" data-start=\"672\" data-end=\"727\">\n<p class=\"\" data-start=\"674\" data-end=\"727\"><strong data-start=\"674\" data-end=\"685\">Pointes<\/strong> : <span class=\"relative -mx-px my-[-0.2rem] rounded px-px py-[0.2rem] transition-colors duration-100 ease-in-out\">Arrondies pour une s\u00e9curit\u00e9 accrue<\/span><\/p>\n<\/li>\n<li class=\"\" data-start=\"728\" data-end=\"784\">\n<p class=\"\" data-start=\"730\" data-end=\"784\"><strong data-start=\"730\" data-end=\"742\">Poign\u00e9es<\/strong> : <span class=\"relative -mx-px my-[-0.2rem] rounded px-px py-[0.2rem] transition-colors duration-100 ease-in-out\">Antid\u00e9rapantes pour une meilleure prise en main<\/span><\/p>\n<\/li>\n<li class=\"\" data-start=\"785\" data-end=\"850\">\n<p class=\"\" data-start=\"787\" data-end=\"850\"><strong data-start=\"787\" data-end=\"808\">Accessoire inclus<\/strong> : <span class=\"relative -mx-px my-[-0.2rem] rounded px-px py-[0.2rem] transition-colors duration-100 ease-in-out\">Capuchon de protection<\/span><\/p>\n<\/li>\n<li class=\"\" data-start=\"851\" data-end=\"959\">\n<p class=\"\" data-start=\"853\" data-end=\"959\"><strong data-start=\"853\" data-end=\"871\">\u00c2ge recommand\u00e9<\/strong> : <span class=\"relative -mx-px my-[-0.2rem] rounded px-px py-[0.2rem] transition-colors duration-100 ease-in-out\">D\u00e8s la naissance<\/span><\/p>\n<\/li>\n<\/ul>\n","protected":false},"excerpt":{"rendered":"<p>iseaux b\u00e9b\u00e9 Baby Nova 33337 en acier inoxydable avec embouts arrondis et capuchon de protection. Id\u00e9als pour couper les ongles de b\u00e9b\u00e9 en toute s\u00e9curit\u00e9.<\/p>\n","protected":false},"featured_media":25388,"comment_status":"open","ping_status":"closed","template":"","meta":[],"product_cat":[243],"product_tag":[],"class_list":{"0":"post-21899","1":"product","2":"type-product","3":"status-publish","4":"has-post-thumbnail","6":"product_cat-bebe-et-maman","8":"first","9":"instock","10":"shipping-taxable","11":"purchasable","12":"product-type-simple"},"jetpack_sharing_enabled":true,"_links":{"self":[{"href":"https:\/\/para-pharmacity.tn\/index.php?rest_route=\/wp\/v2\/product\/21899","targetHints":{"allow":["GET"]}}],"collection":[{"href":"https:\/\/para-pharmacity.tn\/index.php?rest_route=\/wp\/v2\/product"}],"about":[{"href":"https:\/\/para-pharmacity.tn\/index.php?rest_route=\/wp\/v2\/types\/product"}],"replies":[{"embeddable":true,"href":"https:\/\/para-pharmacity.tn\/index.php?rest_route=%2Fwp%2Fv2%2Fcomments&post=21899"}],"version-history":[{"count":2,"href":"https:\/\/para-pharmacity.tn\/index.php?rest_route=\/wp\/v2\/product\/21899\/revisions"}],"predecessor-version":[{"id":25389,"href":"https:\/\/para-pharmacity.tn\/index.php?rest_route=\/wp\/v2\/product\/21899\/revisions\/25389"}],"wp:featuredmedia":[{"embeddable":true,"href":"https:\/\/para-pharmacity.tn\/index.php?rest_route=\/wp\/v2\/media\/25388"}],"wp:attachment":[{"href":"https:\/\/para-pharmacity.tn\/index.php?rest_route=%2Fwp%2Fv2%2Fmedia&parent=21899"}],"wp:term":[{"taxonomy":"product_cat","embeddable":true,"href":"https:\/\/para-pharmacity.tn\/index.php?rest_route=%2Fwp%2Fv2%2Fproduct_cat&post=21899"},{"taxonomy":"product_tag","embeddable":true,"href":"https:\/\/para-pharmacity.tn\/index.php?rest_route=%2Fwp%2Fv2%2Fproduct_tag&post=21899"}],"curies":[{"name":"wp","href":"https:\/\/api.w.org\/{rel}","templated":true}]}}