{"id":21898,"date":"2024-07-11T10:26:07","date_gmt":"2024-07-11T10:26:07","guid":{"rendered":"https:\/\/para-pharmacity.tn\/?product=avent-bib-natural-en-verre-240ml-053-17"},"modified":"2025-04-16T14:08:31","modified_gmt":"2025-04-16T14:08:31","slug":"avent-bib-natural-en-verre-240ml-053-17","status":"publish","type":"product","link":"https:\/\/para-pharmacity.tn\/?product=avent-bib-natural-en-verre-240ml-053-17","title":{"rendered":"AVENT BIB NATURAL EN VERRE 240ML 053\/17"},"content":{"rendered":"<p class=\"\" data-start=\"311\" data-end=\"468\"><span class=\"relative -mx-px my-[-0.2rem] rounded px-px py-[0.2rem] transition-colors duration-100 ease-in-out\">Le biberon Philips Avent Natural en verre 240 ml (r\u00e9f. SCF053\/17) est con\u00e7u pour faciliter l&rsquo;alternance entre allaitement au sein et au biberon.<\/span> <span class=\"relative -mx-px my-[-0.2rem] rounded px-px py-[0.2rem] transition-colors duration-100 ease-in-out\">Sa t\u00e9tine ultra-douce, en forme de sein, offre une t\u00e9t\u00e9e naturelle, aidant b\u00e9b\u00e9 \u00e0 passer facilement du sein au biberon.<\/span> <span class=\"relative -mx-px my-[-0.2rem] rounded px-px py-[0.2rem] transition-colors duration-100 ease-in-out\">Le design flexible en spirale, associ\u00e9 \u00e0 des alv\u00e9oles de confort, emp\u00eache l&rsquo;\u00e9crasement de la t\u00e9tine, assurant une t\u00e9t\u00e9e continue et confortable.<\/span>\u200b<\/p>\n<p class=\"\" data-start=\"470\" data-end=\"595\"><span class=\"relative -mx-px my-[-0.2rem] rounded px-px py-[0.2rem] transition-colors duration-100 ease-in-out\">Fabriqu\u00e9 en verre borosilicat\u00e9 de qualit\u00e9 pharmaceutique, ce biberon est r\u00e9sistant \u00e0 la chaleur et aux chocs thermiques, ce qui permet de le st\u00e9riliser, de le chauffer et de le stocker en toute s\u00e9curit\u00e9.<\/span> <span class=\"relative -mx-px my-[-0.2rem] rounded px-px py-[0.2rem] transition-colors duration-100 ease-in-out\">La valve anti-coliques int\u00e9gr\u00e9e est con\u00e7ue pour r\u00e9duire l&rsquo;ingestion d&rsquo;air, diminuant ainsi les risques de coliques et d&rsquo;inconfort.<\/span>\u200b<\/p>\n<p class=\"\" data-start=\"597\" data-end=\"762\"><span class=\"relative -mx-px my-[-0.2rem] rounded px-px py-[0.2rem] transition-colors duration-100 ease-in-out\">Le biberon pr\u00e9sente une forme ergonomique, facile \u00e0 tenir pour les parents et les b\u00e9b\u00e9s.<\/span> <span class=\"relative -mx-px my-[-0.2rem] rounded px-px py-[0.2rem] transition-colors duration-100 ease-in-out\">Son col large facilite le remplissage et le nettoyage, et il est compatible avec les autres produits de la gamme Philips Avent Natural.<\/span> <span class=\"relative -mx-px my-[-0.2rem] rounded px-px py-[0.2rem] transition-colors duration-100 ease-in-out\">Ce biberon est sans BPA, garantissant ainsi une alimentation s\u00fbre pour votre b\u00e9b\u00e9.<\/span><\/p>\n","protected":false},"excerpt":{"rendered":"<p><span class=\"relative -mx-px my-[-0.2rem] rounded px-px py-[0.2rem] transition-colors duration-100 ease-in-out\">Biberon en verre borosilicat\u00e9 de 240 ml, con\u00e7u pour une t\u00e9t\u00e9e naturelle gr\u00e2ce \u00e0 sa t\u00e9tine ultra-douce imitant la forme du sein.<\/span> <span class=\"relative -mx-px my-[-0.2rem] rounded px-px py-[0.2rem] transition-colors duration-100 ease-in-out\">Dot\u00e9 d&rsquo;une valve anti-coliques, il est r\u00e9sistant \u00e0 la chaleur et aux chocs thermiques.<\/span> <span class=\"relative -mx-px my-[-0.2rem] rounded px-px py-[0.2rem] transition-colors duration-100 ease-in-out\">Facile \u00e0 nettoyer et compatible avec la gamme Philips Avent Natural.<\/span><\/p>\n","protected":false},"featured_media":25321,"comment_status":"open","ping_status":"closed","template":"","meta":[],"product_cat":[243],"product_tag":[],"class_list":{"0":"post-21898","1":"product","2":"type-product","3":"status-publish","4":"has-post-thumbnail","6":"product_cat-bebe-et-maman","8":"first","9":"instock","10":"shipping-taxable","11":"purchasable","12":"product-type-simple"},"jetpack_sharing_enabled":true,"_links":{"self":[{"href":"https:\/\/para-pharmacity.tn\/index.php?rest_route=\/wp\/v2\/product\/21898","targetHints":{"allow":["GET"]}}],"collection":[{"href":"https:\/\/para-pharmacity.tn\/index.php?rest_route=\/wp\/v2\/product"}],"about":[{"href":"https:\/\/para-pharmacity.tn\/index.php?rest_route=\/wp\/v2\/types\/product"}],"replies":[{"embeddable":true,"href":"https:\/\/para-pharmacity.tn\/index.php?rest_route=%2Fwp%2Fv2%2Fcomments&post=21898"}],"version-history":[{"count":2,"href":"https:\/\/para-pharmacity.tn\/index.php?rest_route=\/wp\/v2\/product\/21898\/revisions"}],"predecessor-version":[{"id":25323,"href":"https:\/\/para-pharmacity.tn\/index.php?rest_route=\/wp\/v2\/product\/21898\/revisions\/25323"}],"wp:featuredmedia":[{"embeddable":true,"href":"https:\/\/para-pharmacity.tn\/index.php?rest_route=\/wp\/v2\/media\/25321"}],"wp:attachment":[{"href":"https:\/\/para-pharmacity.tn\/index.php?rest_route=%2Fwp%2Fv2%2Fmedia&parent=21898"}],"wp:term":[{"taxonomy":"product_cat","embeddable":true,"href":"https:\/\/para-pharmacity.tn\/index.php?rest_route=%2Fwp%2Fv2%2Fproduct_cat&post=21898"},{"taxonomy":"product_tag","embeddable":true,"href":"https:\/\/para-pharmacity.tn\/index.php?rest_route=%2Fwp%2Fv2%2Fproduct_tag&post=21898"}],"curies":[{"name":"wp","href":"https:\/\/api.w.org\/{rel}","templated":true}]}}