{"id":21891,"date":"2024-07-11T10:26:04","date_gmt":"2024-07-11T10:26:04","guid":{"rendered":"https:\/\/para-pharmacity.tn\/?product=vital-omevie-emotion-900-b30"},"modified":"2025-05-16T16:19:43","modified_gmt":"2025-05-16T16:19:43","slug":"vital-omevie-emotion-900-b30","status":"publish","type":"product","link":"https:\/\/para-pharmacity.tn\/?product=vital-omevie-emotion-900-b30","title":{"rendered":"VITAL OMEVIE EMOTION 900 B30"},"content":{"rendered":"<p>OMEVIE \u00c9motion -900 est un compl\u00e9ment alimentaire.<\/p>\n<p>\u00e9tant donn\u00e9 sa composition:<\/p>\n<p>en premier lieu Om\u00e9ga 3 riche EPA .<\/p>\n<p>aussi deux\u00a0 huiles essentielles de millepertuis et\u00a0 lavande.<\/p>\n<p>\u00e7a vous aidera a Maintenir ,votre \u00e9quilibre \u00e9motionnel.<\/p>\n<p>et \u00e9galement Garder une humeur \u00e9quilibr\u00e9e.<\/p>\n<h2>Utilisation :<\/h2>\n<p>1 capsule par jour<\/p>\n","protected":false},"excerpt":{"rendered":"<div id=\"product-description-short-5254\" class=\"product-description\">\n<p>OMEVIE \u00c9motion -900 est un compl\u00e9ment alimentaire.<\/p>\n<\/div>\n","protected":false},"featured_media":26185,"comment_status":"open","ping_status":"closed","template":"","meta":[],"product_cat":[286],"product_tag":[],"class_list":{"0":"post-21891","1":"product","2":"type-product","3":"status-publish","4":"has-post-thumbnail","6":"product_cat-complement-alimentaire","8":"first","9":"instock","10":"shipping-taxable","11":"purchasable","12":"product-type-simple"},"jetpack_sharing_enabled":true,"_links":{"self":[{"href":"https:\/\/para-pharmacity.tn\/index.php?rest_route=\/wp\/v2\/product\/21891","targetHints":{"allow":["GET"]}}],"collection":[{"href":"https:\/\/para-pharmacity.tn\/index.php?rest_route=\/wp\/v2\/product"}],"about":[{"href":"https:\/\/para-pharmacity.tn\/index.php?rest_route=\/wp\/v2\/types\/product"}],"replies":[{"embeddable":true,"href":"https:\/\/para-pharmacity.tn\/index.php?rest_route=%2Fwp%2Fv2%2Fcomments&post=21891"}],"version-history":[{"count":2,"href":"https:\/\/para-pharmacity.tn\/index.php?rest_route=\/wp\/v2\/product\/21891\/revisions"}],"predecessor-version":[{"id":26186,"href":"https:\/\/para-pharmacity.tn\/index.php?rest_route=\/wp\/v2\/product\/21891\/revisions\/26186"}],"wp:featuredmedia":[{"embeddable":true,"href":"https:\/\/para-pharmacity.tn\/index.php?rest_route=\/wp\/v2\/media\/26185"}],"wp:attachment":[{"href":"https:\/\/para-pharmacity.tn\/index.php?rest_route=%2Fwp%2Fv2%2Fmedia&parent=21891"}],"wp:term":[{"taxonomy":"product_cat","embeddable":true,"href":"https:\/\/para-pharmacity.tn\/index.php?rest_route=%2Fwp%2Fv2%2Fproduct_cat&post=21891"},{"taxonomy":"product_tag","embeddable":true,"href":"https:\/\/para-pharmacity.tn\/index.php?rest_route=%2Fwp%2Fv2%2Fproduct_tag&post=21891"}],"curies":[{"name":"wp","href":"https:\/\/api.w.org\/{rel}","templated":true}]}}