{"id":21863,"date":"2024-07-11T10:25:53","date_gmt":"2024-07-11T10:25:53","guid":{"rendered":"https:\/\/para-pharmacity.tn\/?product=young-health-leucine-mp"},"modified":"2025-05-02T12:39:08","modified_gmt":"2025-05-02T12:39:08","slug":"young-health-leucine-mp","status":"publish","type":"product","link":"https:\/\/para-pharmacity.tn\/?product=young-health-leucine-mp","title":{"rendered":"YOUNG HEALTH LEUCINE MP"},"content":{"rendered":"<p>D\u2019un point de vue m\u00e9tabolique, la L-Leucine lutte contre les effets des carences protidiques\u2026<\/p>\n<p>Au niveau mol\u00e9culaire, lorsqu\u2019une personne ne consomme pas assez de prot\u00e9ines et donc De\u00a0<a href=\"https:\/\/www.maparatunisie.tn\/produit\/impact-performance-211-bcaa-tropical-storm\/\">BCAA<\/a>, la perte musculaire est de r\u00e8gle. En effet, les acides amin\u00e9s interviennent dans de Nombreuses fonctions vitales (hormones, enzymes, anti-corps), largement prioritaires pour le Corps sur la pr\u00e9servation musculaire. En cas de r\u00e9gime ou d\u2019alimentation pauvre en Prot\u00e9ines, une suppl\u00e9mentation en L-Leucine maintient ainsi la masse maigre et r\u00e9duit la Fatigue.<\/p>\n<p>La L-leucine est un acide amin\u00e9 essentiel, le plus important des acides amin\u00e9s \u00e0 chaine ramifi\u00e9e.<\/p>\n<p>Elle augmente le taux de synth\u00e8se des prot\u00e9ines (dont masse musculaire ) et en r\u00e9duit la d\u00e9gradation.<\/p>\n<p>La L-Leucine est largement pl\u00e9biscit\u00e9e dans les milieux sportifs. Elle favoriserait la gu\u00e9rison des muscles et de la peau. La L-Leucine est ainsi tr\u00e8s populaire dans les milieux du fitness et du bodybuilding.<\/p>\n","protected":false},"excerpt":{"rendered":"<p>La L. Leucine est un acide amin\u00e9 dit \u00ab\u00a0essentiel\u00a0\u00bb. Il est donc fondamental d\u2019en apporter \u00e0 l\u2019organisme en quantit\u00e9 suffisante lors des r\u00e9gimes amaigrissants, lors d\u2019entrainements sportifs intensifs et chez les s\u00e9niors pour pr\u00e9venir la sarcop\u00e9nie.<\/p>\n","protected":false},"featured_media":25680,"comment_status":"open","ping_status":"closed","template":"","meta":[],"product_cat":[286],"product_tag":[],"class_list":{"0":"post-21863","1":"product","2":"type-product","3":"status-publish","4":"has-post-thumbnail","6":"product_cat-complement-alimentaire","8":"first","9":"instock","10":"shipping-taxable","11":"purchasable","12":"product-type-simple"},"jetpack_sharing_enabled":true,"_links":{"self":[{"href":"https:\/\/para-pharmacity.tn\/index.php?rest_route=\/wp\/v2\/product\/21863","targetHints":{"allow":["GET"]}}],"collection":[{"href":"https:\/\/para-pharmacity.tn\/index.php?rest_route=\/wp\/v2\/product"}],"about":[{"href":"https:\/\/para-pharmacity.tn\/index.php?rest_route=\/wp\/v2\/types\/product"}],"replies":[{"embeddable":true,"href":"https:\/\/para-pharmacity.tn\/index.php?rest_route=%2Fwp%2Fv2%2Fcomments&post=21863"}],"version-history":[{"count":2,"href":"https:\/\/para-pharmacity.tn\/index.php?rest_route=\/wp\/v2\/product\/21863\/revisions"}],"predecessor-version":[{"id":25681,"href":"https:\/\/para-pharmacity.tn\/index.php?rest_route=\/wp\/v2\/product\/21863\/revisions\/25681"}],"wp:featuredmedia":[{"embeddable":true,"href":"https:\/\/para-pharmacity.tn\/index.php?rest_route=\/wp\/v2\/media\/25680"}],"wp:attachment":[{"href":"https:\/\/para-pharmacity.tn\/index.php?rest_route=%2Fwp%2Fv2%2Fmedia&parent=21863"}],"wp:term":[{"taxonomy":"product_cat","embeddable":true,"href":"https:\/\/para-pharmacity.tn\/index.php?rest_route=%2Fwp%2Fv2%2Fproduct_cat&post=21863"},{"taxonomy":"product_tag","embeddable":true,"href":"https:\/\/para-pharmacity.tn\/index.php?rest_route=%2Fwp%2Fv2%2Fproduct_tag&post=21863"}],"curies":[{"name":"wp","href":"https:\/\/api.w.org\/{rel}","templated":true}]}}