{"id":21861,"date":"2024-07-11T10:25:52","date_gmt":"2024-07-11T10:25:52","guid":{"rendered":"https:\/\/para-pharmacity.tn\/?product=xen-gastro-germina-bte-7-gellules"},"modified":"2025-05-05T13:54:39","modified_gmt":"2025-05-05T13:54:39","slug":"xen-gastro-germina-bte-7-gellules","status":"publish","type":"product","link":"https:\/\/para-pharmacity.tn\/?product=xen-gastro-germina-bte-7-gellules","title":{"rendered":"XEN GASTRO GERMINA BTE 7 GELLULES"},"content":{"rendered":"<p>XEN Gastro Germina 7 Gelules<\/p>\n<p>XEN Gastro Germina est indiqu\u00e9 pour :<\/p>\n<ul>\n<li>Am\u00e9liorer l\u2019\u00e9quilibre du microbiote gastro-intestinal<\/li>\n<li>R\u00e9gulariser l\u2019acidit\u00e9 gastrique<\/li>\n<li>Soulager les troubles digestifs aigus<\/li>\n<li>Equilibrer la flore intestinale perturb\u00e9e par une antibioth\u00e9rapie ou tout autre traitement m\u00e9dicamenteux<\/li>\n<\/ul>\n<p>Composition :<\/p>\n<ul>\n<li>Lactobacillus Reuteri 20.109UFC<\/li>\n<li>Extrait de racine de Pissenlit 250 mg<\/li>\n<li>Lithothamne 60 mg<\/li>\n<\/ul>\n<p>Conseils d\u2019utilisation :<\/p>\n<ul>\n<li>1 g\u00e9lule par jour, le matin, \u00e0 prendre de pr\u00e9f\u00e9rence au moment des repas ou selon les recommandations de votre professionnel de sant\u00e9<\/li>\n<li>Cure de 7 \u00e0 15 jours \u00e0 renouveler si n\u00e9cessaire<\/li>\n<li>Espacer la prise de ce produit d\u2019au moins 2h par rapport \u00e0 la prise des antibiotiques<\/li>\n<li>Demander un avis m\u00e9dical avant la prise de ce produit si vous souffez de troubles du foie, d\u2019occlusion ou des calculs des voies biliares.<\/li>\n<li><\/li>\n<li>NE LAISSEZ PAS CE COMPLEMENT ALIMENTAIRE A LA PORTEE DES ENFANTS.<\/li>\n<li>Il est imp\u00e9ratif de respecter strictement la posologie, la dur\u00e9e du traitement et les contre-indications<\/li>\n<li>En cas de surdosage ou de prise par erreur d\u2019une dose trop elev\u00e9e, consultez imm\u00e9diatement votre m\u00e9decin<\/li>\n<li>Conservez ce compl\u00e9ment alimentaire dans un endroit \u00e0 l\u2019abri de l\u2019humidit\u00e9 et \u00e0 une temp\u00e9rature qui ne d\u00e9passe pas 25\u00b0C<\/li>\n<\/ul>\n","protected":false},"excerpt":{"rendered":"<p>XEN Gastro Germina est un compl\u00e9ment alimentaire qui aide \u00e0 r\u00e9guler l\u2019acidit\u00e9 gastrique et \u00e0 soulager les troubles digestifs. Enrichi en probiotiques, Pissenlit et Lithothamne, il r\u00e9\u00e9quilibre la flore intestinale perturb\u00e9e, notamment apr\u00e8s un traitement m\u00e9dicamenteux.<\/p>\n","protected":false},"featured_media":25834,"comment_status":"open","ping_status":"closed","template":"","meta":[],"product_cat":[286],"product_tag":[],"class_list":{"0":"post-21861","1":"product","2":"type-product","3":"status-publish","4":"has-post-thumbnail","6":"product_cat-complement-alimentaire","8":"first","9":"instock","10":"shipping-taxable","11":"purchasable","12":"product-type-simple"},"jetpack_sharing_enabled":true,"_links":{"self":[{"href":"https:\/\/para-pharmacity.tn\/index.php?rest_route=\/wp\/v2\/product\/21861","targetHints":{"allow":["GET"]}}],"collection":[{"href":"https:\/\/para-pharmacity.tn\/index.php?rest_route=\/wp\/v2\/product"}],"about":[{"href":"https:\/\/para-pharmacity.tn\/index.php?rest_route=\/wp\/v2\/types\/product"}],"replies":[{"embeddable":true,"href":"https:\/\/para-pharmacity.tn\/index.php?rest_route=%2Fwp%2Fv2%2Fcomments&post=21861"}],"version-history":[{"count":2,"href":"https:\/\/para-pharmacity.tn\/index.php?rest_route=\/wp\/v2\/product\/21861\/revisions"}],"predecessor-version":[{"id":25833,"href":"https:\/\/para-pharmacity.tn\/index.php?rest_route=\/wp\/v2\/product\/21861\/revisions\/25833"}],"wp:featuredmedia":[{"embeddable":true,"href":"https:\/\/para-pharmacity.tn\/index.php?rest_route=\/wp\/v2\/media\/25834"}],"wp:attachment":[{"href":"https:\/\/para-pharmacity.tn\/index.php?rest_route=%2Fwp%2Fv2%2Fmedia&parent=21861"}],"wp:term":[{"taxonomy":"product_cat","embeddable":true,"href":"https:\/\/para-pharmacity.tn\/index.php?rest_route=%2Fwp%2Fv2%2Fproduct_cat&post=21861"},{"taxonomy":"product_tag","embeddable":true,"href":"https:\/\/para-pharmacity.tn\/index.php?rest_route=%2Fwp%2Fv2%2Fproduct_tag&post=21861"}],"curies":[{"name":"wp","href":"https:\/\/api.w.org\/{rel}","templated":true}]}}