{"id":21859,"date":"2024-07-11T10:25:51","date_gmt":"2024-07-11T10:25:51","guid":{"rendered":"https:\/\/para-pharmacity.tn\/?product=xen-adolor-fort-30-cpt"},"modified":"2025-05-06T16:51:48","modified_gmt":"2025-05-06T16:51:48","slug":"xen-adolor-fort-30-cpt","status":"publish","type":"product","link":"https:\/\/para-pharmacity.tn\/?product=xen-adolor-fort-30-cpt","title":{"rendered":"XEN ADOLOR FORT 30 CPT"},"content":{"rendered":"<p><strong>ADOLOR FORT 30 GELULES<\/strong><\/p>\n<p>ADOLOR FORT est\u00a0destin\u00e9 \u00e0 soulager les douleurs articulaires, musculaires et tendineuses.<\/p>\n<p><span style=\"color: #000000\"><u><strong>Conseils d&rsquo;utilisation :<\/strong><\/u><\/span><\/p>\n<ul>\n<li>Il est conseill\u00e9 de prendre 1 g\u00e9lule 2 fois par jour.<\/li>\n<li>Il est contre indiqu\u00e9 de prendre ADOLOR FORT g\u00e9lule en cas de grossesse ou d\u2019allaitement.<\/li>\n<\/ul>\n","protected":false},"excerpt":{"rendered":"<p>Xen ADOLOR Fort est un compl\u00e9ment alimentaire \u00e0 base d&rsquo;Harpagophytum, connu pour ses propri\u00e9t\u00e9s anti-inflammatoires et analg\u00e9siques. Id\u00e9al pour soulager les douleurs articulaires, musculaires et tendineuses, il est particuli\u00e8rement recommand\u00e9 pour les personnes \u00e2g\u00e9es ou sous traitements m\u00e9dicamenteux prolong\u00e9s.<\/p>\n","protected":false},"featured_media":25903,"comment_status":"open","ping_status":"closed","template":"","meta":[],"product_cat":[286],"product_tag":[],"class_list":{"0":"post-21859","1":"product","2":"type-product","3":"status-publish","4":"has-post-thumbnail","6":"product_cat-complement-alimentaire","8":"first","9":"instock","10":"shipping-taxable","11":"purchasable","12":"product-type-simple"},"jetpack_sharing_enabled":true,"_links":{"self":[{"href":"https:\/\/para-pharmacity.tn\/index.php?rest_route=\/wp\/v2\/product\/21859","targetHints":{"allow":["GET"]}}],"collection":[{"href":"https:\/\/para-pharmacity.tn\/index.php?rest_route=\/wp\/v2\/product"}],"about":[{"href":"https:\/\/para-pharmacity.tn\/index.php?rest_route=\/wp\/v2\/types\/product"}],"replies":[{"embeddable":true,"href":"https:\/\/para-pharmacity.tn\/index.php?rest_route=%2Fwp%2Fv2%2Fcomments&post=21859"}],"version-history":[{"count":2,"href":"https:\/\/para-pharmacity.tn\/index.php?rest_route=\/wp\/v2\/product\/21859\/revisions"}],"predecessor-version":[{"id":25904,"href":"https:\/\/para-pharmacity.tn\/index.php?rest_route=\/wp\/v2\/product\/21859\/revisions\/25904"}],"wp:featuredmedia":[{"embeddable":true,"href":"https:\/\/para-pharmacity.tn\/index.php?rest_route=\/wp\/v2\/media\/25903"}],"wp:attachment":[{"href":"https:\/\/para-pharmacity.tn\/index.php?rest_route=%2Fwp%2Fv2%2Fmedia&parent=21859"}],"wp:term":[{"taxonomy":"product_cat","embeddable":true,"href":"https:\/\/para-pharmacity.tn\/index.php?rest_route=%2Fwp%2Fv2%2Fproduct_cat&post=21859"},{"taxonomy":"product_tag","embeddable":true,"href":"https:\/\/para-pharmacity.tn\/index.php?rest_route=%2Fwp%2Fv2%2Fproduct_tag&post=21859"}],"curies":[{"name":"wp","href":"https:\/\/api.w.org\/{rel}","templated":true}]}}