{"id":21854,"date":"2024-07-11T10:25:49","date_gmt":"2024-07-11T10:25:49","guid":{"rendered":"https:\/\/para-pharmacity.tn\/?product=vital-arthroforce-b-60-gelules"},"modified":"2025-05-23T11:27:59","modified_gmt":"2025-05-23T11:27:59","slug":"vital-arthroforce-b-60-gelules","status":"publish","type":"product","link":"https:\/\/para-pharmacity.tn\/?product=vital-arthroforce-b-60-gelules","title":{"rendered":"VITAL ARTHROFORCE B\/60 GELULES"},"content":{"rendered":"<p>L&rsquo;arthrose est une maladie articulaire d\u00e9g\u00e9n\u00e9rative qui touche de nombreuses personnes \u00e0 partir d&rsquo;un certain \u00e2ge. Pour soulager les douleurs articulaires et favoriser la mobilit\u00e9, les g\u00e9lules Arthroforce Vital sont une solution efficace et naturelle. Compos\u00e9es d&rsquo;extrait de curcuma, de silicium et de collag\u00e8ne, ces g\u00e9lules sont sp\u00e9cialement formul\u00e9es pour aider \u00e0 maintenir la souplesse et la flexibilit\u00e9 des articulations. Gr\u00e2ce \u00e0 leur action anti-inflammatoire et leur capacit\u00e9 \u00e0 r\u00e9g\u00e9n\u00e9rer le cartilage, les g\u00e9lules Arthroforce Vital sont recommand\u00e9es pour les personnes souffrant de douleurs articulaires chroniques ou li\u00e9es \u00e0 l&rsquo;usure du temps. Prenez soin de vos articulations et retrouvez une meilleure qualit\u00e9 de vie gr\u00e2ce \u00e0 Arthroforce Vital.<br \/>\n&#8211; Extrait de racine d&rsquo;Harpagophytum<br \/>\n&#8211; Extrait de boswellia serrata<br \/>\n&#8211; Extrait de curcuma<br \/>\n&#8211; Extrait de poivre noir<br \/>\n&#8211; Extrait de gingembre<br \/>\n&#8211; Extrait de reine des pr\u00e9s<br \/>\n&#8211; Glucosamine sulfate<br \/>\n&#8211; Chondro\u00eftine sulfate<br \/>\n&#8211; Collag\u00e8ne marin<br \/>\n&#8211; Vitamine C<br \/>\n&#8211; S\u00e9l\u00e9nium<br \/>\n&#8211; Zinc<br \/>\nConseils d&rsquo;utilisation:<\/p>\n<p>Prenez 2 g\u00e9lules par jour avec un grand verre d&rsquo;eau de pr\u00e9f\u00e9rence au cours d&rsquo;un repas. Il est recommand\u00e9 de suivre ce traitement pendant au moins 3 mois pour en ressentir pleinement les bienfaits sur vos articulations.<\/p>\n<p>Ce compl\u00e9ment alimentaire ne doit pas se substituer \u00e0 une alimentation vari\u00e9e et \u00e9quilibr\u00e9e ainsi qu&rsquo;\u00e0 un mode de vie sain. Ne pas d\u00e9passer la dose quotidienne recommand\u00e9e. Tenir hors de port\u00e9e des enfants. En cas de doute, demandez l&rsquo;avis de votre m\u00e9decin ou pharmacien.<\/p>\n<p>Ce produit est d\u00e9conseill\u00e9 aux femmes enceintes ou allaitantes, ainsi qu&rsquo;aux personnes souffrant de troubles de la coagulation. En cas de r\u00e9action allergique, arr\u00eatez imm\u00e9diatement la prise du compl\u00e9ment alimentaire.<\/p>\n<p>Pour une conservation optimale, veillez \u00e0 conserver le produit dans un endroit frais et sec, \u00e0 l&rsquo;abri de la lumi\u00e8re.<\/p>\n","protected":false},"excerpt":{"rendered":"<p>Douleurs articulaires, arthrose, Arthrite, Tendinite<\/p>\n","protected":false},"featured_media":26333,"comment_status":"open","ping_status":"closed","template":"","meta":[],"product_cat":[20],"product_tag":[],"class_list":{"0":"post-21854","1":"product","2":"type-product","3":"status-publish","4":"has-post-thumbnail","6":"product_cat-accessories","8":"first","9":"instock","10":"shipping-taxable","11":"purchasable","12":"product-type-simple"},"jetpack_sharing_enabled":true,"_links":{"self":[{"href":"https:\/\/para-pharmacity.tn\/index.php?rest_route=\/wp\/v2\/product\/21854","targetHints":{"allow":["GET"]}}],"collection":[{"href":"https:\/\/para-pharmacity.tn\/index.php?rest_route=\/wp\/v2\/product"}],"about":[{"href":"https:\/\/para-pharmacity.tn\/index.php?rest_route=\/wp\/v2\/types\/product"}],"replies":[{"embeddable":true,"href":"https:\/\/para-pharmacity.tn\/index.php?rest_route=%2Fwp%2Fv2%2Fcomments&post=21854"}],"version-history":[{"count":2,"href":"https:\/\/para-pharmacity.tn\/index.php?rest_route=\/wp\/v2\/product\/21854\/revisions"}],"predecessor-version":[{"id":26334,"href":"https:\/\/para-pharmacity.tn\/index.php?rest_route=\/wp\/v2\/product\/21854\/revisions\/26334"}],"wp:featuredmedia":[{"embeddable":true,"href":"https:\/\/para-pharmacity.tn\/index.php?rest_route=\/wp\/v2\/media\/26333"}],"wp:attachment":[{"href":"https:\/\/para-pharmacity.tn\/index.php?rest_route=%2Fwp%2Fv2%2Fmedia&parent=21854"}],"wp:term":[{"taxonomy":"product_cat","embeddable":true,"href":"https:\/\/para-pharmacity.tn\/index.php?rest_route=%2Fwp%2Fv2%2Fproduct_cat&post=21854"},{"taxonomy":"product_tag","embeddable":true,"href":"https:\/\/para-pharmacity.tn\/index.php?rest_route=%2Fwp%2Fv2%2Fproduct_tag&post=21854"}],"curies":[{"name":"wp","href":"https:\/\/api.w.org\/{rel}","templated":true}]}}