{"id":21853,"date":"2024-07-11T10:25:49","date_gmt":"2024-07-11T10:25:49","guid":{"rendered":"https:\/\/para-pharmacity.tn\/?product=urinoire-mixte"},"modified":"2025-05-30T15:43:56","modified_gmt":"2025-05-30T15:43:56","slug":"urinoire-mixte","status":"publish","type":"product","link":"https:\/\/para-pharmacity.tn\/?product=urinoire-mixte","title":{"rendered":"URINOIRE MIXTE"},"content":{"rendered":"<p>&#8211; Urinoir unisexe avec adaptateur fourni<\/p>\n<p>&#8211; Id\u00e9al lors des d\u00e9placements et pour les personnes confin\u00e9es au lit<\/p>\n<p>&#8211; Couvercle anti-renversement<\/p>\n<p>&#8211; L\u00e9g\u00e8re et portable<\/p>\n<p>&#8211; Capacit\u00e9 800 ml<\/p>\n","protected":false},"excerpt":{"rendered":"<p>Urinoir unisexe l\u00e9ger et portable de 800\u202fml avec adaptateur et couvercle anti-renversement, id\u00e9al en d\u00e9placement ou au lit.<\/p>\n","protected":false},"featured_media":26482,"comment_status":"open","ping_status":"closed","template":"","meta":[],"product_cat":[384],"product_tag":[],"class_list":{"0":"post-21853","1":"product","2":"type-product","3":"status-publish","4":"has-post-thumbnail","6":"product_cat-alitement","8":"first","9":"instock","10":"shipping-taxable","11":"purchasable","12":"product-type-simple"},"jetpack_sharing_enabled":true,"_links":{"self":[{"href":"https:\/\/para-pharmacity.tn\/index.php?rest_route=\/wp\/v2\/product\/21853","targetHints":{"allow":["GET"]}}],"collection":[{"href":"https:\/\/para-pharmacity.tn\/index.php?rest_route=\/wp\/v2\/product"}],"about":[{"href":"https:\/\/para-pharmacity.tn\/index.php?rest_route=\/wp\/v2\/types\/product"}],"replies":[{"embeddable":true,"href":"https:\/\/para-pharmacity.tn\/index.php?rest_route=%2Fwp%2Fv2%2Fcomments&post=21853"}],"version-history":[{"count":2,"href":"https:\/\/para-pharmacity.tn\/index.php?rest_route=\/wp\/v2\/product\/21853\/revisions"}],"predecessor-version":[{"id":26483,"href":"https:\/\/para-pharmacity.tn\/index.php?rest_route=\/wp\/v2\/product\/21853\/revisions\/26483"}],"wp:featuredmedia":[{"embeddable":true,"href":"https:\/\/para-pharmacity.tn\/index.php?rest_route=\/wp\/v2\/media\/26482"}],"wp:attachment":[{"href":"https:\/\/para-pharmacity.tn\/index.php?rest_route=%2Fwp%2Fv2%2Fmedia&parent=21853"}],"wp:term":[{"taxonomy":"product_cat","embeddable":true,"href":"https:\/\/para-pharmacity.tn\/index.php?rest_route=%2Fwp%2Fv2%2Fproduct_cat&post=21853"},{"taxonomy":"product_tag","embeddable":true,"href":"https:\/\/para-pharmacity.tn\/index.php?rest_route=%2Fwp%2Fv2%2Fproduct_tag&post=21853"}],"curies":[{"name":"wp","href":"https:\/\/api.w.org\/{rel}","templated":true}]}}