{"id":21851,"date":"2024-07-11T10:25:48","date_gmt":"2024-07-11T10:25:48","guid":{"rendered":"https:\/\/para-pharmacity.tn\/?product=therapia-slimmer3"},"modified":"2025-06-13T09:53:57","modified_gmt":"2025-06-13T09:53:57","slug":"therapia-slimmer3","status":"publish","type":"product","link":"https:\/\/para-pharmacity.tn\/?product=therapia-slimmer3","title":{"rendered":"THERAPIA SLIMMER3"},"content":{"rendered":"<p><strong>THERAPIA SLIMMER3\u00a0<\/strong><\/p>\n<p>THERAPIA SLIMMER3\u00a0 :<\/p>\n<ul>\n<li>Il permet de capter les sucres et les graisses des aliments.<\/li>\n<li>Il acc\u00e9l\u00e9re\u00a0la combustion des lipides et la thermogen\u00e8se.<\/li>\n<li>Il permet d&rsquo;\u00e9liminer l\u2019exc\u00e8s d\u2019eau dans l\u2019organisme.<\/li>\n<\/ul>\n<p>&nbsp;<\/p>\n<p><u><strong>PROPRI\u00c9T\u00c9S ET MODE D\u2019ACTION:<\/strong><\/u><\/p>\n<p><u>Br\u00fbleur\u00a0\u00a0: Th\u00e9 vert<\/u><br \/>\nSes cat\u00e9chines acc\u00e9l\u00e9rent\u00a0la thermogen\u00e8se et\u00a0am\u00e9liorent la fonction insulinique tout en\u00a0r\u00e9duisant l\u2019ob\u00e9sit\u00e9 intra-abdominale \u00a0et en augmentant la combustion des lipides.Il\u00a0participe \u00e9galement\u00a0\u00e0 la r\u00e9gulation du poids.<br \/>\n<u>Guarana :<\/u>\u00a05 fois plus de caf\u00e9ine que dans le caf\u00e9 : Ce qui permet d&rsquo;augmenter la diur\u00e8se.<br \/>\nIl inhibe la phosphodiest\u00e9rase : augmentation du taux d\u2019AMP cyclique, ce qui \u00a0permet d&rsquo;entra\u00eener la lib\u00e9ration de glucose, d\u2019acides gras libres et de lactate par augmentation de glycolyse et lipolyse.<br \/>\n<u>Capteur\u00a0: Nopal<\/u><br \/>\nIl est riche en mucilages qui retiennent l\u2019eau :\u00a0hydrocollo\u00efdes, pectines &amp; monosaccharides qui visent \u00e0\u00a0diminuer\u00a0l\u2019absorption des graisses au niveau intestinal.<br \/>\n<u>Draineur : Queue de cerise (P\u00e9doncule fructif\u00e8re)<\/u><br \/>\nAugmentation\u00a0du volume aqueux urinaire gr\u00e2ce aux sels de potassium, polyph\u00e9nols (surtout \ufb02avono\u00efdes), mucilages et\u00a0acides-alcools.<\/p>\n<p>&nbsp;<\/p>\n<p><b><u>COMPOSITION:<\/u><\/b><\/p>\n<p>Guarana, nopal, queue de cerise, th\u00e9 vert.<\/p>\n<p>CONSEILS D\u2019UTILISATION:<\/p>\n<ul>\n<li>1 g\u00e9lule * 3 par jour, \u00e0 prendre avec un grand verre d\u2019eau au moment des repas.<\/li>\n<li>SLIMMER3 ne pr\u00e9sente aucune contre-indication.<\/li>\n<\/ul>\n","protected":false},"excerpt":{"rendered":"<p>Capte les sucres et les graisses des aliments. \u2022 Augmente la combustion des lipides et la thermogen\u00e8se. \u2022 Eliminer l\u2019exc\u00e8s d\u2019eau dans l\u2019organisme.<\/p>\n","protected":false},"featured_media":26754,"comment_status":"open","ping_status":"closed","template":"","meta":[],"product_cat":[204,217],"product_tag":[],"class_list":{"0":"post-21851","1":"product","2":"type-product","3":"status-publish","4":"has-post-thumbnail","6":"product_cat-complement","7":"product_cat-vitamines","9":"first","10":"instock","11":"shipping-taxable","12":"purchasable","13":"product-type-simple"},"jetpack_sharing_enabled":true,"_links":{"self":[{"href":"https:\/\/para-pharmacity.tn\/index.php?rest_route=\/wp\/v2\/product\/21851","targetHints":{"allow":["GET"]}}],"collection":[{"href":"https:\/\/para-pharmacity.tn\/index.php?rest_route=\/wp\/v2\/product"}],"about":[{"href":"https:\/\/para-pharmacity.tn\/index.php?rest_route=\/wp\/v2\/types\/product"}],"replies":[{"embeddable":true,"href":"https:\/\/para-pharmacity.tn\/index.php?rest_route=%2Fwp%2Fv2%2Fcomments&post=21851"}],"version-history":[{"count":2,"href":"https:\/\/para-pharmacity.tn\/index.php?rest_route=\/wp\/v2\/product\/21851\/revisions"}],"predecessor-version":[{"id":26753,"href":"https:\/\/para-pharmacity.tn\/index.php?rest_route=\/wp\/v2\/product\/21851\/revisions\/26753"}],"wp:featuredmedia":[{"embeddable":true,"href":"https:\/\/para-pharmacity.tn\/index.php?rest_route=\/wp\/v2\/media\/26754"}],"wp:attachment":[{"href":"https:\/\/para-pharmacity.tn\/index.php?rest_route=%2Fwp%2Fv2%2Fmedia&parent=21851"}],"wp:term":[{"taxonomy":"product_cat","embeddable":true,"href":"https:\/\/para-pharmacity.tn\/index.php?rest_route=%2Fwp%2Fv2%2Fproduct_cat&post=21851"},{"taxonomy":"product_tag","embeddable":true,"href":"https:\/\/para-pharmacity.tn\/index.php?rest_route=%2Fwp%2Fv2%2Fproduct_tag&post=21851"}],"curies":[{"name":"wp","href":"https:\/\/api.w.org\/{rel}","templated":true}]}}